{"id":37172,"date":"2019-01-29T14:25:50","date_gmt":"2019-01-29T14:25:50","guid":{"rendered":"https:\/\/www.eurotin.si\/?page_id=37172"},"modified":"2021-11-23T13:45:40","modified_gmt":"2021-11-23T12:45:40","slug":"avviso-legale-e-privacy","status":"publish","type":"page","link":"https:\/\/eurotin.si\/it\/avviso-legale-e-privacy\/","title":{"rendered":"Avviso legale e privacy"},"content":{"rendered":"<p>Ai fini del presente avviso legale, il sito web \u00e8 un termine che copre tutti i siti web all&#8217;indirizzo web www.eurotin.si (di seguito: il sito web). Il titolare del copyright di tutte le opere protette da copyright che sono in qualsiasi modo incluse nel sito Web \u00e8 Eurotin, vendita al dettaglio per corrispondenza o Internet, d.o.o. (di seguito: Eurotin). L&#8217;utente pu\u00f2 utilizzare i contenuti del sito Web esclusivamente per il suo uso personale, ovvero non commerciale. \u00c8 vietata qualsiasi altra forma di utilizzo del contenuto del sito web (come la copia, la riproduzione, la distribuzione, ecc.) per scopi commerciali.<\/p>\n<h2>LIMITAZIONE DELL&#8217;USO DI INFORMAZIONI E MATERIALI<\/h2>\n<p>Le informazioni e i materiali visualizzati su questo sito Web possono essere scaricati dal server dall&#8217;utente per il suo uso personale e domestico, senza modifiche agli avvisi di copyright, altri avvisi sui diritti di propriet\u00e0 intellettuale o altri avvisi sui diritti. \u00c8 consentito caricare e stampare informazioni e materiali per la visualizzazione e la lettura per scopi non commerciali. Qualsiasi altra copia, distribuzione, ripubblicazione, modifica di informazioni e materiali su <a href=\"https:\/\/www.eurotin.si\/it\/\"> www.eurotin.si<\/a> o la loro spedizione e distribuzione a qualsiasi altro senza previa autorizzazione scritta \u00e8 vietata. \u00c8 inoltre vietato utilizzare qualsiasi elemento di <a href=\"https:\/\/www.eurotin.si\/it\/\"> www.eurotin.si<\/a> per scopi diversi dall&#8217;uso esclusivamente personale, non commerciale e domestico. Eurotin non \u00e8 responsabile per la forma e il contenuto dei siti Web che sono in qualsiasi modo collegati al sito Web <a href=\"https:\/\/www.eurotin.si\/it\/\"> www.eurotin.si<\/a>. Durante la visita e l&#8217;utilizzo dei siti collegati, la responsabilit\u00e0 di Eurotin \u00e8 esclusa in ogni caso.<\/p>\n<h2>LIMITAZIONE DI RESPONSABILITA&#8217;<\/h2>\n<p>Eurotin si impegner\u00e0 a mantenere le informazioni sul sito web corrette e aggiornate, ma n\u00e9 Eurotin n\u00e9 qualsiasi altra persona fisica o giuridica che ha partecipato alla creazione del sito Web o \u00e8 ancora coinvolta negli aggiornamenti del sito Web pu\u00f2 essere ritenuta responsabile dei danni ordinari o del mancato guadagno. o danni non patrimoniali che possono derivare dall&#8217;utilizzo del sito web da parte dell&#8217;utente o dall&#8217;impossibilit\u00e0 di utilizzarlo. Eurotin si adoperer\u00e0 per garantire il corretto funzionamento del sito web, ma non potr\u00e0 essere ritenuta responsabile per danni ordinari o lucro cessante o danni non patrimoniali che dovessero derivare dal malfunzionamento del sito web da parte dell&#8217;utente. Eurotin pu\u00f2 modificare il sito Web in qualsiasi momento senza preavviso.<\/p>\n<h2>PROTEZIONE DEI DATI PERSONALI<\/h2>\n<p>Siamo consapevoli dell&#8217;importanza della protezione dei dati personali, principalmente perch\u00e9 la utilizziamo per fornire servizi e informazioni pi\u00f9 pertinenti ai nostri visitatori. Il regolamento GDPR, adottato dall&#8217;Unione Europea, impone standard elevati che stabiliscono come i tuoi dati vengono raccolti, archiviati, ti consentono di visualizzarli e richiederne la cancellazione e molto altro ancora. In conformit\u00e0 con la legge e la nostra consapevolezza dell&#8217;importanza di quest&#8217;area, abbiamo preparato spiegazioni sulla sicurezza dei tuoi dati e sui diritti che hai come proprietario dei dati. Ti preghiamo pertanto di leggere attentamente questa spiegazione prima di prestare il tuo consenso alla raccolta o al trattamento dei tuoi dati personali.<\/p>\n<h2>COSA SONO I DATI PERSONALI<\/h2>\n<p>I dati personali sono tutti i dati relativi a una determinata persona fisica, cio\u00e8 un individuo, secondo la forma in cui sono espressi. Si tratta di informazioni che possono essere utilizzate per identificarti: nome, cognome, indirizzo e-mail, ecc.<\/p>\n<p>Il titolare del trattamento dei dati personali sul sito web Eurotin.si \u00e8 la societ\u00e0 Eurotin, trgovina na drobno po po\u0161ti ali po internetu, d.o.o., Ko\u0161tabona 5, 6274 \u0160marje, Slovenia.<\/p>\n<h2>DOVE CONSERVIAMO I TUOI DATI PERSONALI E PER QUANTO TEMPO<\/h2>\n<p>I dati personali che ci fornisci digitalmente sono archiviati su server noleggiati a tale scopo dal provider di hosting, ma possono anche essere archiviati dalle societ\u00e0 di cui utilizziamo gli strumenti. Ad esempio, un provider di strumenti di comunicazione e-mail memorizza le informazioni sull&#8217;indirizzo. Conserviamo i dati personali raccolti fino al momento in cui ci informi che non sei pi\u00f9 d&#8217;accordo con la memorizzazione e il trattamento dei dati personali o. al massimo per il tempo necessario al conseguimento delle finalit\u00e0 per le quali sono trattati o per adempiere ad obblighi di legge.<\/p>\n<h2>RACCOLTA, TRATTAMENTO E UTILIZZO DEI DATI PERSONALI<\/h2>\n<p>Raccogliamo, gestiamo ed elaboriamo i tuoi dati personali solo per le finalit\u00e0 previste dalla legge o sulla base del tuo esplicito consenso. Le informazioni raccolte con il consenso sono principalmente destinate a comunicare con te e migliorare i servizi. Ci impegniamo a non prestare o vendere i tuoi dati personali a terzi senza preavviso e previo tuo espresso consenso scritto.<\/p>\n<h2>REVOCA DEL CONSENSO AL TRATTAMENTO DEI DATI PERSONALI<\/h2>\n<p>Hai il diritto di revocare in qualsiasi momento il consenso prestato al trattamento dei dati personali. Puoi revocare il diritto per uno scopo individuale o per tutti gli scopi di trattamento dei dati personali con cui hai acconsentito.<\/p>\n<p>Inviare una dichiarazione scritta per la revoca del consenso al trattamento dei dati personali al seguente indirizzo: Eurotin, trgovina na drobno po po\u0161ti ali po internetu, doo, Ko\u0161tabona 5, 6274 \u0160marje, Slovenia o al seguente indirizzo e-mail: <a href=\"mailto: info@eurotin.si\"> info@eurotin.si<\/a> In caso di revoca del consenso alla raccolta o al trattamento dei dati personali, tutti i dati personali raccolti ai quali si applicher\u00e0 la richiesta di cancellazione saranno cancellati o esclusi dal trattamento automatico.<\/p>\n<p>La revoca del consenso al trattamento dei dati personali non pregiudica la liceit\u00e0 del trattamento dei dati personali che La riguardano fino alla Sua revoca e l&#8217;utilizzo di tali dati personali per finalit\u00e0 di legge.<\/p>\n<h2>I TUOI DIRITTI NEL CAMPO DELLA PROTEZIONE DEI DATI PERSONALI<\/h2>\n<p><strong> <em> Diritto di cancellare\/dimenticare<br \/>\n<\/em> <\/strong> In qualsiasi momento, hai il diritto di richiedere che il responsabile del trattamento corregga o integri informazioni personali inesatte o incomplete su di te.<br \/>\nPuoi in qualsiasi momento richiedere l&#8217;accesso ai dati raccolti dal titolare del trattamento su di te o l&#8217;immediata cancellazione dei tuoi dati personali.<br \/>\nIn caso di correzione, aggiunta o cancellazione dei dati personali, dobbiamo informarvi senza indugio della correzione, aggiunta o cancellazione.<\/p>\n<p><strong> <em> Il diritto di limitare il trattamento dei dati personali<br \/>\n<\/em> <\/strong> In qualsiasi momento, hai il diritto di richiedere che limitiamo il trattamento dei tuoi dati personali in caso di inesattezza, illegalit\u00e0, cessazione dello scopo del trattamento o opposizione.<\/p>\n<p><strong> <em> Il diritto di trasferire i tuoi dati<br \/>\n<\/em> <\/strong> In qualsiasi momento, hai il diritto di richiederci di fornirti le informazioni personali che elaboriamo su di te.<br \/>\nIn qualsiasi momento, hai il diritto di richiedere che i dati personali che elaboriamo in relazione a te siano trasmessi a un altro titolare.<\/p>\n<p><strong> <em> Diritto di contrattare<br \/>\n<\/em> <\/strong> Qualsiasi utilizzo delle tue informazioni personali per scopi informativi o promozionali richiede il tuo esplicito consenso. Nel caso in cui ricevessi contenuti informativi o promozionali commerciali con il tuo consenso, potrai in qualsiasi momento richiedere per iscritto di non utilizzare pi\u00f9 i tuoi dati per tale finalit\u00e0.<\/p>\n<p><strong> <em> Il diritto di accedere alle informazioni personali su di te<br \/>\n<\/em> <\/strong> Ogni volta che hai il diritto di ricevere la conferma che sia in corso un trattamento di dati personali che ti riguardano e l&#8217;accesso ai dati personali che ti riguardano e alle seguenti informazioni: finalit\u00e0 del trattamento dei dati, tipologia di dati personali che ti riguardano, utenti dati personali, il periodo di conservazione previsto dei dati personali, l&#8217;origine dei dati personali.<\/p>\n<h2>RISCHI DI PROTEZIONE DEI DATI PERSONALI<\/h2>\n<p>In caso di minaccia alla protezione dei dati personali, informeremo l&#8217;autorit\u00e0 competente senza indebito ritardo, ma non oltre 72 ore dopo aver appreso della minaccia alla protezione dei dati personali.<\/p>\n<p>Informazioni importanti sul trattamento dei dati personali<br \/>\nCi impegniamo a trattare tutti i dati raccolti solo nell&#8217;ambito delle finalit\u00e0 di gestione elencate o. trattamento dei dati personali e ai sensi della legge sulla protezione dei dati personali e di altra normativa di settore pertinente nonch\u00e9 in conformit\u00e0 al Regolamento (UE) 2016\/679 relativo alla protezione delle persone fisiche con riguardo al trattamento dei dati personali (GDPR).<\/p>\n<h3>Informazioni importanti sul trattamento dei tuoi dati personali<\/h3>\n<p>Ci impegniamo a trattare tutti i dati raccolti solo nell&#8217;ambito delle finalit\u00e0 di gestione elencate o. trattamento dei dati personali e ai sensi della legge sulla protezione dei dati personali e di altra normativa di settore pertinente nonch\u00e9 in conformit\u00e0 al Regolamento (UE) 2016\/679 relativo alla protezione delle persone fisiche con riguardo al trattamento dei dati personali (GDPR).<\/p>\n<h2><strong> QUALI COOKIE UTILIZZA QUESTO SITO WEB <\/strong>?<\/h2>\n<h3>1. Biscotti essenziali<\/h3>\n<p>I cookie essenziali devono essere abilitati in ogni momento in modo che possiamo salvare le impostazioni dei cookie.<\/p>\n<div class=\"table-responsive\">\n<table class=\"table\" width=\"610\">\n<tbody>\n<tr>\n<td>Nome<\/td>\n<td>Fornitore<\/td>\n<td>Utilizzo<\/td>\n<td>Durata<\/td>\n<\/tr>\n<tr>\n<td>nascondiAvvisoCovid<\/td>\n<td><a href=\"https:\/\/www.eurotin.si\/it\/\"> www.eurotin.si <\/a><\/td>\n<td>Salva l&#8217;impostazione di visualizzazione del banner covid.<\/td>\n<td>Avanzamento sessione<\/td>\n<\/tr>\n<tr>\n<td>wp-wpml_current_language<\/td>\n<td><a href=\"https:\/\/www.eurotin.si\/it\/\"> www.eurotin.si <\/a><\/td>\n<td>Salva la selezione della lingua<\/td>\n<td>24 ore<\/td>\n<\/tr>\n<tr>\n<td>moove_gdpr_popup<\/td>\n<td><a href=\"https:\/\/www.eurotin.si\/it\/\"> www.eurotin.si <\/a><\/td>\n<td><\/td>\n<td>1 anno<\/td>\n<\/tr>\n<\/tbody>\n<\/table>\n<\/div>\n<h3>2. Google<\/h3>\n<p>Google utilizza i cookie per memorizzare le impostazioni utente pi\u00f9 diffuse, le selezioni della versione della lingua, no. visualizza risultati e valori, visualizza informazioni su Google Maps e molte altre funzionalit\u00e0 e servizi di questo gigante online.<\/p>\n<p><a href=\"https:\/\/policies.google.com\/technologies\/cookies?hl=en\" target=\"_blank\" rel=\"noopener\">&gt;&gt; Altro<\/a><\/p>\n<h3>3. Google Analytics<\/h3>\n<p>Google Analytics \u00e8 un servizio di analisi web. Ci fornisce informazioni sul comportamento degli utenti sul nostro sito Web e quindi ci aiuta a creare una migliore esperienza utente, visualizzare contenuti pertinenti e altro ancora. Non possiamo identificarti personalmente durante la lettura di queste informazioni.<\/p>\n<p>La durata di questi cookie \u00e8 fino a 2 anni.<\/p>\n<p><strong> Esempio di cookie utilizzati: <\/strong><\/p>\n<div class=\"table-responsive\">\n<table class=\"table\" width=\"610\">\n<tbody>\n<tr>\n<td>Nome<\/td>\n<td>Fornitore<\/td>\n<td>Utilizzo<\/td>\n<td>Durata<\/td>\n<\/tr>\n<tr>\n<td>_gat_UA-2764728-49<\/td>\n<td>Google Analytics<\/td>\n<td>Un cookie viene utilizzato per limitare il numero di richieste. Se Google Analytics viene aggiunto tramite Google Tag Manager, questo cookie si chiama &#8220;_dc_gtm_&#8221;.<\/td>\n<td>1 minuto<\/td>\n<\/tr>\n<tr>\n<td>_ga<\/td>\n<td>Google Analytics<\/td>\n<td>Identificazione utente.<\/td>\n<td>2 anni<\/td>\n<\/tr>\n<tr>\n<td>_gid<\/td>\n<td>Google Analytics<\/td>\n<td>Identificazione utente.<\/td>\n<td>24 ore<\/td>\n<\/tr>\n<tr>\n<td>_gac_<\/td>\n<td>Google Analytics<\/td>\n<td>Contiene i dati della campagna per utente.<\/td>\n<td>90 giorni<\/td>\n<\/tr>\n<\/tbody>\n<\/table>\n<\/div>\n<p><a href=\"https:\/\/developers.google.com\/analytics\/devguides\/collection\/gajs\/cookie-usage?hl=en\" target=\"_blank\" rel=\"noopener\">&gt;&gt; Altro <\/a><\/p>\n<h3>4. YouTube<\/h3>\n<p>Utilizziamo YouTube per riprodurre video e i cookie vengono utilizzati per registrare i dati di visualizzazione, memorizzare le impostazioni utente pi\u00f9 comuni, visualizzare video pertinenti e altro ancora.<\/p>\n<p>La durata di questi cookie \u00e8 fino a 10 anni.<\/p>\n<div class=\"table-responsive\">\n<table class=\"table\" width=\"610\">\n<tbody>\n<tr>\n<td>Nome<\/td>\n<td>Fornitore<\/td>\n<td>Utilizzo<\/td>\n<td>Durata<\/td>\n<\/tr>\n<tr>\n<td>PREF<\/td>\n<td>Youtube<\/td>\n<td>Cookie per salvare le impostazioni.<\/td>\n<td>10 anni<\/td>\n<\/tr>\n<tr>\n<td>VISITOR_INFO1_LIVE<\/td>\n<td>Youtube<\/td>\n<td>Un cookie utilizzato da Youtube per misurare la tua connessione Internet.<\/td>\n<td>8 mesi<\/td>\n<\/tr>\n<tr>\n<td>YSC<\/td>\n<td>Youtube<\/td>\n<td>Il cookie imposta Youtube in modalit\u00e0 &#8220;video incorporato&#8221;.<\/td>\n<td>Avanzamento sessione<\/td>\n<\/tr>\n<\/tbody>\n<\/table>\n<\/div>\n<h2>COME PUOI GESTIRE O ELIMINARE I COOKIE?<\/h2>\n<p>Non utilizzeremo i cookie per raccogliere le tue informazioni di identificazione personale, ma puoi anche modificare le impostazioni per l&#8217;uso dei cookie nel browser del tuo computer o dispositivo mobile.<\/p>\n<p>La maggior parte dei browser moderni ti consente di accettare o rifiutare tutti i cookie, accettare o rifiutare solo alcuni tipi di cookie o impostare un avviso che il sito desidera memorizzare un cookie sul tuo dispositivo. Puoi anche eliminare i cookie che il browser ha gi\u00e0 memorizzato sul tuo dispositivo.<\/p>\n<p>Si prega di notare che se i cookie vengono disattivati, non tutte le funzionalit\u00e0 del sito Web potrebbero funzionare allo stesso modo, ad ogni visita verr\u00e0 visualizzato un avviso sull&#8217;uso dei cookie e ci\u00f2 a lungo termine influir\u00e0 negativamente sulla tua esperienza di utente.<\/p>\n<p>Il processo di modifica delle impostazioni dei cookie differisce in ciascun browser. Puoi trovare informazioni utilizzando la funzione Guida visitando <a href=\"http:\/\/www.aboutcookies.org\/\" target=\"_blank\" rel=\"noopener\"> www.aboutcookies.org<\/a>\u00a0che spiega chiaramente il processo in tutti i browser moderni, oppure contattaci tramite <a href=\"mailto:info@eurotin.si\"> e-mail<\/a>.<\/p>\n<p>I cookie di Google Analytics possono anche essere disabilitati utilizzando le istruzioni disponibili su <a href=\"https:\/\/tools.google.com\/dlpage\/gaoptout?hl=en\" target=\"_blank\" rel=\"noopener\"> Google Analytics<\/a>.<\/p>\n<p>Ulteriori informazioni sui cookie sono disponibili anche nelle <a href=\"https:\/\/www.ip-rs.si\/\" target=\"_blank\" rel=\"noopener\"> linee guida del Commissario per le informazioni<\/a>.<\/p>\n<h2>GENERALE<\/h2>\n<p>La legislazione slovena si applica a qualsiasi controversia derivante dall&#8217;uso del sito web. Per la risoluzione di eventuali controversie \u00e8 competente il tribunale di Capodistria. Utilizzando il sito web, l&#8217;utente conferma di aver accettato le condizioni qui descritte e di essere d&#8217;accordo con esse.<\/p>\n","protected":false},"excerpt":{"rendered":"<p>Ai fini del presente avviso legale, il sito web \u00e8 un termine che copre tutti i siti web all&#8217;indirizzo web www.eurotin.si (di seguito: il sito web). Il titolare del copyright di tutte le opere protette da copyright che sono in qualsiasi modo incluse nel sito Web \u00e8 Eurotin, vendita al dettaglio per corrispondenza o Internet, [&hellip;]<\/p>\n","protected":false},"author":32,"featured_media":39589,"parent":0,"menu_order":0,"comment_status":"closed","ping_status":"closed","template":"","meta":{"_acf_changed":false,"footnotes":""},"class_list":["post-37172","page","type-page","status-publish","has-post-thumbnail","hentry"],"acf":[],"yoast_head":"<!-- This site is optimized with the Yoast SEO plugin v23.5 - https:\/\/yoast.com\/wordpress\/plugins\/seo\/ -->\n<title>Avviso legale e privacy - Eurotin<\/title>\n<meta name=\"robots\" content=\"index, follow, max-snippet:-1, max-image-preview:large, max-video-preview:-1\" \/>\n<link rel=\"canonical\" href=\"https:\/\/eurotin.si\/it\/avviso-legale-e-privacy\/\" \/>\n<meta property=\"og:locale\" content=\"it_IT\" \/>\n<meta property=\"og:type\" content=\"article\" \/>\n<meta property=\"og:title\" content=\"Avviso legale e privacy - Eurotin\" \/>\n<meta property=\"og:description\" content=\"Ai fini del presente avviso legale, il sito web \u00e8 un termine che copre tutti i siti web all&#8217;indirizzo web www.eurotin.si (di seguito: il sito web). Il titolare del copyright di tutte le opere protette da copyright che sono in qualsiasi modo incluse nel sito Web \u00e8 Eurotin, vendita al dettaglio per corrispondenza o Internet, [&hellip;]\" \/>\n<meta property=\"og:url\" content=\"https:\/\/eurotin.si\/it\/avviso-legale-e-privacy\/\" \/>\n<meta property=\"og:site_name\" content=\"Eurotin\" \/>\n<meta property=\"article:modified_time\" content=\"2021-11-23T12:45:40+00:00\" \/>\n<meta property=\"og:image\" content=\"https:\/\/eurotin.si\/wp-content\/uploads\/2020\/11\/Eurotin-ponudba-2020.jpg\" \/>\n\t<meta property=\"og:image:width\" content=\"1920\" \/>\n\t<meta property=\"og:image:height\" content=\"1280\" \/>\n\t<meta property=\"og:image:type\" content=\"image\/jpeg\" \/>\n<meta name=\"twitter:card\" content=\"summary_large_image\" \/>\n<meta name=\"twitter:label1\" content=\"Tempo di lettura stimato\" \/>\n\t<meta name=\"twitter:data1\" content=\"9 minuti\" \/>\n<script type=\"application\/ld+json\" class=\"yoast-schema-graph\">{\"@context\":\"https:\/\/schema.org\",\"@graph\":[{\"@type\":\"WebPage\",\"@id\":\"https:\/\/eurotin.si\/it\/avviso-legale-e-privacy\/\",\"url\":\"https:\/\/eurotin.si\/it\/avviso-legale-e-privacy\/\",\"name\":\"Avviso legale e privacy - Eurotin\",\"isPartOf\":{\"@id\":\"https:\/\/eurotin.si\/en\/#website\"},\"primaryImageOfPage\":{\"@id\":\"https:\/\/eurotin.si\/it\/avviso-legale-e-privacy\/#primaryimage\"},\"image\":{\"@id\":\"https:\/\/eurotin.si\/it\/avviso-legale-e-privacy\/#primaryimage\"},\"thumbnailUrl\":\"https:\/\/eurotin.si\/wp-content\/uploads\/2020\/11\/Eurotin-ponudba-2020.jpg\",\"datePublished\":\"2019-01-29T14:25:50+00:00\",\"dateModified\":\"2021-11-23T12:45:40+00:00\",\"breadcrumb\":{\"@id\":\"https:\/\/eurotin.si\/it\/avviso-legale-e-privacy\/#breadcrumb\"},\"inLanguage\":\"it-IT\",\"potentialAction\":[{\"@type\":\"ReadAction\",\"target\":[\"https:\/\/eurotin.si\/it\/avviso-legale-e-privacy\/\"]}]},{\"@type\":\"ImageObject\",\"inLanguage\":\"it-IT\",\"@id\":\"https:\/\/eurotin.si\/it\/avviso-legale-e-privacy\/#primaryimage\",\"url\":\"https:\/\/eurotin.si\/wp-content\/uploads\/2020\/11\/Eurotin-ponudba-2020.jpg\",\"contentUrl\":\"https:\/\/eurotin.si\/wp-content\/uploads\/2020\/11\/Eurotin-ponudba-2020.jpg\",\"width\":1920,\"height\":1280},{\"@type\":\"BreadcrumbList\",\"@id\":\"https:\/\/eurotin.si\/it\/avviso-legale-e-privacy\/#breadcrumb\",\"itemListElement\":[{\"@type\":\"ListItem\",\"position\":1,\"name\":\"Home\",\"item\":\"https:\/\/eurotin.si\/it\/\"},{\"@type\":\"ListItem\",\"position\":2,\"name\":\"Avviso legale e privacy\"}]},{\"@type\":\"WebSite\",\"@id\":\"https:\/\/eurotin.si\/en\/#website\",\"url\":\"https:\/\/eurotin.si\/en\/\",\"name\":\"Eurotin\",\"description\":\"\",\"publisher\":{\"@id\":\"https:\/\/eurotin.si\/en\/#organization\"},\"potentialAction\":[{\"@type\":\"SearchAction\",\"target\":{\"@type\":\"EntryPoint\",\"urlTemplate\":\"https:\/\/eurotin.si\/en\/?s={search_term_string}\"},\"query-input\":{\"@type\":\"PropertyValueSpecification\",\"valueRequired\":true,\"valueName\":\"search_term_string\"}}],\"inLanguage\":\"it-IT\"},{\"@type\":\"Organization\",\"@id\":\"https:\/\/eurotin.si\/en\/#organization\",\"name\":\"Eurotin d.o.o.\",\"url\":\"https:\/\/eurotin.si\/en\/\",\"logo\":{\"@type\":\"ImageObject\",\"inLanguage\":\"it-IT\",\"@id\":\"https:\/\/eurotin.si\/en\/#\/schema\/logo\/image\/\",\"url\":\"https:\/\/eurotin.si\/wp-content\/uploads\/2021\/10\/logotip-Eurotin-brez-ozadja.png\",\"contentUrl\":\"https:\/\/eurotin.si\/wp-content\/uploads\/2021\/10\/logotip-Eurotin-brez-ozadja.png\",\"width\":980,\"height\":231,\"caption\":\"Eurotin d.o.o.\"},\"image\":{\"@id\":\"https:\/\/eurotin.si\/en\/#\/schema\/logo\/image\/\"}}]}<\/script>\n<!-- \/ Yoast SEO plugin. -->","yoast_head_json":{"title":"Avviso legale e privacy - Eurotin","robots":{"index":"index","follow":"follow","max-snippet":"max-snippet:-1","max-image-preview":"max-image-preview:large","max-video-preview":"max-video-preview:-1"},"canonical":"https:\/\/eurotin.si\/it\/avviso-legale-e-privacy\/","og_locale":"it_IT","og_type":"article","og_title":"Avviso legale e privacy - Eurotin","og_description":"Ai fini del presente avviso legale, il sito web \u00e8 un termine che copre tutti i siti web all&#8217;indirizzo web www.eurotin.si (di seguito: il sito web). Il titolare del copyright di tutte le opere protette da copyright che sono in qualsiasi modo incluse nel sito Web \u00e8 Eurotin, vendita al dettaglio per corrispondenza o Internet, [&hellip;]","og_url":"https:\/\/eurotin.si\/it\/avviso-legale-e-privacy\/","og_site_name":"Eurotin","article_modified_time":"2021-11-23T12:45:40+00:00","og_image":[{"width":1920,"height":1280,"url":"https:\/\/eurotin.si\/wp-content\/uploads\/2020\/11\/Eurotin-ponudba-2020.jpg","type":"image\/jpeg"}],"twitter_card":"summary_large_image","twitter_misc":{"Tempo di lettura stimato":"9 minuti"},"schema":{"@context":"https:\/\/schema.org","@graph":[{"@type":"WebPage","@id":"https:\/\/eurotin.si\/it\/avviso-legale-e-privacy\/","url":"https:\/\/eurotin.si\/it\/avviso-legale-e-privacy\/","name":"Avviso legale e privacy - Eurotin","isPartOf":{"@id":"https:\/\/eurotin.si\/en\/#website"},"primaryImageOfPage":{"@id":"https:\/\/eurotin.si\/it\/avviso-legale-e-privacy\/#primaryimage"},"image":{"@id":"https:\/\/eurotin.si\/it\/avviso-legale-e-privacy\/#primaryimage"},"thumbnailUrl":"https:\/\/eurotin.si\/wp-content\/uploads\/2020\/11\/Eurotin-ponudba-2020.jpg","datePublished":"2019-01-29T14:25:50+00:00","dateModified":"2021-11-23T12:45:40+00:00","breadcrumb":{"@id":"https:\/\/eurotin.si\/it\/avviso-legale-e-privacy\/#breadcrumb"},"inLanguage":"it-IT","potentialAction":[{"@type":"ReadAction","target":["https:\/\/eurotin.si\/it\/avviso-legale-e-privacy\/"]}]},{"@type":"ImageObject","inLanguage":"it-IT","@id":"https:\/\/eurotin.si\/it\/avviso-legale-e-privacy\/#primaryimage","url":"https:\/\/eurotin.si\/wp-content\/uploads\/2020\/11\/Eurotin-ponudba-2020.jpg","contentUrl":"https:\/\/eurotin.si\/wp-content\/uploads\/2020\/11\/Eurotin-ponudba-2020.jpg","width":1920,"height":1280},{"@type":"BreadcrumbList","@id":"https:\/\/eurotin.si\/it\/avviso-legale-e-privacy\/#breadcrumb","itemListElement":[{"@type":"ListItem","position":1,"name":"Home","item":"https:\/\/eurotin.si\/it\/"},{"@type":"ListItem","position":2,"name":"Avviso legale e privacy"}]},{"@type":"WebSite","@id":"https:\/\/eurotin.si\/en\/#website","url":"https:\/\/eurotin.si\/en\/","name":"Eurotin","description":"","publisher":{"@id":"https:\/\/eurotin.si\/en\/#organization"},"potentialAction":[{"@type":"SearchAction","target":{"@type":"EntryPoint","urlTemplate":"https:\/\/eurotin.si\/en\/?s={search_term_string}"},"query-input":{"@type":"PropertyValueSpecification","valueRequired":true,"valueName":"search_term_string"}}],"inLanguage":"it-IT"},{"@type":"Organization","@id":"https:\/\/eurotin.si\/en\/#organization","name":"Eurotin d.o.o.","url":"https:\/\/eurotin.si\/en\/","logo":{"@type":"ImageObject","inLanguage":"it-IT","@id":"https:\/\/eurotin.si\/en\/#\/schema\/logo\/image\/","url":"https:\/\/eurotin.si\/wp-content\/uploads\/2021\/10\/logotip-Eurotin-brez-ozadja.png","contentUrl":"https:\/\/eurotin.si\/wp-content\/uploads\/2021\/10\/logotip-Eurotin-brez-ozadja.png","width":980,"height":231,"caption":"Eurotin d.o.o."},"image":{"@id":"https:\/\/eurotin.si\/en\/#\/schema\/logo\/image\/"}}]}},"_links":{"self":[{"href":"https:\/\/eurotin.si\/it\/wp-json\/wp\/v2\/pages\/37172"}],"collection":[{"href":"https:\/\/eurotin.si\/it\/wp-json\/wp\/v2\/pages"}],"about":[{"href":"https:\/\/eurotin.si\/it\/wp-json\/wp\/v2\/types\/page"}],"author":[{"embeddable":true,"href":"https:\/\/eurotin.si\/it\/wp-json\/wp\/v2\/users\/32"}],"replies":[{"embeddable":true,"href":"https:\/\/eurotin.si\/it\/wp-json\/wp\/v2\/comments?post=37172"}],"version-history":[{"count":8,"href":"https:\/\/eurotin.si\/it\/wp-json\/wp\/v2\/pages\/37172\/revisions"}],"predecessor-version":[{"id":42248,"href":"https:\/\/eurotin.si\/it\/wp-json\/wp\/v2\/pages\/37172\/revisions\/42248"}],"wp:featuredmedia":[{"embeddable":true,"href":"https:\/\/eurotin.si\/it\/wp-json\/wp\/v2\/media\/39589"}],"wp:attachment":[{"href":"https:\/\/eurotin.si\/it\/wp-json\/wp\/v2\/media?parent=37172"}],"curies":[{"name":"wp","href":"https:\/\/api.w.org\/{rel}","templated":true}]}}