{"id":41911,"date":"2021-10-06T11:05:09","date_gmt":"2021-10-06T09:05:09","guid":{"rendered":"https:\/\/www.eurotin.si\/o-nas\/"},"modified":"2021-11-17T10:47:16","modified_gmt":"2021-11-17T09:47:16","slug":"lazienda","status":"publish","type":"page","link":"https:\/\/eurotin.si\/it\/lazienda\/","title":{"rendered":"L&#8217;azienda"},"content":{"rendered":"<p>Eurotin d.o.o. fornisce soluzioni personalizzate per i produttori di veicoli per diversi settori. Avete bisogno di prodotti iluminazione per equipaggiamenti speciali (S.O.E.), veicoli per il tempo libero, mezzi agricoli, macchine movimento terra e costruzioni, veicoli speciali? Con la nostra competenza nell settore e 20 anni di esperienza, riconosciamo le esigenze dei clienti e insieme troviamo soluzioni su misura uniche, specialmente nella tecnologia LED.<\/p>\n<p>Ci impegniamo ad avere cooperazione a lungo termine con i nostri clienti fornendo prodotti di alta qualit\u00e0. Oltre a rinomati fornitori come Hella, Bosch, Cobo, Ajba, SWF, Brigade e Osram, offriamo anche soluzioni di qualit\u00e0 di altri meno noti produttori . Qualit\u00e0 per noi significa che il cliente ritorna, non la merce. Offriamo supporto dalla consulenza alla vendita dei prodotti e supporto completo post-vendita.<\/p>\n<h2>Ubicazione<\/h2>\n<p><img loading=\"lazy\" decoding=\"async\" class=\"aligncenter wp-image-41596 size-large\" src=\"https:\/\/eurotin.si\/wp-content\/uploads\/2021\/10\/Zemljevid-1024x839.jpg\" alt=\"\" width=\"1024\" height=\"839\" srcset=\"https:\/\/eurotin.si\/wp-content\/uploads\/2021\/10\/Zemljevid-1024x839.jpg 1024w, https:\/\/eurotin.si\/wp-content\/uploads\/2021\/10\/Zemljevid-550x450.jpg 550w, https:\/\/eurotin.si\/wp-content\/uploads\/2021\/10\/Zemljevid-300x246.jpg 300w, https:\/\/eurotin.si\/wp-content\/uploads\/2021\/10\/Zemljevid-768x629.jpg 768w, https:\/\/eurotin.si\/wp-content\/uploads\/2021\/10\/Zemljevid.jpg 1392w\" sizes=\"(max-width: 1024px) 100vw, 1024px\" \/><\/p>\n","protected":false},"excerpt":{"rendered":"<p>Eurotin d.o.o. fornisce soluzioni personalizzate per i produttori di veicoli per diversi settori. Avete bisogno di prodotti iluminazione per equipaggiamenti speciali (S.O.E.), veicoli per il tempo libero, mezzi agricoli, macchine movimento terra e costruzioni, veicoli speciali? Con la nostra competenza nell settore e 20 anni di esperienza, riconosciamo le esigenze dei clienti e insieme troviamo [&hellip;]<\/p>\n","protected":false},"author":33,"featured_media":41290,"parent":0,"menu_order":0,"comment_status":"closed","ping_status":"closed","template":"","meta":{"_acf_changed":false,"footnotes":""},"class_list":["post-41911","page","type-page","status-publish","has-post-thumbnail","hentry"],"acf":[],"yoast_head":"<!-- This site is optimized with the Yoast SEO plugin v23.5 - https:\/\/yoast.com\/wordpress\/plugins\/seo\/ -->\n<title>L&#039;azienda - Eurotin<\/title>\n<meta name=\"robots\" content=\"index, follow, max-snippet:-1, max-image-preview:large, max-video-preview:-1\" \/>\n<link rel=\"canonical\" href=\"https:\/\/eurotin.si\/it\/lazienda\/\" \/>\n<meta property=\"og:locale\" content=\"it_IT\" \/>\n<meta property=\"og:type\" content=\"article\" \/>\n<meta property=\"og:title\" content=\"L&#039;azienda - Eurotin\" \/>\n<meta property=\"og:description\" content=\"Eurotin d.o.o. fornisce soluzioni personalizzate per i produttori di veicoli per diversi settori. Avete bisogno di prodotti iluminazione per equipaggiamenti speciali (S.O.E.), veicoli per il tempo libero, mezzi agricoli, macchine movimento terra e costruzioni, veicoli speciali? Con la nostra competenza nell settore e 20 anni di esperienza, riconosciamo le esigenze dei clienti e insieme troviamo [&hellip;]\" \/>\n<meta property=\"og:url\" content=\"https:\/\/eurotin.si\/it\/lazienda\/\" \/>\n<meta property=\"og:site_name\" content=\"Eurotin\" \/>\n<meta property=\"article:modified_time\" content=\"2021-11-17T09:47:16+00:00\" \/>\n<meta property=\"og:image\" content=\"https:\/\/eurotin.si\/wp-content\/uploads\/2021\/08\/Daljinke-lightbar-R112-V3_1.jpg\" \/>\n\t<meta property=\"og:image:width\" content=\"1920\" \/>\n\t<meta property=\"og:image:height\" content=\"665\" \/>\n\t<meta property=\"og:image:type\" content=\"image\/jpeg\" \/>\n<meta name=\"twitter:card\" content=\"summary_large_image\" \/>\n<meta name=\"twitter:label1\" content=\"Tempo di lettura stimato\" \/>\n\t<meta name=\"twitter:data1\" content=\"1 minuto\" \/>\n<script type=\"application\/ld+json\" class=\"yoast-schema-graph\">{\"@context\":\"https:\/\/schema.org\",\"@graph\":[{\"@type\":\"WebPage\",\"@id\":\"https:\/\/eurotin.si\/it\/lazienda\/\",\"url\":\"https:\/\/eurotin.si\/it\/lazienda\/\",\"name\":\"L'azienda - Eurotin\",\"isPartOf\":{\"@id\":\"https:\/\/eurotin.si\/en\/#website\"},\"primaryImageOfPage\":{\"@id\":\"https:\/\/eurotin.si\/it\/lazienda\/#primaryimage\"},\"image\":{\"@id\":\"https:\/\/eurotin.si\/it\/lazienda\/#primaryimage\"},\"thumbnailUrl\":\"https:\/\/eurotin.si\/wp-content\/uploads\/2021\/08\/Daljinke-lightbar-R112-V3_1.jpg\",\"datePublished\":\"2021-10-06T09:05:09+00:00\",\"dateModified\":\"2021-11-17T09:47:16+00:00\",\"breadcrumb\":{\"@id\":\"https:\/\/eurotin.si\/it\/lazienda\/#breadcrumb\"},\"inLanguage\":\"it-IT\",\"potentialAction\":[{\"@type\":\"ReadAction\",\"target\":[\"https:\/\/eurotin.si\/it\/lazienda\/\"]}]},{\"@type\":\"ImageObject\",\"inLanguage\":\"it-IT\",\"@id\":\"https:\/\/eurotin.si\/it\/lazienda\/#primaryimage\",\"url\":\"https:\/\/eurotin.si\/wp-content\/uploads\/2021\/08\/Daljinke-lightbar-R112-V3_1.jpg\",\"contentUrl\":\"https:\/\/eurotin.si\/wp-content\/uploads\/2021\/08\/Daljinke-lightbar-R112-V3_1.jpg\",\"width\":1920,\"height\":665},{\"@type\":\"BreadcrumbList\",\"@id\":\"https:\/\/eurotin.si\/it\/lazienda\/#breadcrumb\",\"itemListElement\":[{\"@type\":\"ListItem\",\"position\":1,\"name\":\"Home\",\"item\":\"https:\/\/eurotin.si\/it\/\"},{\"@type\":\"ListItem\",\"position\":2,\"name\":\"L&#8217;azienda\"}]},{\"@type\":\"WebSite\",\"@id\":\"https:\/\/eurotin.si\/en\/#website\",\"url\":\"https:\/\/eurotin.si\/en\/\",\"name\":\"Eurotin\",\"description\":\"\",\"publisher\":{\"@id\":\"https:\/\/eurotin.si\/en\/#organization\"},\"potentialAction\":[{\"@type\":\"SearchAction\",\"target\":{\"@type\":\"EntryPoint\",\"urlTemplate\":\"https:\/\/eurotin.si\/en\/?s={search_term_string}\"},\"query-input\":{\"@type\":\"PropertyValueSpecification\",\"valueRequired\":true,\"valueName\":\"search_term_string\"}}],\"inLanguage\":\"it-IT\"},{\"@type\":\"Organization\",\"@id\":\"https:\/\/eurotin.si\/en\/#organization\",\"name\":\"Eurotin d.o.o.\",\"url\":\"https:\/\/eurotin.si\/en\/\",\"logo\":{\"@type\":\"ImageObject\",\"inLanguage\":\"it-IT\",\"@id\":\"https:\/\/eurotin.si\/en\/#\/schema\/logo\/image\/\",\"url\":\"https:\/\/eurotin.si\/wp-content\/uploads\/2021\/10\/logotip-Eurotin-brez-ozadja.png\",\"contentUrl\":\"https:\/\/eurotin.si\/wp-content\/uploads\/2021\/10\/logotip-Eurotin-brez-ozadja.png\",\"width\":980,\"height\":231,\"caption\":\"Eurotin d.o.o.\"},\"image\":{\"@id\":\"https:\/\/eurotin.si\/en\/#\/schema\/logo\/image\/\"}}]}<\/script>\n<!-- \/ Yoast SEO plugin. -->","yoast_head_json":{"title":"L'azienda - Eurotin","robots":{"index":"index","follow":"follow","max-snippet":"max-snippet:-1","max-image-preview":"max-image-preview:large","max-video-preview":"max-video-preview:-1"},"canonical":"https:\/\/eurotin.si\/it\/lazienda\/","og_locale":"it_IT","og_type":"article","og_title":"L'azienda - Eurotin","og_description":"Eurotin d.o.o. fornisce soluzioni personalizzate per i produttori di veicoli per diversi settori. Avete bisogno di prodotti iluminazione per equipaggiamenti speciali (S.O.E.), veicoli per il tempo libero, mezzi agricoli, macchine movimento terra e costruzioni, veicoli speciali? Con la nostra competenza nell settore e 20 anni di esperienza, riconosciamo le esigenze dei clienti e insieme troviamo [&hellip;]","og_url":"https:\/\/eurotin.si\/it\/lazienda\/","og_site_name":"Eurotin","article_modified_time":"2021-11-17T09:47:16+00:00","og_image":[{"width":1920,"height":665,"url":"https:\/\/eurotin.si\/wp-content\/uploads\/2021\/08\/Daljinke-lightbar-R112-V3_1.jpg","type":"image\/jpeg"}],"twitter_card":"summary_large_image","twitter_misc":{"Tempo di lettura stimato":"1 minuto"},"schema":{"@context":"https:\/\/schema.org","@graph":[{"@type":"WebPage","@id":"https:\/\/eurotin.si\/it\/lazienda\/","url":"https:\/\/eurotin.si\/it\/lazienda\/","name":"L'azienda - Eurotin","isPartOf":{"@id":"https:\/\/eurotin.si\/en\/#website"},"primaryImageOfPage":{"@id":"https:\/\/eurotin.si\/it\/lazienda\/#primaryimage"},"image":{"@id":"https:\/\/eurotin.si\/it\/lazienda\/#primaryimage"},"thumbnailUrl":"https:\/\/eurotin.si\/wp-content\/uploads\/2021\/08\/Daljinke-lightbar-R112-V3_1.jpg","datePublished":"2021-10-06T09:05:09+00:00","dateModified":"2021-11-17T09:47:16+00:00","breadcrumb":{"@id":"https:\/\/eurotin.si\/it\/lazienda\/#breadcrumb"},"inLanguage":"it-IT","potentialAction":[{"@type":"ReadAction","target":["https:\/\/eurotin.si\/it\/lazienda\/"]}]},{"@type":"ImageObject","inLanguage":"it-IT","@id":"https:\/\/eurotin.si\/it\/lazienda\/#primaryimage","url":"https:\/\/eurotin.si\/wp-content\/uploads\/2021\/08\/Daljinke-lightbar-R112-V3_1.jpg","contentUrl":"https:\/\/eurotin.si\/wp-content\/uploads\/2021\/08\/Daljinke-lightbar-R112-V3_1.jpg","width":1920,"height":665},{"@type":"BreadcrumbList","@id":"https:\/\/eurotin.si\/it\/lazienda\/#breadcrumb","itemListElement":[{"@type":"ListItem","position":1,"name":"Home","item":"https:\/\/eurotin.si\/it\/"},{"@type":"ListItem","position":2,"name":"L&#8217;azienda"}]},{"@type":"WebSite","@id":"https:\/\/eurotin.si\/en\/#website","url":"https:\/\/eurotin.si\/en\/","name":"Eurotin","description":"","publisher":{"@id":"https:\/\/eurotin.si\/en\/#organization"},"potentialAction":[{"@type":"SearchAction","target":{"@type":"EntryPoint","urlTemplate":"https:\/\/eurotin.si\/en\/?s={search_term_string}"},"query-input":{"@type":"PropertyValueSpecification","valueRequired":true,"valueName":"search_term_string"}}],"inLanguage":"it-IT"},{"@type":"Organization","@id":"https:\/\/eurotin.si\/en\/#organization","name":"Eurotin d.o.o.","url":"https:\/\/eurotin.si\/en\/","logo":{"@type":"ImageObject","inLanguage":"it-IT","@id":"https:\/\/eurotin.si\/en\/#\/schema\/logo\/image\/","url":"https:\/\/eurotin.si\/wp-content\/uploads\/2021\/10\/logotip-Eurotin-brez-ozadja.png","contentUrl":"https:\/\/eurotin.si\/wp-content\/uploads\/2021\/10\/logotip-Eurotin-brez-ozadja.png","width":980,"height":231,"caption":"Eurotin d.o.o."},"image":{"@id":"https:\/\/eurotin.si\/en\/#\/schema\/logo\/image\/"}}]}},"_links":{"self":[{"href":"https:\/\/eurotin.si\/it\/wp-json\/wp\/v2\/pages\/41911"}],"collection":[{"href":"https:\/\/eurotin.si\/it\/wp-json\/wp\/v2\/pages"}],"about":[{"href":"https:\/\/eurotin.si\/it\/wp-json\/wp\/v2\/types\/page"}],"author":[{"embeddable":true,"href":"https:\/\/eurotin.si\/it\/wp-json\/wp\/v2\/users\/33"}],"replies":[{"embeddable":true,"href":"https:\/\/eurotin.si\/it\/wp-json\/wp\/v2\/comments?post=41911"}],"version-history":[{"count":2,"href":"https:\/\/eurotin.si\/it\/wp-json\/wp\/v2\/pages\/41911\/revisions"}],"predecessor-version":[{"id":42207,"href":"https:\/\/eurotin.si\/it\/wp-json\/wp\/v2\/pages\/41911\/revisions\/42207"}],"wp:featuredmedia":[{"embeddable":true,"href":"https:\/\/eurotin.si\/it\/wp-json\/wp\/v2\/media\/41290"}],"wp:attachment":[{"href":"https:\/\/eurotin.si\/it\/wp-json\/wp\/v2\/media?parent=41911"}],"curies":[{"name":"wp","href":"https:\/\/api.w.org\/{rel}","templated":true}]}}