{"id":41958,"date":"2018-02-13T09:14:30","date_gmt":"2018-02-13T09:14:30","guid":{"rendered":"https:\/\/www.eurotin.si\/obvestilo-o-piskotkih\/"},"modified":"2021-11-08T12:14:42","modified_gmt":"2021-11-08T11:14:42","slug":"obvestilo-o-piskotkih","status":"publish","type":"page","link":"https:\/\/eurotin.si\/it\/obvestilo-o-piskotkih\/","title":{"rendered":"Obvestilo o pi\u0161kotkih"},"content":{"rendered":"<header class=\"entry-header\">\n<h2 class=\"entry-title\">OBVESTILO O PI\u0160KOTKIH<\/h2>\n<\/header>\n<div class=\"entry-content\">\n<p>Na\u0161e spletno mesto uporablja pi\u0161kotke. Pi\u0161kotki so majhne datoteke, ki se shranijo na va\u0161em nosilcu podatkov in v katerih so shranjene dolo\u010dene nastavitve ter podatki za izmenjavo z na\u0161im sistemom preko va\u0161ega brskalnika. Nekateri izmed pi\u0161kotkov, ki jih uporabljamo, se po kon\u010dani seji brskalnika, torej ko zaprete brskalnik, ponovno izbri\u0161ejo (t. i. za\u010dasni ali sejni pi\u0161kotki). Ostali pi\u0161kotki ostanejo na va\u0161i kon\u010dni napravi in nam ali na\u0161im partnerjem omogo\u010dajo, da va\u0161 brskalnik pri naslednjem obisku prepoznamo (trajni ali shranjeni pi\u0161kotki). Ti shranjeni pi\u0161kotki nam omogo\u010dajo, da spletno stran prilagodimo va\u0161im potrebam in vam olaj\u0161amo uporabo, tako da na primer dolo\u010dene podatke shranimo in vam jih ni treba znova vpisovati. Va\u0161 brskalnik vam omogo\u010da nastavitev omejitev uporabe in brisanja pi\u0161kotkov. V funkciji pomo\u010di ve\u010dine brskalnikov boste na\u0161li navodila, kako lahko izvedete te nastavitve. \u010ce pi\u0161kotkov ne sprejmete, lahko to vpliva na storitveno funkcijo na\u0161e spletne ponudbe<\/p>\n<h2>ONEMOGO\u010cANJE PI\u0160KOTKOV<\/h2>\n<p>Vi odlo\u010dite, ali boste dovolili shranjevanje pi\u0161kotkov na va\u0161i napravi. Nastavitve za pi\u0161kotke lahko nadzirate in spreminjate v va\u0161em spletnem brskalniku. Za informacije o nastavitvah za pi\u0161kotke izberite spletni brskalnik, ki ga uporabljate:<\/p>\n<ul>\n<li><a href=\"http:\/\/windows.microsoft.com\/sl-si\/windows7\/how-to-manage-cookies-in-internet-explorer-9\">INTERNET EXPLORER 9<\/a><\/li>\n<li><a href=\"http:\/\/windows.microsoft.com\/sl-si\/windows-vista\/block-or-allow-cookies\">INTERNET EXPLORER 7 IN 8<\/a><\/li>\n<li><a href=\"http:\/\/support.mozilla.org\/sl\/kb\/Kako%20aktivirate%20in%20deaktivirate%20pi%C5%A1kote\">MOZZILA FIREFOX<\/a><\/li>\n<li><a href=\"https:\/\/support.google.com\/chrome\/answer\/95647?hl=sl-sl&amp;p=cpn_cookies\">CHROME<\/a><\/li>\n<li><a href=\"http:\/\/support.apple.com\/kb\/PH11913\">SAFARI<\/a>(stran v angle\u0161kem jeziku)<\/li>\n<li><a href=\"http:\/\/www.opera.com\/help\/tutorials\/security\/cookies\/\">OPERA<\/a>(stran v angle\u0161kem jeziku)<\/li>\n<\/ul>\n<h3>SEZNAM PI\u0160KOTKOV<\/h3>\n<p>Na\u0161a spletna aplikacija uporablja pi\u0161kotke. Pi\u0161kotki so majhne datoteke, ki jih nalo\u017eimo na va\u0161o napravo, z namenom izbolj\u0161anja uporabni\u0161ke izku\u0161nje. Spodnja tabela prikazuje pi\u0161kotke ki jih uporabljamo.<\/p>\n<table class=\"table\" border=\"0\">\n<tbody>\n<tr>\n<td><strong>Storitev<\/strong><\/td>\n<td><strong>Ime pi\u0161kotka (trajanje)<\/strong><\/td>\n<td><strong>Opis<\/strong><\/td>\n<\/tr>\n<tr>\n<td>Spletna aplikacija<\/td>\n<td>phpsess (do konca seje)<\/td>\n<td>Pi\u0161kotki, ki so pomembni za delovanje spletne aplikacije in bodo vedno name\u0161\u010deni.<\/td>\n<\/tr>\n<tr>\n<td>You Tube<\/td>\n<td>Demographics (6 mesecev), ACTIVITY (do konca seje), use_hitbox (do konca seje), PREF (10 let), VISITOR_INFO1_LIVE (8 mesecev), YSC (do konca seje)<\/td>\n<td>Ko za\u010dnete predvajati posnetek s spletne aplikacije, lahko You Tube nastavi pi\u0161kotek, vendar podatki ne razkrivajo va\u0161e zasebnosti.\u00a0<a href=\"http:\/\/www.google.com\/policies\/privacy\/\">Googleova politika zasebnosti<\/a>.<\/td>\n<\/tr>\n<tr>\n<td>Add This<\/td>\n<td>__atuvc (2 leti), uit (2 leti), uvc (2 leti), ssh (2 leti), ssc (2 leti),<\/td>\n<td>Pi\u0161kotki, ki omogo\u010da uporabniku, da vidi posodobljen \u0161tevec, ko deli neko vsebino v socialna omre\u017eja, preden se predpomnilnik spletne aplikacije posodobi.<em>Pi\u0161kotki se bodo namestili \u0161ele po tem, ko se boste strinjali z namestitvijo. \u010ce se z namestitvijo ne boste strinjali, povezave s socialnimi omre\u017eji ne bodo prikazane.<\/em><\/td>\n<\/tr>\n<tr>\n<td>Google Maps<\/td>\n<td>SID (10 let), SAPISID (10 let), APISID (10 let), SSID (10 let), HSID (10 let), NID (6 mesecev), PREF (2 leti)<\/td>\n<td>Pi\u0161kotki, ki omogo\u010dajo prikaz zemljevidov.<a href=\"http:\/\/www.google.com\/policies\/privacy\/\">Googleova politika zasebnosti<\/a>.<em>Pi\u0161kotki se bodo namestili \u0161ele po tem, ko se boste strinjali z uporabo.<\/em><\/td>\n<\/tr>\n<tr>\n<td>Google Analytics<\/td>\n<td>_utma (2 leti), _utmb (30 min), _utmc (do konca seje), _utmz (6 mesecev)<\/td>\n<td>Pi\u0161kotki, ki so namenjeni zbiranju informacij o uporabi spletne aplikacije. Omogo\u010dajo nam analizo obiska, s pomo\u010djo katere lahko izbolj\u0161amo uporabni\u0161ko izku\u0161njo. Podatki se pri Google zbirajo v anonimni obliki.\u00a0<a href=\"http:\/\/www.google.com\/analytics\/learn\/privacy.html\" target=\"_blank\" rel=\"noopener noreferrer\">Googleova politika zasebnosti<\/a>.<em>Pi\u0161kotki se bodo namestili \u0161ele po tem, ko se boste strinjali z uporabo.<\/em><\/td>\n<\/tr>\n<tr>\n<td>Facebook<\/td>\n<td>datr (2 let), locale (1 teden), reg_fb_gate (do konca seje), reg_fb_ref (do konca seje), highContrastMode (do konca seje), wd (do konca seje), act (1 teden), _e_0ceM_0 (1 mesec), csm (1 mesec), c_user (1 mesec), fr_ (1 mesec), lu (2 leti), s (1 mesec), xs (1 mesec)<\/td>\n<td>Pi\u0161kotki, ki omogo\u010dajo povezljivost in sledenje preko razli\u010dnih spletnih aplikacij.\u00a0<a href=\"https:\/\/www.facebook.com\/help\/360595310676682\/\" target=\"_blank\" rel=\"noopener noreferrer\">Facebookova politika zasebnosti<\/a>.<\/td>\n<\/tr>\n<tr>\n<td>Velikost pisave<\/td>\n<td>fontsize (48 ur)<\/td>\n<td>Pi\u0161kotki, ki so uporabljeni za ve\u010danje in manj\u0161anje velikosti pisave oziroma nastavitev pisave spletne aplikacije.<em>Pi\u0161kotki se bodo namestili \u0161ele po tem, ko se boste strinjali z uporabo.<\/em><\/td>\n<\/tr>\n<\/tbody>\n<\/table>\n<\/div>\n","protected":false},"excerpt":{"rendered":"<p>OBVESTILO O PI\u0160KOTKIH Na\u0161e spletno mesto uporablja pi\u0161kotke. Pi\u0161kotki so majhne datoteke, ki se shranijo na va\u0161em nosilcu podatkov in v katerih so shranjene dolo\u010dene nastavitve ter podatki za izmenjavo z na\u0161im sistemom preko va\u0161ega brskalnika. Nekateri izmed pi\u0161kotkov, ki jih uporabljamo, se po kon\u010dani seji brskalnika, torej ko zaprete brskalnik, ponovno izbri\u0161ejo (t. i. [&hellip;]<\/p>\n","protected":false},"author":32,"featured_media":39589,"parent":0,"menu_order":0,"comment_status":"closed","ping_status":"closed","template":"","meta":{"_acf_changed":false,"footnotes":""},"class_list":["post-41958","page","type-page","status-publish","has-post-thumbnail","hentry"],"acf":[],"yoast_head":"<!-- This site is optimized with the Yoast SEO plugin v23.5 - https:\/\/yoast.com\/wordpress\/plugins\/seo\/ -->\n<title>Obvestilo o pi\u0161kotkih - Eurotin<\/title>\n<meta name=\"robots\" content=\"index, follow, max-snippet:-1, max-image-preview:large, max-video-preview:-1\" \/>\n<link rel=\"canonical\" href=\"https:\/\/eurotin.si\/obvestilo-o-piskotkih\/\" \/>\n<meta property=\"og:locale\" content=\"it_IT\" \/>\n<meta property=\"og:type\" content=\"article\" \/>\n<meta property=\"og:title\" content=\"Obvestilo o pi\u0161kotkih - Eurotin\" \/>\n<meta property=\"og:description\" content=\"OBVESTILO O PI\u0160KOTKIH Na\u0161e spletno mesto uporablja pi\u0161kotke. Pi\u0161kotki so majhne datoteke, ki se shranijo na va\u0161em nosilcu podatkov in v katerih so shranjene dolo\u010dene nastavitve ter podatki za izmenjavo z na\u0161im sistemom preko va\u0161ega brskalnika. Nekateri izmed pi\u0161kotkov, ki jih uporabljamo, se po kon\u010dani seji brskalnika, torej ko zaprete brskalnik, ponovno izbri\u0161ejo (t. i. [&hellip;]\" \/>\n<meta property=\"og:url\" content=\"https:\/\/eurotin.si\/obvestilo-o-piskotkih\/\" \/>\n<meta property=\"og:site_name\" content=\"Eurotin\" \/>\n<meta property=\"article:modified_time\" content=\"2021-11-08T11:14:42+00:00\" \/>\n<meta property=\"og:image\" content=\"https:\/\/eurotin.si\/wp-content\/uploads\/2020\/11\/Eurotin-ponudba-2020.jpg\" \/>\n\t<meta property=\"og:image:width\" content=\"1920\" \/>\n\t<meta property=\"og:image:height\" content=\"1280\" \/>\n\t<meta property=\"og:image:type\" content=\"image\/jpeg\" \/>\n<meta name=\"twitter:card\" content=\"summary_large_image\" \/>\n<meta name=\"twitter:label1\" content=\"Tempo di lettura stimato\" \/>\n\t<meta name=\"twitter:data1\" content=\"3 minuti\" \/>\n<script type=\"application\/ld+json\" class=\"yoast-schema-graph\">{\"@context\":\"https:\/\/schema.org\",\"@graph\":[{\"@type\":\"WebPage\",\"@id\":\"https:\/\/eurotin.si\/obvestilo-o-piskotkih\/\",\"url\":\"https:\/\/eurotin.si\/obvestilo-o-piskotkih\/\",\"name\":\"Obvestilo o pi\u0161kotkih - Eurotin\",\"isPartOf\":{\"@id\":\"https:\/\/eurotin.si\/en\/#website\"},\"primaryImageOfPage\":{\"@id\":\"https:\/\/eurotin.si\/obvestilo-o-piskotkih\/#primaryimage\"},\"image\":{\"@id\":\"https:\/\/eurotin.si\/obvestilo-o-piskotkih\/#primaryimage\"},\"thumbnailUrl\":\"https:\/\/eurotin.si\/wp-content\/uploads\/2020\/11\/Eurotin-ponudba-2020.jpg\",\"datePublished\":\"2018-02-13T09:14:30+00:00\",\"dateModified\":\"2021-11-08T11:14:42+00:00\",\"breadcrumb\":{\"@id\":\"https:\/\/eurotin.si\/obvestilo-o-piskotkih\/#breadcrumb\"},\"inLanguage\":\"it-IT\",\"potentialAction\":[{\"@type\":\"ReadAction\",\"target\":[\"https:\/\/eurotin.si\/obvestilo-o-piskotkih\/\"]}]},{\"@type\":\"ImageObject\",\"inLanguage\":\"it-IT\",\"@id\":\"https:\/\/eurotin.si\/obvestilo-o-piskotkih\/#primaryimage\",\"url\":\"https:\/\/eurotin.si\/wp-content\/uploads\/2020\/11\/Eurotin-ponudba-2020.jpg\",\"contentUrl\":\"https:\/\/eurotin.si\/wp-content\/uploads\/2020\/11\/Eurotin-ponudba-2020.jpg\",\"width\":1920,\"height\":1280},{\"@type\":\"BreadcrumbList\",\"@id\":\"https:\/\/eurotin.si\/obvestilo-o-piskotkih\/#breadcrumb\",\"itemListElement\":[{\"@type\":\"ListItem\",\"position\":1,\"name\":\"Home\",\"item\":\"https:\/\/eurotin.si\/it\/\"},{\"@type\":\"ListItem\",\"position\":2,\"name\":\"Obvestilo o pi\u0161kotkih\"}]},{\"@type\":\"WebSite\",\"@id\":\"https:\/\/eurotin.si\/en\/#website\",\"url\":\"https:\/\/eurotin.si\/en\/\",\"name\":\"Eurotin\",\"description\":\"\",\"publisher\":{\"@id\":\"https:\/\/eurotin.si\/en\/#organization\"},\"potentialAction\":[{\"@type\":\"SearchAction\",\"target\":{\"@type\":\"EntryPoint\",\"urlTemplate\":\"https:\/\/eurotin.si\/en\/?s={search_term_string}\"},\"query-input\":{\"@type\":\"PropertyValueSpecification\",\"valueRequired\":true,\"valueName\":\"search_term_string\"}}],\"inLanguage\":\"it-IT\"},{\"@type\":\"Organization\",\"@id\":\"https:\/\/eurotin.si\/en\/#organization\",\"name\":\"Eurotin d.o.o.\",\"url\":\"https:\/\/eurotin.si\/en\/\",\"logo\":{\"@type\":\"ImageObject\",\"inLanguage\":\"it-IT\",\"@id\":\"https:\/\/eurotin.si\/en\/#\/schema\/logo\/image\/\",\"url\":\"https:\/\/eurotin.si\/wp-content\/uploads\/2021\/10\/logotip-Eurotin-brez-ozadja.png\",\"contentUrl\":\"https:\/\/eurotin.si\/wp-content\/uploads\/2021\/10\/logotip-Eurotin-brez-ozadja.png\",\"width\":980,\"height\":231,\"caption\":\"Eurotin d.o.o.\"},\"image\":{\"@id\":\"https:\/\/eurotin.si\/en\/#\/schema\/logo\/image\/\"}}]}<\/script>\n<!-- \/ Yoast SEO plugin. -->","yoast_head_json":{"title":"Obvestilo o pi\u0161kotkih - Eurotin","robots":{"index":"index","follow":"follow","max-snippet":"max-snippet:-1","max-image-preview":"max-image-preview:large","max-video-preview":"max-video-preview:-1"},"canonical":"https:\/\/eurotin.si\/obvestilo-o-piskotkih\/","og_locale":"it_IT","og_type":"article","og_title":"Obvestilo o pi\u0161kotkih - Eurotin","og_description":"OBVESTILO O PI\u0160KOTKIH Na\u0161e spletno mesto uporablja pi\u0161kotke. Pi\u0161kotki so majhne datoteke, ki se shranijo na va\u0161em nosilcu podatkov in v katerih so shranjene dolo\u010dene nastavitve ter podatki za izmenjavo z na\u0161im sistemom preko va\u0161ega brskalnika. Nekateri izmed pi\u0161kotkov, ki jih uporabljamo, se po kon\u010dani seji brskalnika, torej ko zaprete brskalnik, ponovno izbri\u0161ejo (t. i. [&hellip;]","og_url":"https:\/\/eurotin.si\/obvestilo-o-piskotkih\/","og_site_name":"Eurotin","article_modified_time":"2021-11-08T11:14:42+00:00","og_image":[{"width":1920,"height":1280,"url":"https:\/\/eurotin.si\/wp-content\/uploads\/2020\/11\/Eurotin-ponudba-2020.jpg","type":"image\/jpeg"}],"twitter_card":"summary_large_image","twitter_misc":{"Tempo di lettura stimato":"3 minuti"},"schema":{"@context":"https:\/\/schema.org","@graph":[{"@type":"WebPage","@id":"https:\/\/eurotin.si\/obvestilo-o-piskotkih\/","url":"https:\/\/eurotin.si\/obvestilo-o-piskotkih\/","name":"Obvestilo o pi\u0161kotkih - Eurotin","isPartOf":{"@id":"https:\/\/eurotin.si\/en\/#website"},"primaryImageOfPage":{"@id":"https:\/\/eurotin.si\/obvestilo-o-piskotkih\/#primaryimage"},"image":{"@id":"https:\/\/eurotin.si\/obvestilo-o-piskotkih\/#primaryimage"},"thumbnailUrl":"https:\/\/eurotin.si\/wp-content\/uploads\/2020\/11\/Eurotin-ponudba-2020.jpg","datePublished":"2018-02-13T09:14:30+00:00","dateModified":"2021-11-08T11:14:42+00:00","breadcrumb":{"@id":"https:\/\/eurotin.si\/obvestilo-o-piskotkih\/#breadcrumb"},"inLanguage":"it-IT","potentialAction":[{"@type":"ReadAction","target":["https:\/\/eurotin.si\/obvestilo-o-piskotkih\/"]}]},{"@type":"ImageObject","inLanguage":"it-IT","@id":"https:\/\/eurotin.si\/obvestilo-o-piskotkih\/#primaryimage","url":"https:\/\/eurotin.si\/wp-content\/uploads\/2020\/11\/Eurotin-ponudba-2020.jpg","contentUrl":"https:\/\/eurotin.si\/wp-content\/uploads\/2020\/11\/Eurotin-ponudba-2020.jpg","width":1920,"height":1280},{"@type":"BreadcrumbList","@id":"https:\/\/eurotin.si\/obvestilo-o-piskotkih\/#breadcrumb","itemListElement":[{"@type":"ListItem","position":1,"name":"Home","item":"https:\/\/eurotin.si\/it\/"},{"@type":"ListItem","position":2,"name":"Obvestilo o pi\u0161kotkih"}]},{"@type":"WebSite","@id":"https:\/\/eurotin.si\/en\/#website","url":"https:\/\/eurotin.si\/en\/","name":"Eurotin","description":"","publisher":{"@id":"https:\/\/eurotin.si\/en\/#organization"},"potentialAction":[{"@type":"SearchAction","target":{"@type":"EntryPoint","urlTemplate":"https:\/\/eurotin.si\/en\/?s={search_term_string}"},"query-input":{"@type":"PropertyValueSpecification","valueRequired":true,"valueName":"search_term_string"}}],"inLanguage":"it-IT"},{"@type":"Organization","@id":"https:\/\/eurotin.si\/en\/#organization","name":"Eurotin d.o.o.","url":"https:\/\/eurotin.si\/en\/","logo":{"@type":"ImageObject","inLanguage":"it-IT","@id":"https:\/\/eurotin.si\/en\/#\/schema\/logo\/image\/","url":"https:\/\/eurotin.si\/wp-content\/uploads\/2021\/10\/logotip-Eurotin-brez-ozadja.png","contentUrl":"https:\/\/eurotin.si\/wp-content\/uploads\/2021\/10\/logotip-Eurotin-brez-ozadja.png","width":980,"height":231,"caption":"Eurotin d.o.o."},"image":{"@id":"https:\/\/eurotin.si\/en\/#\/schema\/logo\/image\/"}}]}},"_links":{"self":[{"href":"https:\/\/eurotin.si\/it\/wp-json\/wp\/v2\/pages\/41958"}],"collection":[{"href":"https:\/\/eurotin.si\/it\/wp-json\/wp\/v2\/pages"}],"about":[{"href":"https:\/\/eurotin.si\/it\/wp-json\/wp\/v2\/types\/page"}],"author":[{"embeddable":true,"href":"https:\/\/eurotin.si\/it\/wp-json\/wp\/v2\/users\/32"}],"replies":[{"embeddable":true,"href":"https:\/\/eurotin.si\/it\/wp-json\/wp\/v2\/comments?post=41958"}],"version-history":[{"count":1,"href":"https:\/\/eurotin.si\/it\/wp-json\/wp\/v2\/pages\/41958\/revisions"}],"predecessor-version":[{"id":41959,"href":"https:\/\/eurotin.si\/it\/wp-json\/wp\/v2\/pages\/41958\/revisions\/41959"}],"wp:featuredmedia":[{"embeddable":true,"href":"https:\/\/eurotin.si\/it\/wp-json\/wp\/v2\/media\/39589"}],"wp:attachment":[{"href":"https:\/\/eurotin.si\/it\/wp-json\/wp\/v2\/media?parent=41958"}],"curies":[{"name":"wp","href":"https:\/\/api.w.org\/{rel}","templated":true}]}}