{"id":34611,"date":"2019-11-04T21:49:20","date_gmt":"2019-10-17T08:59:20","guid":{"rendered":"https:\/\/www.eurotin.si\/shop\/senza%20categoria\/faro-lavoro-led-286x60x175mm-10-30v-9w-500lm\/"},"modified":"2019-10-17T08:59:35","modified_gmt":"2019-10-17T08:59:35","slug":"faro-lavoro-led-286x60x175mm-10-30v-9w-500lm","status":"publish","type":"product","link":"https:\/\/eurotin.si\/it\/ponudba\/fanaleria\/plafoniere\/faro-lavoro-led-286x60x175mm-10-30v-9w-500lm\/","title":{"rendered":"Faro lavoro LED 286x60x17,5mm 10-30V 9W 500Lm"},"content":{"rendered":"<p>Faro lavoro LED ha dimensioni 286x60x17,5mm e funziona a tensione elettrica 10-30V con una potenza di 9W e un&#8217;intensit\u00e0 luminosa di 500 lumen. Ha un alloggiamento grigio ed \u00e8 impermeabile.<\/p>\n<p>Su richiesta \u00e8 possibile ordinare con diodi LED in altri colori: bianco caldo, giallo, blu e rosso.<\/p>\n<p>&#8211; tensione di alimentazione: 10-30V.<br \/>\n&#8211; potenza: 9W (luce bianca)<br \/>\n&#8211; altri colori dei LED: bianco caldo, giallo, blu, rosso<\/p>\n","protected":false},"excerpt":{"rendered":"<p>Faro lavoro LED ha dimensioni 286x60x17,5mm e funziona a tensione elettrica 10-30V con una potenza di 9W e un&#8217;intensit\u00e0 luminosa di 500 lumen. Ha un alloggiamento grigio ed \u00e8 impermeabile. Su richiesta \u00e8 possibile ordinare con diodi LED in altri colori: bianco caldo, giallo, blu e rosso. &#8211; tensione di alimentazione: 10-30V. &#8211; potenza: 9W [&hellip;]<\/p>\n","protected":false},"featured_media":23611,"template":"","meta":{"_acf_changed":false},"product_cat":[494,504],"product_tag":[],"class_list":{"0":"post-34611","1":"product","2":"type-product","3":"status-publish","4":"has-post-thumbnail","6":"product_cat-fanaleria","7":"product_cat-plafoniere","8":"skupina-rimorchi_e_camper","9":"skupina-veicoli_agricoli","10":"skupina-veicoli_di_emergenza","11":"skupina-aggiornamenti_e_veicoli_speciali","13":"first","14":"outofstock","15":"purchasable","16":"product-type-simple"},"acf":[],"yoast_head":"<!-- This site is optimized with the Yoast SEO plugin v23.5 - https:\/\/yoast.com\/wordpress\/plugins\/seo\/ -->\n<title>Faro lavoro LED 286x60x17,5mm 10-30V 9W 500Lm - Eurotin<\/title>\n<meta name=\"robots\" content=\"index, follow, max-snippet:-1, max-image-preview:large, max-video-preview:-1\" \/>\n<link rel=\"canonical\" href=\"https:\/\/eurotin.si\/it\/ponudba\/fanaleria\/plafoniere\/faro-lavoro-led-286x60x175mm-10-30v-9w-500lm\/\" \/>\n<meta property=\"og:locale\" content=\"it_IT\" \/>\n<meta property=\"og:type\" content=\"article\" \/>\n<meta property=\"og:title\" content=\"Faro lavoro LED 286x60x17,5mm 10-30V 9W 500Lm - Eurotin\" \/>\n<meta property=\"og:description\" content=\"Faro lavoro LED ha dimensioni 286x60x17,5mm e funziona a tensione elettrica 10-30V con una potenza di 9W e un&#8217;intensit\u00e0 luminosa di 500 lumen. Ha un alloggiamento grigio ed \u00e8 impermeabile. Su richiesta \u00e8 possibile ordinare con diodi LED in altri colori: bianco caldo, giallo, blu e rosso. &#8211; tensione di alimentazione: 10-30V. &#8211; potenza: 9W [&hellip;]\" \/>\n<meta property=\"og:url\" content=\"https:\/\/eurotin.si\/it\/ponudba\/fanaleria\/plafoniere\/faro-lavoro-led-286x60x175mm-10-30v-9w-500lm\/\" \/>\n<meta property=\"og:site_name\" content=\"Eurotin\" \/>\n<meta property=\"article:modified_time\" content=\"2019-10-17T08:59:35+00:00\" \/>\n<meta property=\"og:image\" content=\"https:\/\/eurotin.si\/wp-content\/uploads\/2019\/08\/EW300Z18-slika.jpg\" \/>\n\t<meta property=\"og:image:width\" content=\"1020\" \/>\n\t<meta property=\"og:image:height\" content=\"800\" \/>\n\t<meta property=\"og:image:type\" content=\"image\/jpeg\" \/>\n<meta name=\"twitter:card\" content=\"summary_large_image\" \/>\n<script type=\"application\/ld+json\" class=\"yoast-schema-graph\">{\"@context\":\"https:\/\/schema.org\",\"@graph\":[{\"@type\":\"WebPage\",\"@id\":\"https:\/\/eurotin.si\/it\/ponudba\/fanaleria\/plafoniere\/faro-lavoro-led-286x60x175mm-10-30v-9w-500lm\/\",\"url\":\"https:\/\/eurotin.si\/it\/ponudba\/fanaleria\/plafoniere\/faro-lavoro-led-286x60x175mm-10-30v-9w-500lm\/\",\"name\":\"Faro lavoro LED 286x60x17,5mm 10-30V 9W 500Lm - Eurotin\",\"isPartOf\":{\"@id\":\"https:\/\/eurotin.si\/en\/#website\"},\"primaryImageOfPage\":{\"@id\":\"https:\/\/eurotin.si\/it\/ponudba\/fanaleria\/plafoniere\/faro-lavoro-led-286x60x175mm-10-30v-9w-500lm\/#primaryimage\"},\"image\":{\"@id\":\"https:\/\/eurotin.si\/it\/ponudba\/fanaleria\/plafoniere\/faro-lavoro-led-286x60x175mm-10-30v-9w-500lm\/#primaryimage\"},\"thumbnailUrl\":\"https:\/\/eurotin.si\/wp-content\/uploads\/2019\/08\/EW300Z18-slika.jpg\",\"datePublished\":\"2019-10-17T08:59:20+00:00\",\"dateModified\":\"2019-10-17T08:59:35+00:00\",\"breadcrumb\":{\"@id\":\"https:\/\/eurotin.si\/it\/ponudba\/fanaleria\/plafoniere\/faro-lavoro-led-286x60x175mm-10-30v-9w-500lm\/#breadcrumb\"},\"inLanguage\":\"it-IT\",\"potentialAction\":[{\"@type\":\"ReadAction\",\"target\":[\"https:\/\/eurotin.si\/it\/ponudba\/fanaleria\/plafoniere\/faro-lavoro-led-286x60x175mm-10-30v-9w-500lm\/\"]}]},{\"@type\":\"ImageObject\",\"inLanguage\":\"it-IT\",\"@id\":\"https:\/\/eurotin.si\/it\/ponudba\/fanaleria\/plafoniere\/faro-lavoro-led-286x60x175mm-10-30v-9w-500lm\/#primaryimage\",\"url\":\"https:\/\/eurotin.si\/wp-content\/uploads\/2019\/08\/EW300Z18-slika.jpg\",\"contentUrl\":\"https:\/\/eurotin.si\/wp-content\/uploads\/2019\/08\/EW300Z18-slika.jpg\",\"width\":1020,\"height\":800},{\"@type\":\"BreadcrumbList\",\"@id\":\"https:\/\/eurotin.si\/it\/ponudba\/fanaleria\/plafoniere\/faro-lavoro-led-286x60x175mm-10-30v-9w-500lm\/#breadcrumb\",\"itemListElement\":[{\"@type\":\"ListItem\",\"position\":1,\"name\":\"Home\",\"item\":\"https:\/\/eurotin.si\/it\/\"},{\"@type\":\"ListItem\",\"position\":2,\"name\":\"Trgovina\",\"item\":\"https:\/\/eurotin.si\/it\/trgovina\/\"},{\"@type\":\"ListItem\",\"position\":3,\"name\":\"Faro lavoro LED 286x60x17,5mm 10-30V 9W 500Lm\"}]},{\"@type\":\"WebSite\",\"@id\":\"https:\/\/eurotin.si\/en\/#website\",\"url\":\"https:\/\/eurotin.si\/en\/\",\"name\":\"Eurotin\",\"description\":\"\",\"publisher\":{\"@id\":\"https:\/\/eurotin.si\/en\/#organization\"},\"potentialAction\":[{\"@type\":\"SearchAction\",\"target\":{\"@type\":\"EntryPoint\",\"urlTemplate\":\"https:\/\/eurotin.si\/en\/?s={search_term_string}\"},\"query-input\":{\"@type\":\"PropertyValueSpecification\",\"valueRequired\":true,\"valueName\":\"search_term_string\"}}],\"inLanguage\":\"it-IT\"},{\"@type\":\"Organization\",\"@id\":\"https:\/\/eurotin.si\/en\/#organization\",\"name\":\"Eurotin d.o.o.\",\"url\":\"https:\/\/eurotin.si\/en\/\",\"logo\":{\"@type\":\"ImageObject\",\"inLanguage\":\"it-IT\",\"@id\":\"https:\/\/eurotin.si\/en\/#\/schema\/logo\/image\/\",\"url\":\"https:\/\/eurotin.si\/wp-content\/uploads\/2021\/10\/logotip-Eurotin-brez-ozadja.png\",\"contentUrl\":\"https:\/\/eurotin.si\/wp-content\/uploads\/2021\/10\/logotip-Eurotin-brez-ozadja.png\",\"width\":980,\"height\":231,\"caption\":\"Eurotin d.o.o.\"},\"image\":{\"@id\":\"https:\/\/eurotin.si\/en\/#\/schema\/logo\/image\/\"}}]}<\/script>\n<!-- \/ Yoast SEO plugin. -->","yoast_head_json":{"title":"Faro lavoro LED 286x60x17,5mm 10-30V 9W 500Lm - Eurotin","robots":{"index":"index","follow":"follow","max-snippet":"max-snippet:-1","max-image-preview":"max-image-preview:large","max-video-preview":"max-video-preview:-1"},"canonical":"https:\/\/eurotin.si\/it\/ponudba\/fanaleria\/plafoniere\/faro-lavoro-led-286x60x175mm-10-30v-9w-500lm\/","og_locale":"it_IT","og_type":"article","og_title":"Faro lavoro LED 286x60x17,5mm 10-30V 9W 500Lm - Eurotin","og_description":"Faro lavoro LED ha dimensioni 286x60x17,5mm e funziona a tensione elettrica 10-30V con una potenza di 9W e un&#8217;intensit\u00e0 luminosa di 500 lumen. Ha un alloggiamento grigio ed \u00e8 impermeabile. Su richiesta \u00e8 possibile ordinare con diodi LED in altri colori: bianco caldo, giallo, blu e rosso. &#8211; tensione di alimentazione: 10-30V. &#8211; potenza: 9W [&hellip;]","og_url":"https:\/\/eurotin.si\/it\/ponudba\/fanaleria\/plafoniere\/faro-lavoro-led-286x60x175mm-10-30v-9w-500lm\/","og_site_name":"Eurotin","article_modified_time":"2019-10-17T08:59:35+00:00","og_image":[{"width":1020,"height":800,"url":"https:\/\/eurotin.si\/wp-content\/uploads\/2019\/08\/EW300Z18-slika.jpg","type":"image\/jpeg"}],"twitter_card":"summary_large_image","schema":{"@context":"https:\/\/schema.org","@graph":[{"@type":"WebPage","@id":"https:\/\/eurotin.si\/it\/ponudba\/fanaleria\/plafoniere\/faro-lavoro-led-286x60x175mm-10-30v-9w-500lm\/","url":"https:\/\/eurotin.si\/it\/ponudba\/fanaleria\/plafoniere\/faro-lavoro-led-286x60x175mm-10-30v-9w-500lm\/","name":"Faro lavoro LED 286x60x17,5mm 10-30V 9W 500Lm - Eurotin","isPartOf":{"@id":"https:\/\/eurotin.si\/en\/#website"},"primaryImageOfPage":{"@id":"https:\/\/eurotin.si\/it\/ponudba\/fanaleria\/plafoniere\/faro-lavoro-led-286x60x175mm-10-30v-9w-500lm\/#primaryimage"},"image":{"@id":"https:\/\/eurotin.si\/it\/ponudba\/fanaleria\/plafoniere\/faro-lavoro-led-286x60x175mm-10-30v-9w-500lm\/#primaryimage"},"thumbnailUrl":"https:\/\/eurotin.si\/wp-content\/uploads\/2019\/08\/EW300Z18-slika.jpg","datePublished":"2019-10-17T08:59:20+00:00","dateModified":"2019-10-17T08:59:35+00:00","breadcrumb":{"@id":"https:\/\/eurotin.si\/it\/ponudba\/fanaleria\/plafoniere\/faro-lavoro-led-286x60x175mm-10-30v-9w-500lm\/#breadcrumb"},"inLanguage":"it-IT","potentialAction":[{"@type":"ReadAction","target":["https:\/\/eurotin.si\/it\/ponudba\/fanaleria\/plafoniere\/faro-lavoro-led-286x60x175mm-10-30v-9w-500lm\/"]}]},{"@type":"ImageObject","inLanguage":"it-IT","@id":"https:\/\/eurotin.si\/it\/ponudba\/fanaleria\/plafoniere\/faro-lavoro-led-286x60x175mm-10-30v-9w-500lm\/#primaryimage","url":"https:\/\/eurotin.si\/wp-content\/uploads\/2019\/08\/EW300Z18-slika.jpg","contentUrl":"https:\/\/eurotin.si\/wp-content\/uploads\/2019\/08\/EW300Z18-slika.jpg","width":1020,"height":800},{"@type":"BreadcrumbList","@id":"https:\/\/eurotin.si\/it\/ponudba\/fanaleria\/plafoniere\/faro-lavoro-led-286x60x175mm-10-30v-9w-500lm\/#breadcrumb","itemListElement":[{"@type":"ListItem","position":1,"name":"Home","item":"https:\/\/eurotin.si\/it\/"},{"@type":"ListItem","position":2,"name":"Trgovina","item":"https:\/\/eurotin.si\/it\/trgovina\/"},{"@type":"ListItem","position":3,"name":"Faro lavoro LED 286x60x17,5mm 10-30V 9W 500Lm"}]},{"@type":"WebSite","@id":"https:\/\/eurotin.si\/en\/#website","url":"https:\/\/eurotin.si\/en\/","name":"Eurotin","description":"","publisher":{"@id":"https:\/\/eurotin.si\/en\/#organization"},"potentialAction":[{"@type":"SearchAction","target":{"@type":"EntryPoint","urlTemplate":"https:\/\/eurotin.si\/en\/?s={search_term_string}"},"query-input":{"@type":"PropertyValueSpecification","valueRequired":true,"valueName":"search_term_string"}}],"inLanguage":"it-IT"},{"@type":"Organization","@id":"https:\/\/eurotin.si\/en\/#organization","name":"Eurotin d.o.o.","url":"https:\/\/eurotin.si\/en\/","logo":{"@type":"ImageObject","inLanguage":"it-IT","@id":"https:\/\/eurotin.si\/en\/#\/schema\/logo\/image\/","url":"https:\/\/eurotin.si\/wp-content\/uploads\/2021\/10\/logotip-Eurotin-brez-ozadja.png","contentUrl":"https:\/\/eurotin.si\/wp-content\/uploads\/2021\/10\/logotip-Eurotin-brez-ozadja.png","width":980,"height":231,"caption":"Eurotin d.o.o."},"image":{"@id":"https:\/\/eurotin.si\/en\/#\/schema\/logo\/image\/"}}]}},"_links":{"self":[{"href":"https:\/\/eurotin.si\/it\/wp-json\/wp\/v2\/product\/34611"}],"collection":[{"href":"https:\/\/eurotin.si\/it\/wp-json\/wp\/v2\/product"}],"about":[{"href":"https:\/\/eurotin.si\/it\/wp-json\/wp\/v2\/types\/product"}],"wp:featuredmedia":[{"embeddable":true,"href":"https:\/\/eurotin.si\/it\/wp-json\/wp\/v2\/media\/23611"}],"wp:attachment":[{"href":"https:\/\/eurotin.si\/it\/wp-json\/wp\/v2\/media?parent=34611"}],"wp:term":[{"taxonomy":"product_cat","embeddable":true,"href":"https:\/\/eurotin.si\/it\/wp-json\/wp\/v2\/product_cat?post=34611"},{"taxonomy":"product_tag","embeddable":true,"href":"https:\/\/eurotin.si\/it\/wp-json\/wp\/v2\/product_tag?post=34611"}],"curies":[{"name":"wp","href":"https:\/\/api.w.org\/{rel}","templated":true}]}}