{"id":35446,"date":"2019-11-04T22:10:46","date_gmt":"2019-10-17T09:15:17","guid":{"rendered":"https:\/\/www.eurotin.si\/shop\/senza%20categoria\/faro-lavoro-led-110x110mm-10-110v-27w\/"},"modified":"2025-11-19T09:54:42","modified_gmt":"2025-11-19T08:54:42","slug":"faro-lavoro-led-110x110mm-10-110v-27w","status":"publish","type":"product","link":"https:\/\/eurotin.si\/it\/ponudba\/fanaleria\/fari-lavoro\/faro-lavoro-led-110x110mm-10-110v-27w\/","title":{"rendered":"Faro lavoro LED 110x110mm 10-110V 27W"},"content":{"rendered":"<p>Faro lavoro LED ha dimensioni 110x110mm e funziona a tensione elettrica 10-110V con una potenza di 27W. Ha nove LED da 3W con un&#8217;intensit\u00e0 luminosa totale di 1800 lumen. Con un&#8217;uscita elettrica fino a 110V, \u00e8 particolarmente adatto per carrelli elevatori.<\/p>\n<p>&#8211; dimensioni: 110x110mm; profondit\u00e0 50mm<br \/>\n&#8211; potenza: 27W<br \/>\n&#8211; tensione di alimentazione: (V): 10-110 DC<br \/>\n&#8211; lumen: 1800Lm<br \/>\n&#8211; grado di protezione IP: IP67<br \/>\n&#8211; omologazione: EMC<br \/>\n&#8211; connessione: cavo 450mm<\/p>\n","protected":false},"excerpt":{"rendered":"<p>Faro lavoro LED ha dimensioni 110x110mm e funziona a tensione elettrica 10-110V con una potenza di 27W. Ha nove LED da 3W con un&#8217;intensit\u00e0 luminosa totale di 1800 lumen. Con un&#8217;uscita elettrica fino a 110V, \u00e8 particolarmente adatto per carrelli elevatori. &#8211; dimensioni: 110x110mm; profondit\u00e0 50mm &#8211; potenza: 27W &#8211; tensione di alimentazione: (V): 10-110 [&hellip;]<\/p>\n","protected":false},"featured_media":47723,"template":"","meta":{"_acf_changed":false},"product_cat":[494,499],"product_tag":[],"class_list":{"0":"post-35446","1":"product","2":"type-product","3":"status-publish","4":"has-post-thumbnail","6":"product_cat-fanaleria","7":"product_cat-fari-lavoro","8":"skupina-carrelli_elevatori","9":"skupina-aggiornamenti_e_veicoli_speciali","11":"first","12":"instock","13":"purchasable","14":"product-type-simple"},"acf":[],"yoast_head":"<!-- This site is optimized with the Yoast SEO plugin v23.5 - https:\/\/yoast.com\/wordpress\/plugins\/seo\/ -->\n<title>Faro lavoro LED 110x110mm 10-110V 27W - Eurotin<\/title>\n<meta name=\"robots\" content=\"index, follow, max-snippet:-1, max-image-preview:large, max-video-preview:-1\" \/>\n<link rel=\"canonical\" href=\"https:\/\/eurotin.si\/it\/ponudba\/fanaleria\/fari-lavoro\/faro-lavoro-led-110x110mm-10-110v-27w\/\" \/>\n<meta property=\"og:locale\" content=\"it_IT\" \/>\n<meta property=\"og:type\" content=\"article\" \/>\n<meta property=\"og:title\" content=\"Faro lavoro LED 110x110mm 10-110V 27W - Eurotin\" \/>\n<meta property=\"og:description\" content=\"Faro lavoro LED ha dimensioni 110x110mm e funziona a tensione elettrica 10-110V con una potenza di 27W. Ha nove LED da 3W con un&#8217;intensit\u00e0 luminosa totale di 1800 lumen. Con un&#8217;uscita elettrica fino a 110V, \u00e8 particolarmente adatto per carrelli elevatori. &#8211; dimensioni: 110x110mm; profondit\u00e0 50mm &#8211; potenza: 27W &#8211; tensione di alimentazione: (V): 10-110 [&hellip;]\" \/>\n<meta property=\"og:url\" content=\"https:\/\/eurotin.si\/it\/ponudba\/fanaleria\/fari-lavoro\/faro-lavoro-led-110x110mm-10-110v-27w\/\" \/>\n<meta property=\"og:site_name\" content=\"Eurotin\" \/>\n<meta property=\"article:modified_time\" content=\"2025-11-19T08:54:42+00:00\" \/>\n<meta property=\"og:image\" content=\"https:\/\/eurotin.si\/wp-content\/uploads\/2019\/11\/EWL512724-slika-1.jpg\" \/>\n\t<meta property=\"og:image:width\" content=\"1280\" \/>\n\t<meta property=\"og:image:height\" content=\"800\" \/>\n\t<meta property=\"og:image:type\" content=\"image\/jpeg\" \/>\n<meta name=\"twitter:card\" content=\"summary_large_image\" \/>\n<meta name=\"twitter:label1\" content=\"Tempo di lettura stimato\" \/>\n\t<meta name=\"twitter:data1\" content=\"1 minuto\" \/>\n<script type=\"application\/ld+json\" class=\"yoast-schema-graph\">{\"@context\":\"https:\/\/schema.org\",\"@graph\":[{\"@type\":\"WebPage\",\"@id\":\"https:\/\/eurotin.si\/it\/ponudba\/fanaleria\/fari-lavoro\/faro-lavoro-led-110x110mm-10-110v-27w\/\",\"url\":\"https:\/\/eurotin.si\/it\/ponudba\/fanaleria\/fari-lavoro\/faro-lavoro-led-110x110mm-10-110v-27w\/\",\"name\":\"Faro lavoro LED 110x110mm 10-110V 27W - Eurotin\",\"isPartOf\":{\"@id\":\"https:\/\/eurotin.si\/en\/#website\"},\"primaryImageOfPage\":{\"@id\":\"https:\/\/eurotin.si\/it\/ponudba\/fanaleria\/fari-lavoro\/faro-lavoro-led-110x110mm-10-110v-27w\/#primaryimage\"},\"image\":{\"@id\":\"https:\/\/eurotin.si\/it\/ponudba\/fanaleria\/fari-lavoro\/faro-lavoro-led-110x110mm-10-110v-27w\/#primaryimage\"},\"thumbnailUrl\":\"https:\/\/eurotin.si\/wp-content\/uploads\/2019\/11\/EWL512724-slika-1.jpg\",\"datePublished\":\"2019-10-17T09:15:17+00:00\",\"dateModified\":\"2025-11-19T08:54:42+00:00\",\"breadcrumb\":{\"@id\":\"https:\/\/eurotin.si\/it\/ponudba\/fanaleria\/fari-lavoro\/faro-lavoro-led-110x110mm-10-110v-27w\/#breadcrumb\"},\"inLanguage\":\"it-IT\",\"potentialAction\":[{\"@type\":\"ReadAction\",\"target\":[\"https:\/\/eurotin.si\/it\/ponudba\/fanaleria\/fari-lavoro\/faro-lavoro-led-110x110mm-10-110v-27w\/\"]}]},{\"@type\":\"ImageObject\",\"inLanguage\":\"it-IT\",\"@id\":\"https:\/\/eurotin.si\/it\/ponudba\/fanaleria\/fari-lavoro\/faro-lavoro-led-110x110mm-10-110v-27w\/#primaryimage\",\"url\":\"https:\/\/eurotin.si\/wp-content\/uploads\/2019\/11\/EWL512724-slika-1.jpg\",\"contentUrl\":\"https:\/\/eurotin.si\/wp-content\/uploads\/2019\/11\/EWL512724-slika-1.jpg\",\"width\":1280,\"height\":800},{\"@type\":\"BreadcrumbList\",\"@id\":\"https:\/\/eurotin.si\/it\/ponudba\/fanaleria\/fari-lavoro\/faro-lavoro-led-110x110mm-10-110v-27w\/#breadcrumb\",\"itemListElement\":[{\"@type\":\"ListItem\",\"position\":1,\"name\":\"Home\",\"item\":\"https:\/\/eurotin.si\/it\/\"},{\"@type\":\"ListItem\",\"position\":2,\"name\":\"Trgovina\",\"item\":\"https:\/\/eurotin.si\/it\/trgovina\/\"},{\"@type\":\"ListItem\",\"position\":3,\"name\":\"Faro lavoro LED 110x110mm 10-110V 27W\"}]},{\"@type\":\"WebSite\",\"@id\":\"https:\/\/eurotin.si\/en\/#website\",\"url\":\"https:\/\/eurotin.si\/en\/\",\"name\":\"Eurotin\",\"description\":\"\",\"publisher\":{\"@id\":\"https:\/\/eurotin.si\/en\/#organization\"},\"potentialAction\":[{\"@type\":\"SearchAction\",\"target\":{\"@type\":\"EntryPoint\",\"urlTemplate\":\"https:\/\/eurotin.si\/en\/?s={search_term_string}\"},\"query-input\":{\"@type\":\"PropertyValueSpecification\",\"valueRequired\":true,\"valueName\":\"search_term_string\"}}],\"inLanguage\":\"it-IT\"},{\"@type\":\"Organization\",\"@id\":\"https:\/\/eurotin.si\/en\/#organization\",\"name\":\"Eurotin d.o.o.\",\"url\":\"https:\/\/eurotin.si\/en\/\",\"logo\":{\"@type\":\"ImageObject\",\"inLanguage\":\"it-IT\",\"@id\":\"https:\/\/eurotin.si\/en\/#\/schema\/logo\/image\/\",\"url\":\"https:\/\/eurotin.si\/wp-content\/uploads\/2021\/10\/logotip-Eurotin-brez-ozadja.png\",\"contentUrl\":\"https:\/\/eurotin.si\/wp-content\/uploads\/2021\/10\/logotip-Eurotin-brez-ozadja.png\",\"width\":980,\"height\":231,\"caption\":\"Eurotin d.o.o.\"},\"image\":{\"@id\":\"https:\/\/eurotin.si\/en\/#\/schema\/logo\/image\/\"}}]}<\/script>\n<!-- \/ Yoast SEO plugin. -->","yoast_head_json":{"title":"Faro lavoro LED 110x110mm 10-110V 27W - Eurotin","robots":{"index":"index","follow":"follow","max-snippet":"max-snippet:-1","max-image-preview":"max-image-preview:large","max-video-preview":"max-video-preview:-1"},"canonical":"https:\/\/eurotin.si\/it\/ponudba\/fanaleria\/fari-lavoro\/faro-lavoro-led-110x110mm-10-110v-27w\/","og_locale":"it_IT","og_type":"article","og_title":"Faro lavoro LED 110x110mm 10-110V 27W - Eurotin","og_description":"Faro lavoro LED ha dimensioni 110x110mm e funziona a tensione elettrica 10-110V con una potenza di 27W. Ha nove LED da 3W con un&#8217;intensit\u00e0 luminosa totale di 1800 lumen. Con un&#8217;uscita elettrica fino a 110V, \u00e8 particolarmente adatto per carrelli elevatori. &#8211; dimensioni: 110x110mm; profondit\u00e0 50mm &#8211; potenza: 27W &#8211; tensione di alimentazione: (V): 10-110 [&hellip;]","og_url":"https:\/\/eurotin.si\/it\/ponudba\/fanaleria\/fari-lavoro\/faro-lavoro-led-110x110mm-10-110v-27w\/","og_site_name":"Eurotin","article_modified_time":"2025-11-19T08:54:42+00:00","og_image":[{"width":1280,"height":800,"url":"https:\/\/eurotin.si\/wp-content\/uploads\/2019\/11\/EWL512724-slika-1.jpg","type":"image\/jpeg"}],"twitter_card":"summary_large_image","twitter_misc":{"Tempo di lettura stimato":"1 minuto"},"schema":{"@context":"https:\/\/schema.org","@graph":[{"@type":"WebPage","@id":"https:\/\/eurotin.si\/it\/ponudba\/fanaleria\/fari-lavoro\/faro-lavoro-led-110x110mm-10-110v-27w\/","url":"https:\/\/eurotin.si\/it\/ponudba\/fanaleria\/fari-lavoro\/faro-lavoro-led-110x110mm-10-110v-27w\/","name":"Faro lavoro LED 110x110mm 10-110V 27W - Eurotin","isPartOf":{"@id":"https:\/\/eurotin.si\/en\/#website"},"primaryImageOfPage":{"@id":"https:\/\/eurotin.si\/it\/ponudba\/fanaleria\/fari-lavoro\/faro-lavoro-led-110x110mm-10-110v-27w\/#primaryimage"},"image":{"@id":"https:\/\/eurotin.si\/it\/ponudba\/fanaleria\/fari-lavoro\/faro-lavoro-led-110x110mm-10-110v-27w\/#primaryimage"},"thumbnailUrl":"https:\/\/eurotin.si\/wp-content\/uploads\/2019\/11\/EWL512724-slika-1.jpg","datePublished":"2019-10-17T09:15:17+00:00","dateModified":"2025-11-19T08:54:42+00:00","breadcrumb":{"@id":"https:\/\/eurotin.si\/it\/ponudba\/fanaleria\/fari-lavoro\/faro-lavoro-led-110x110mm-10-110v-27w\/#breadcrumb"},"inLanguage":"it-IT","potentialAction":[{"@type":"ReadAction","target":["https:\/\/eurotin.si\/it\/ponudba\/fanaleria\/fari-lavoro\/faro-lavoro-led-110x110mm-10-110v-27w\/"]}]},{"@type":"ImageObject","inLanguage":"it-IT","@id":"https:\/\/eurotin.si\/it\/ponudba\/fanaleria\/fari-lavoro\/faro-lavoro-led-110x110mm-10-110v-27w\/#primaryimage","url":"https:\/\/eurotin.si\/wp-content\/uploads\/2019\/11\/EWL512724-slika-1.jpg","contentUrl":"https:\/\/eurotin.si\/wp-content\/uploads\/2019\/11\/EWL512724-slika-1.jpg","width":1280,"height":800},{"@type":"BreadcrumbList","@id":"https:\/\/eurotin.si\/it\/ponudba\/fanaleria\/fari-lavoro\/faro-lavoro-led-110x110mm-10-110v-27w\/#breadcrumb","itemListElement":[{"@type":"ListItem","position":1,"name":"Home","item":"https:\/\/eurotin.si\/it\/"},{"@type":"ListItem","position":2,"name":"Trgovina","item":"https:\/\/eurotin.si\/it\/trgovina\/"},{"@type":"ListItem","position":3,"name":"Faro lavoro LED 110x110mm 10-110V 27W"}]},{"@type":"WebSite","@id":"https:\/\/eurotin.si\/en\/#website","url":"https:\/\/eurotin.si\/en\/","name":"Eurotin","description":"","publisher":{"@id":"https:\/\/eurotin.si\/en\/#organization"},"potentialAction":[{"@type":"SearchAction","target":{"@type":"EntryPoint","urlTemplate":"https:\/\/eurotin.si\/en\/?s={search_term_string}"},"query-input":{"@type":"PropertyValueSpecification","valueRequired":true,"valueName":"search_term_string"}}],"inLanguage":"it-IT"},{"@type":"Organization","@id":"https:\/\/eurotin.si\/en\/#organization","name":"Eurotin d.o.o.","url":"https:\/\/eurotin.si\/en\/","logo":{"@type":"ImageObject","inLanguage":"it-IT","@id":"https:\/\/eurotin.si\/en\/#\/schema\/logo\/image\/","url":"https:\/\/eurotin.si\/wp-content\/uploads\/2021\/10\/logotip-Eurotin-brez-ozadja.png","contentUrl":"https:\/\/eurotin.si\/wp-content\/uploads\/2021\/10\/logotip-Eurotin-brez-ozadja.png","width":980,"height":231,"caption":"Eurotin d.o.o."},"image":{"@id":"https:\/\/eurotin.si\/en\/#\/schema\/logo\/image\/"}}]}},"_links":{"self":[{"href":"https:\/\/eurotin.si\/it\/wp-json\/wp\/v2\/product\/35446"}],"collection":[{"href":"https:\/\/eurotin.si\/it\/wp-json\/wp\/v2\/product"}],"about":[{"href":"https:\/\/eurotin.si\/it\/wp-json\/wp\/v2\/types\/product"}],"wp:featuredmedia":[{"embeddable":true,"href":"https:\/\/eurotin.si\/it\/wp-json\/wp\/v2\/media\/47723"}],"wp:attachment":[{"href":"https:\/\/eurotin.si\/it\/wp-json\/wp\/v2\/media?parent=35446"}],"wp:term":[{"taxonomy":"product_cat","embeddable":true,"href":"https:\/\/eurotin.si\/it\/wp-json\/wp\/v2\/product_cat?post=35446"},{"taxonomy":"product_tag","embeddable":true,"href":"https:\/\/eurotin.si\/it\/wp-json\/wp\/v2\/product_tag?post=35446"}],"curies":[{"name":"wp","href":"https:\/\/api.w.org\/{rel}","templated":true}]}}