{"id":40577,"date":"2021-06-11T11:05:58","date_gmt":"2021-06-11T09:14:04","guid":{"rendered":"https:\/\/www.eurotin.si\/ponudba\/senza%20categoria\/barra-luminosa-led-558x57mm-180w-10-48v\/"},"modified":"2022-04-22T12:37:56","modified_gmt":"2022-04-22T10:37:56","slug":"barra-luminosa-led-558x57mm-180w-10-48v","status":"publish","type":"product","link":"https:\/\/eurotin.si\/it\/ponudba\/fanaleria\/fari-lavoro\/barra-luminosa-led-558x57mm-180w-10-48v\/","title":{"rendered":"Barra luminosa LED 558x57mm 180W 10-48V"},"content":{"rendered":"<p>Barra luminosa LED con dimensioni 558x57x90mm e funziona a tensione elettrica 10-48V con una potenza di 180W. Ha trentasei Osram LED da 5W con un\u2019intensit\u00e0 luminosa totale di 13000 lumen. La barra luminosa ha lente rifrangente per migliore formazione del fascio.<\/p>\n<p>Il design a parabola riflettente (Inglese.: reflector-facing LED design \u2013 RF-LED) \u00e8 un riflettore avanzato progettato al computer con pi\u00f9 superfici che concentrano e focalizzano in modo pi\u00f9 preciso il raggio di luce nei LED orientati alla parabola. Un tale design, che con un fascio di luce orientato con precisione e una maggiore potenza luminosa per watt (W) rispetto al design dei LED rivolti in avanti, offre una maggiore visibilit\u00e0 in tutte le condizioni atmosferiche.<\/p>\n<p>\u2013 dimensioni: 558x57x90mm<br \/>\n\u2013 potenza: 180W (36x 5W Osram LED)<br \/>\n\u2013 tensione di alimentazione: 10-48V<br \/>\n\u2013 lumen: 15120Lm (effettiva 13000Lm)<br \/>\n\u2013 fascio: fascio ultra largo<br \/>\n\u2013 grado di protezione IP: IP67, IP69K<br \/>\n\u2013 omologazione: CISPR25 Class 3, ECE R10<br \/>\n\u2013 connessione: connettore Deutsch<\/p>\n","protected":false},"excerpt":{"rendered":"<p>Barra luminosa LED con dimensioni 558x57x90mm e funziona a tensione elettrica 10-48V con una potenza di 180W. Ha trentasei Osram LED da 5W con un\u2019intensit\u00e0 luminosa totale di 13000 lumen. La barra luminosa ha lente rifrangente per migliore formazione del fascio. Il design a parabola riflettente (Inglese.: reflector-facing LED design \u2013 RF-LED) \u00e8 un riflettore [&hellip;]<\/p>\n","protected":false},"featured_media":40877,"template":"","meta":{"_acf_changed":false},"product_cat":[494,570,499],"product_tag":[],"class_list":{"0":"post-40577","1":"product","2":"type-product","3":"status-publish","4":"has-post-thumbnail","6":"product_cat-fanaleria","7":"product_cat-barre-luminose-it","8":"product_cat-fari-lavoro","9":"skupina-camion_e_autocarri","10":"skupina-aggiornamenti_e_veicoli_speciali","12":"first","13":"instock","14":"taxable","15":"shipping-taxable","16":"purchasable","17":"product-type-simple"},"acf":[],"yoast_head":"<!-- This site is optimized with the Yoast SEO plugin v23.5 - https:\/\/yoast.com\/wordpress\/plugins\/seo\/ -->\n<title>Barra luminosa LED 558x57mm 180W 10-48V - Eurotin<\/title>\n<meta name=\"robots\" content=\"index, follow, max-snippet:-1, max-image-preview:large, max-video-preview:-1\" \/>\n<link rel=\"canonical\" href=\"https:\/\/eurotin.si\/it\/ponudba\/fanaleria\/fari-lavoro\/barra-luminosa-led-558x57mm-180w-10-48v\/\" \/>\n<meta property=\"og:locale\" content=\"it_IT\" \/>\n<meta property=\"og:type\" content=\"article\" \/>\n<meta property=\"og:title\" content=\"Barra luminosa LED 558x57mm 180W 10-48V - Eurotin\" \/>\n<meta property=\"og:description\" content=\"Barra luminosa LED con dimensioni 558x57x90mm e funziona a tensione elettrica 10-48V con una potenza di 180W. Ha trentasei Osram LED da 5W con un\u2019intensit\u00e0 luminosa totale di 13000 lumen. La barra luminosa ha lente rifrangente per migliore formazione del fascio. Il design a parabola riflettente (Inglese.: reflector-facing LED design \u2013 RF-LED) \u00e8 un riflettore [&hellip;]\" \/>\n<meta property=\"og:url\" content=\"https:\/\/eurotin.si\/it\/ponudba\/fanaleria\/fari-lavoro\/barra-luminosa-led-558x57mm-180w-10-48v\/\" \/>\n<meta property=\"og:site_name\" content=\"Eurotin\" \/>\n<meta property=\"article:modified_time\" content=\"2022-04-22T10:37:56+00:00\" \/>\n<meta property=\"og:image\" content=\"https:\/\/eurotin.si\/wp-content\/uploads\/2021\/06\/EWL5821180-slika-1.jpg\" \/>\n\t<meta property=\"og:image:width\" content=\"1020\" \/>\n\t<meta property=\"og:image:height\" content=\"800\" \/>\n\t<meta property=\"og:image:type\" content=\"image\/jpeg\" \/>\n<meta name=\"twitter:card\" content=\"summary_large_image\" \/>\n<meta name=\"twitter:label1\" content=\"Tempo di lettura stimato\" \/>\n\t<meta name=\"twitter:data1\" content=\"1 minuto\" \/>\n<script type=\"application\/ld+json\" class=\"yoast-schema-graph\">{\"@context\":\"https:\/\/schema.org\",\"@graph\":[{\"@type\":\"WebPage\",\"@id\":\"https:\/\/eurotin.si\/it\/ponudba\/fanaleria\/fari-lavoro\/barra-luminosa-led-558x57mm-180w-10-48v\/\",\"url\":\"https:\/\/eurotin.si\/it\/ponudba\/fanaleria\/fari-lavoro\/barra-luminosa-led-558x57mm-180w-10-48v\/\",\"name\":\"Barra luminosa LED 558x57mm 180W 10-48V - Eurotin\",\"isPartOf\":{\"@id\":\"https:\/\/eurotin.si\/en\/#website\"},\"primaryImageOfPage\":{\"@id\":\"https:\/\/eurotin.si\/it\/ponudba\/fanaleria\/fari-lavoro\/barra-luminosa-led-558x57mm-180w-10-48v\/#primaryimage\"},\"image\":{\"@id\":\"https:\/\/eurotin.si\/it\/ponudba\/fanaleria\/fari-lavoro\/barra-luminosa-led-558x57mm-180w-10-48v\/#primaryimage\"},\"thumbnailUrl\":\"https:\/\/eurotin.si\/wp-content\/uploads\/2021\/06\/EWL5821180-slika-1.jpg\",\"datePublished\":\"2021-06-11T09:14:04+00:00\",\"dateModified\":\"2022-04-22T10:37:56+00:00\",\"breadcrumb\":{\"@id\":\"https:\/\/eurotin.si\/it\/ponudba\/fanaleria\/fari-lavoro\/barra-luminosa-led-558x57mm-180w-10-48v\/#breadcrumb\"},\"inLanguage\":\"it-IT\",\"potentialAction\":[{\"@type\":\"ReadAction\",\"target\":[\"https:\/\/eurotin.si\/it\/ponudba\/fanaleria\/fari-lavoro\/barra-luminosa-led-558x57mm-180w-10-48v\/\"]}]},{\"@type\":\"ImageObject\",\"inLanguage\":\"it-IT\",\"@id\":\"https:\/\/eurotin.si\/it\/ponudba\/fanaleria\/fari-lavoro\/barra-luminosa-led-558x57mm-180w-10-48v\/#primaryimage\",\"url\":\"https:\/\/eurotin.si\/wp-content\/uploads\/2021\/06\/EWL5821180-slika-1.jpg\",\"contentUrl\":\"https:\/\/eurotin.si\/wp-content\/uploads\/2021\/06\/EWL5821180-slika-1.jpg\",\"width\":1020,\"height\":800},{\"@type\":\"BreadcrumbList\",\"@id\":\"https:\/\/eurotin.si\/it\/ponudba\/fanaleria\/fari-lavoro\/barra-luminosa-led-558x57mm-180w-10-48v\/#breadcrumb\",\"itemListElement\":[{\"@type\":\"ListItem\",\"position\":1,\"name\":\"Home\",\"item\":\"https:\/\/eurotin.si\/it\/\"},{\"@type\":\"ListItem\",\"position\":2,\"name\":\"Trgovina\",\"item\":\"https:\/\/eurotin.si\/it\/trgovina\/\"},{\"@type\":\"ListItem\",\"position\":3,\"name\":\"Barra luminosa LED 558x57mm 180W 10-48V\"}]},{\"@type\":\"WebSite\",\"@id\":\"https:\/\/eurotin.si\/en\/#website\",\"url\":\"https:\/\/eurotin.si\/en\/\",\"name\":\"Eurotin\",\"description\":\"\",\"publisher\":{\"@id\":\"https:\/\/eurotin.si\/en\/#organization\"},\"potentialAction\":[{\"@type\":\"SearchAction\",\"target\":{\"@type\":\"EntryPoint\",\"urlTemplate\":\"https:\/\/eurotin.si\/en\/?s={search_term_string}\"},\"query-input\":{\"@type\":\"PropertyValueSpecification\",\"valueRequired\":true,\"valueName\":\"search_term_string\"}}],\"inLanguage\":\"it-IT\"},{\"@type\":\"Organization\",\"@id\":\"https:\/\/eurotin.si\/en\/#organization\",\"name\":\"Eurotin d.o.o.\",\"url\":\"https:\/\/eurotin.si\/en\/\",\"logo\":{\"@type\":\"ImageObject\",\"inLanguage\":\"it-IT\",\"@id\":\"https:\/\/eurotin.si\/en\/#\/schema\/logo\/image\/\",\"url\":\"https:\/\/eurotin.si\/wp-content\/uploads\/2021\/10\/logotip-Eurotin-brez-ozadja.png\",\"contentUrl\":\"https:\/\/eurotin.si\/wp-content\/uploads\/2021\/10\/logotip-Eurotin-brez-ozadja.png\",\"width\":980,\"height\":231,\"caption\":\"Eurotin d.o.o.\"},\"image\":{\"@id\":\"https:\/\/eurotin.si\/en\/#\/schema\/logo\/image\/\"}}]}<\/script>\n<!-- \/ Yoast SEO plugin. -->","yoast_head_json":{"title":"Barra luminosa LED 558x57mm 180W 10-48V - Eurotin","robots":{"index":"index","follow":"follow","max-snippet":"max-snippet:-1","max-image-preview":"max-image-preview:large","max-video-preview":"max-video-preview:-1"},"canonical":"https:\/\/eurotin.si\/it\/ponudba\/fanaleria\/fari-lavoro\/barra-luminosa-led-558x57mm-180w-10-48v\/","og_locale":"it_IT","og_type":"article","og_title":"Barra luminosa LED 558x57mm 180W 10-48V - Eurotin","og_description":"Barra luminosa LED con dimensioni 558x57x90mm e funziona a tensione elettrica 10-48V con una potenza di 180W. Ha trentasei Osram LED da 5W con un\u2019intensit\u00e0 luminosa totale di 13000 lumen. La barra luminosa ha lente rifrangente per migliore formazione del fascio. Il design a parabola riflettente (Inglese.: reflector-facing LED design \u2013 RF-LED) \u00e8 un riflettore [&hellip;]","og_url":"https:\/\/eurotin.si\/it\/ponudba\/fanaleria\/fari-lavoro\/barra-luminosa-led-558x57mm-180w-10-48v\/","og_site_name":"Eurotin","article_modified_time":"2022-04-22T10:37:56+00:00","og_image":[{"width":1020,"height":800,"url":"https:\/\/eurotin.si\/wp-content\/uploads\/2021\/06\/EWL5821180-slika-1.jpg","type":"image\/jpeg"}],"twitter_card":"summary_large_image","twitter_misc":{"Tempo di lettura stimato":"1 minuto"},"schema":{"@context":"https:\/\/schema.org","@graph":[{"@type":"WebPage","@id":"https:\/\/eurotin.si\/it\/ponudba\/fanaleria\/fari-lavoro\/barra-luminosa-led-558x57mm-180w-10-48v\/","url":"https:\/\/eurotin.si\/it\/ponudba\/fanaleria\/fari-lavoro\/barra-luminosa-led-558x57mm-180w-10-48v\/","name":"Barra luminosa LED 558x57mm 180W 10-48V - Eurotin","isPartOf":{"@id":"https:\/\/eurotin.si\/en\/#website"},"primaryImageOfPage":{"@id":"https:\/\/eurotin.si\/it\/ponudba\/fanaleria\/fari-lavoro\/barra-luminosa-led-558x57mm-180w-10-48v\/#primaryimage"},"image":{"@id":"https:\/\/eurotin.si\/it\/ponudba\/fanaleria\/fari-lavoro\/barra-luminosa-led-558x57mm-180w-10-48v\/#primaryimage"},"thumbnailUrl":"https:\/\/eurotin.si\/wp-content\/uploads\/2021\/06\/EWL5821180-slika-1.jpg","datePublished":"2021-06-11T09:14:04+00:00","dateModified":"2022-04-22T10:37:56+00:00","breadcrumb":{"@id":"https:\/\/eurotin.si\/it\/ponudba\/fanaleria\/fari-lavoro\/barra-luminosa-led-558x57mm-180w-10-48v\/#breadcrumb"},"inLanguage":"it-IT","potentialAction":[{"@type":"ReadAction","target":["https:\/\/eurotin.si\/it\/ponudba\/fanaleria\/fari-lavoro\/barra-luminosa-led-558x57mm-180w-10-48v\/"]}]},{"@type":"ImageObject","inLanguage":"it-IT","@id":"https:\/\/eurotin.si\/it\/ponudba\/fanaleria\/fari-lavoro\/barra-luminosa-led-558x57mm-180w-10-48v\/#primaryimage","url":"https:\/\/eurotin.si\/wp-content\/uploads\/2021\/06\/EWL5821180-slika-1.jpg","contentUrl":"https:\/\/eurotin.si\/wp-content\/uploads\/2021\/06\/EWL5821180-slika-1.jpg","width":1020,"height":800},{"@type":"BreadcrumbList","@id":"https:\/\/eurotin.si\/it\/ponudba\/fanaleria\/fari-lavoro\/barra-luminosa-led-558x57mm-180w-10-48v\/#breadcrumb","itemListElement":[{"@type":"ListItem","position":1,"name":"Home","item":"https:\/\/eurotin.si\/it\/"},{"@type":"ListItem","position":2,"name":"Trgovina","item":"https:\/\/eurotin.si\/it\/trgovina\/"},{"@type":"ListItem","position":3,"name":"Barra luminosa LED 558x57mm 180W 10-48V"}]},{"@type":"WebSite","@id":"https:\/\/eurotin.si\/en\/#website","url":"https:\/\/eurotin.si\/en\/","name":"Eurotin","description":"","publisher":{"@id":"https:\/\/eurotin.si\/en\/#organization"},"potentialAction":[{"@type":"SearchAction","target":{"@type":"EntryPoint","urlTemplate":"https:\/\/eurotin.si\/en\/?s={search_term_string}"},"query-input":{"@type":"PropertyValueSpecification","valueRequired":true,"valueName":"search_term_string"}}],"inLanguage":"it-IT"},{"@type":"Organization","@id":"https:\/\/eurotin.si\/en\/#organization","name":"Eurotin d.o.o.","url":"https:\/\/eurotin.si\/en\/","logo":{"@type":"ImageObject","inLanguage":"it-IT","@id":"https:\/\/eurotin.si\/en\/#\/schema\/logo\/image\/","url":"https:\/\/eurotin.si\/wp-content\/uploads\/2021\/10\/logotip-Eurotin-brez-ozadja.png","contentUrl":"https:\/\/eurotin.si\/wp-content\/uploads\/2021\/10\/logotip-Eurotin-brez-ozadja.png","width":980,"height":231,"caption":"Eurotin d.o.o."},"image":{"@id":"https:\/\/eurotin.si\/en\/#\/schema\/logo\/image\/"}}]}},"_links":{"self":[{"href":"https:\/\/eurotin.si\/it\/wp-json\/wp\/v2\/product\/40577"}],"collection":[{"href":"https:\/\/eurotin.si\/it\/wp-json\/wp\/v2\/product"}],"about":[{"href":"https:\/\/eurotin.si\/it\/wp-json\/wp\/v2\/types\/product"}],"wp:featuredmedia":[{"embeddable":true,"href":"https:\/\/eurotin.si\/it\/wp-json\/wp\/v2\/media\/40877"}],"wp:attachment":[{"href":"https:\/\/eurotin.si\/it\/wp-json\/wp\/v2\/media?parent=40577"}],"wp:term":[{"taxonomy":"product_cat","embeddable":true,"href":"https:\/\/eurotin.si\/it\/wp-json\/wp\/v2\/product_cat?post=40577"},{"taxonomy":"product_tag","embeddable":true,"href":"https:\/\/eurotin.si\/it\/wp-json\/wp\/v2\/product_tag?post=40577"}],"curies":[{"name":"wp","href":"https:\/\/api.w.org\/{rel}","templated":true}]}}