{"id":40640,"date":"2021-06-11T13:28:20","date_gmt":"2021-06-11T11:29:40","guid":{"rendered":"https:\/\/www.eurotin.si\/ponudba\/senza%20categoria\/faro-lavoro-led-160x46x64mm-30w-10-32v-spot\/"},"modified":"2024-09-16T15:44:45","modified_gmt":"2024-09-16T13:44:45","slug":"faro-lavoro-led-160x46x64mm-30w-10-32v-spot","status":"publish","type":"product","link":"https:\/\/eurotin.si\/it\/ponudba\/fanaleria\/fari-lavoro\/faro-lavoro-led-160x46x64mm-30w-10-32v-spot\/","title":{"rendered":"Faro lavoro LED 160x46x64mm 30W 10-32V spot"},"content":{"rendered":"<p>Faro lavoro LED ha dimensioni 160x46x64mm e funziona a tensione elettrica 10-32V con una potenza di 30W. Ha sei LED da 5W con un\u2019intensit\u00e0 luminosa totale di 2259 lumen. Ha parabola riflettente per migliore formazione del fascio. Il Faro \u00e8 omologato per l&#8217;uso come fanale abbagliante.<\/p>\n<p>Il design a parabola riflettente (Inglese.: reflector-facing LED design \u2013 RF-LED) \u00e8 un riflettore avanzato progettato al computer con pi\u00f9 superfici che concentrano e focalizzano in modo pi\u00f9 preciso il raggio di luce nei LED orientati alla parabola. Un tale design, che con un fascio di luce orientato con precisione e una maggiore potenza luminosa per watt (W) rispetto al design dei LED rivolti in avanti, offre una maggiore visibilit\u00e0 in tutte le condizioni atmosferiche.<\/p>\n<p>\u2013 dimensioni: 160x46x64mm<br \/>\n\u2013 potenza: 30W (6x 5W Osram LED)<br \/>\n\u2013 tensione di alimentazione: 10-32V<br \/>\n\u2013 lumen: 2259Lm<br \/>\n\u2013 fascio: fascio spot \/ abbagliante<br \/>\n\u2013 grado di protezione IP: IP67,\u00a0IP69K<br \/>\n\u2013 omologazione: ECE R10, R112<br \/>\n\u2013 connessione: cavo, 300mm<\/p>\n","protected":false},"excerpt":{"rendered":"<p>Faro lavoro LED ha dimensioni 160x46x64mm e funziona a tensione elettrica 10-32V con una potenza di 30W. Ha sei LED da 5W con un\u2019intensit\u00e0 luminosa totale di 2259 lumen. Ha parabola riflettente per migliore formazione del fascio. Il Faro \u00e8 omologato per l&#8217;uso come fanale abbagliante. Il design a parabola riflettente (Inglese.: reflector-facing LED design [&hellip;]<\/p>\n","protected":false},"featured_media":40855,"template":"","meta":{"_acf_changed":false},"product_cat":[494,499,527],"product_tag":[],"class_list":{"0":"post-40640","1":"product","2":"type-product","3":"status-publish","4":"has-post-thumbnail","6":"product_cat-fanaleria","7":"product_cat-fari-lavoro","8":"product_cat-fanali-abbaglianti-e-fendinebbia","9":"skupina-camion_e_autocarri","10":"skupina-carrelli_elevatori","11":"skupina-veicoli_agricoli","12":"skupina-veicoli_di_emergenza","13":"skupina-aggiornamenti_e_veicoli_speciali","15":"first","16":"instock","17":"taxable","18":"shipping-taxable","19":"purchasable","20":"product-type-simple"},"acf":[],"yoast_head":"<!-- This site is optimized with the Yoast SEO plugin v23.5 - https:\/\/yoast.com\/wordpress\/plugins\/seo\/ -->\n<title>Faro lavoro LED 160x46x64mm 30W 10-32V spot - Eurotin<\/title>\n<meta name=\"robots\" content=\"index, follow, max-snippet:-1, max-image-preview:large, max-video-preview:-1\" \/>\n<link rel=\"canonical\" href=\"https:\/\/eurotin.si\/it\/ponudba\/fanaleria\/fari-lavoro\/faro-lavoro-led-160x46x64mm-30w-10-32v-spot\/\" \/>\n<meta property=\"og:locale\" content=\"it_IT\" \/>\n<meta property=\"og:type\" content=\"article\" \/>\n<meta property=\"og:title\" content=\"Faro lavoro LED 160x46x64mm 30W 10-32V spot - Eurotin\" \/>\n<meta property=\"og:description\" content=\"Faro lavoro LED ha dimensioni 160x46x64mm e funziona a tensione elettrica 10-32V con una potenza di 30W. Ha sei LED da 5W con un\u2019intensit\u00e0 luminosa totale di 2259 lumen. Ha parabola riflettente per migliore formazione del fascio. Il Faro \u00e8 omologato per l&#8217;uso come fanale abbagliante. Il design a parabola riflettente (Inglese.: reflector-facing LED design [&hellip;]\" \/>\n<meta property=\"og:url\" content=\"https:\/\/eurotin.si\/it\/ponudba\/fanaleria\/fari-lavoro\/faro-lavoro-led-160x46x64mm-30w-10-32v-spot\/\" \/>\n<meta property=\"og:site_name\" content=\"Eurotin\" \/>\n<meta property=\"article:modified_time\" content=\"2024-09-16T13:44:45+00:00\" \/>\n<meta property=\"og:image\" content=\"https:\/\/eurotin.si\/wp-content\/uploads\/2021\/06\/EWL582930-slika-4.jpg\" \/>\n\t<meta property=\"og:image:width\" content=\"1020\" \/>\n\t<meta property=\"og:image:height\" content=\"800\" \/>\n\t<meta property=\"og:image:type\" content=\"image\/jpeg\" \/>\n<meta name=\"twitter:card\" content=\"summary_large_image\" \/>\n<meta name=\"twitter:label1\" content=\"Tempo di lettura stimato\" \/>\n\t<meta name=\"twitter:data1\" content=\"1 minuto\" \/>\n<script type=\"application\/ld+json\" class=\"yoast-schema-graph\">{\"@context\":\"https:\/\/schema.org\",\"@graph\":[{\"@type\":\"WebPage\",\"@id\":\"https:\/\/eurotin.si\/it\/ponudba\/fanaleria\/fari-lavoro\/faro-lavoro-led-160x46x64mm-30w-10-32v-spot\/\",\"url\":\"https:\/\/eurotin.si\/it\/ponudba\/fanaleria\/fari-lavoro\/faro-lavoro-led-160x46x64mm-30w-10-32v-spot\/\",\"name\":\"Faro lavoro LED 160x46x64mm 30W 10-32V spot - Eurotin\",\"isPartOf\":{\"@id\":\"https:\/\/eurotin.si\/en\/#website\"},\"primaryImageOfPage\":{\"@id\":\"https:\/\/eurotin.si\/it\/ponudba\/fanaleria\/fari-lavoro\/faro-lavoro-led-160x46x64mm-30w-10-32v-spot\/#primaryimage\"},\"image\":{\"@id\":\"https:\/\/eurotin.si\/it\/ponudba\/fanaleria\/fari-lavoro\/faro-lavoro-led-160x46x64mm-30w-10-32v-spot\/#primaryimage\"},\"thumbnailUrl\":\"https:\/\/eurotin.si\/wp-content\/uploads\/2021\/06\/EWL582930-slika-4.jpg\",\"datePublished\":\"2021-06-11T11:29:40+00:00\",\"dateModified\":\"2024-09-16T13:44:45+00:00\",\"breadcrumb\":{\"@id\":\"https:\/\/eurotin.si\/it\/ponudba\/fanaleria\/fari-lavoro\/faro-lavoro-led-160x46x64mm-30w-10-32v-spot\/#breadcrumb\"},\"inLanguage\":\"it-IT\",\"potentialAction\":[{\"@type\":\"ReadAction\",\"target\":[\"https:\/\/eurotin.si\/it\/ponudba\/fanaleria\/fari-lavoro\/faro-lavoro-led-160x46x64mm-30w-10-32v-spot\/\"]}]},{\"@type\":\"ImageObject\",\"inLanguage\":\"it-IT\",\"@id\":\"https:\/\/eurotin.si\/it\/ponudba\/fanaleria\/fari-lavoro\/faro-lavoro-led-160x46x64mm-30w-10-32v-spot\/#primaryimage\",\"url\":\"https:\/\/eurotin.si\/wp-content\/uploads\/2021\/06\/EWL582930-slika-4.jpg\",\"contentUrl\":\"https:\/\/eurotin.si\/wp-content\/uploads\/2021\/06\/EWL582930-slika-4.jpg\",\"width\":1020,\"height\":800},{\"@type\":\"BreadcrumbList\",\"@id\":\"https:\/\/eurotin.si\/it\/ponudba\/fanaleria\/fari-lavoro\/faro-lavoro-led-160x46x64mm-30w-10-32v-spot\/#breadcrumb\",\"itemListElement\":[{\"@type\":\"ListItem\",\"position\":1,\"name\":\"Home\",\"item\":\"https:\/\/eurotin.si\/it\/\"},{\"@type\":\"ListItem\",\"position\":2,\"name\":\"Trgovina\",\"item\":\"https:\/\/eurotin.si\/it\/trgovina\/\"},{\"@type\":\"ListItem\",\"position\":3,\"name\":\"Faro lavoro LED 160x46x64mm 30W 10-32V spot\"}]},{\"@type\":\"WebSite\",\"@id\":\"https:\/\/eurotin.si\/en\/#website\",\"url\":\"https:\/\/eurotin.si\/en\/\",\"name\":\"Eurotin\",\"description\":\"\",\"publisher\":{\"@id\":\"https:\/\/eurotin.si\/en\/#organization\"},\"potentialAction\":[{\"@type\":\"SearchAction\",\"target\":{\"@type\":\"EntryPoint\",\"urlTemplate\":\"https:\/\/eurotin.si\/en\/?s={search_term_string}\"},\"query-input\":{\"@type\":\"PropertyValueSpecification\",\"valueRequired\":true,\"valueName\":\"search_term_string\"}}],\"inLanguage\":\"it-IT\"},{\"@type\":\"Organization\",\"@id\":\"https:\/\/eurotin.si\/en\/#organization\",\"name\":\"Eurotin d.o.o.\",\"url\":\"https:\/\/eurotin.si\/en\/\",\"logo\":{\"@type\":\"ImageObject\",\"inLanguage\":\"it-IT\",\"@id\":\"https:\/\/eurotin.si\/en\/#\/schema\/logo\/image\/\",\"url\":\"https:\/\/eurotin.si\/wp-content\/uploads\/2021\/10\/logotip-Eurotin-brez-ozadja.png\",\"contentUrl\":\"https:\/\/eurotin.si\/wp-content\/uploads\/2021\/10\/logotip-Eurotin-brez-ozadja.png\",\"width\":980,\"height\":231,\"caption\":\"Eurotin d.o.o.\"},\"image\":{\"@id\":\"https:\/\/eurotin.si\/en\/#\/schema\/logo\/image\/\"}}]}<\/script>\n<!-- \/ Yoast SEO plugin. -->","yoast_head_json":{"title":"Faro lavoro LED 160x46x64mm 30W 10-32V spot - Eurotin","robots":{"index":"index","follow":"follow","max-snippet":"max-snippet:-1","max-image-preview":"max-image-preview:large","max-video-preview":"max-video-preview:-1"},"canonical":"https:\/\/eurotin.si\/it\/ponudba\/fanaleria\/fari-lavoro\/faro-lavoro-led-160x46x64mm-30w-10-32v-spot\/","og_locale":"it_IT","og_type":"article","og_title":"Faro lavoro LED 160x46x64mm 30W 10-32V spot - Eurotin","og_description":"Faro lavoro LED ha dimensioni 160x46x64mm e funziona a tensione elettrica 10-32V con una potenza di 30W. Ha sei LED da 5W con un\u2019intensit\u00e0 luminosa totale di 2259 lumen. Ha parabola riflettente per migliore formazione del fascio. Il Faro \u00e8 omologato per l&#8217;uso come fanale abbagliante. Il design a parabola riflettente (Inglese.: reflector-facing LED design [&hellip;]","og_url":"https:\/\/eurotin.si\/it\/ponudba\/fanaleria\/fari-lavoro\/faro-lavoro-led-160x46x64mm-30w-10-32v-spot\/","og_site_name":"Eurotin","article_modified_time":"2024-09-16T13:44:45+00:00","og_image":[{"width":1020,"height":800,"url":"https:\/\/eurotin.si\/wp-content\/uploads\/2021\/06\/EWL582930-slika-4.jpg","type":"image\/jpeg"}],"twitter_card":"summary_large_image","twitter_misc":{"Tempo di lettura stimato":"1 minuto"},"schema":{"@context":"https:\/\/schema.org","@graph":[{"@type":"WebPage","@id":"https:\/\/eurotin.si\/it\/ponudba\/fanaleria\/fari-lavoro\/faro-lavoro-led-160x46x64mm-30w-10-32v-spot\/","url":"https:\/\/eurotin.si\/it\/ponudba\/fanaleria\/fari-lavoro\/faro-lavoro-led-160x46x64mm-30w-10-32v-spot\/","name":"Faro lavoro LED 160x46x64mm 30W 10-32V spot - Eurotin","isPartOf":{"@id":"https:\/\/eurotin.si\/en\/#website"},"primaryImageOfPage":{"@id":"https:\/\/eurotin.si\/it\/ponudba\/fanaleria\/fari-lavoro\/faro-lavoro-led-160x46x64mm-30w-10-32v-spot\/#primaryimage"},"image":{"@id":"https:\/\/eurotin.si\/it\/ponudba\/fanaleria\/fari-lavoro\/faro-lavoro-led-160x46x64mm-30w-10-32v-spot\/#primaryimage"},"thumbnailUrl":"https:\/\/eurotin.si\/wp-content\/uploads\/2021\/06\/EWL582930-slika-4.jpg","datePublished":"2021-06-11T11:29:40+00:00","dateModified":"2024-09-16T13:44:45+00:00","breadcrumb":{"@id":"https:\/\/eurotin.si\/it\/ponudba\/fanaleria\/fari-lavoro\/faro-lavoro-led-160x46x64mm-30w-10-32v-spot\/#breadcrumb"},"inLanguage":"it-IT","potentialAction":[{"@type":"ReadAction","target":["https:\/\/eurotin.si\/it\/ponudba\/fanaleria\/fari-lavoro\/faro-lavoro-led-160x46x64mm-30w-10-32v-spot\/"]}]},{"@type":"ImageObject","inLanguage":"it-IT","@id":"https:\/\/eurotin.si\/it\/ponudba\/fanaleria\/fari-lavoro\/faro-lavoro-led-160x46x64mm-30w-10-32v-spot\/#primaryimage","url":"https:\/\/eurotin.si\/wp-content\/uploads\/2021\/06\/EWL582930-slika-4.jpg","contentUrl":"https:\/\/eurotin.si\/wp-content\/uploads\/2021\/06\/EWL582930-slika-4.jpg","width":1020,"height":800},{"@type":"BreadcrumbList","@id":"https:\/\/eurotin.si\/it\/ponudba\/fanaleria\/fari-lavoro\/faro-lavoro-led-160x46x64mm-30w-10-32v-spot\/#breadcrumb","itemListElement":[{"@type":"ListItem","position":1,"name":"Home","item":"https:\/\/eurotin.si\/it\/"},{"@type":"ListItem","position":2,"name":"Trgovina","item":"https:\/\/eurotin.si\/it\/trgovina\/"},{"@type":"ListItem","position":3,"name":"Faro lavoro LED 160x46x64mm 30W 10-32V spot"}]},{"@type":"WebSite","@id":"https:\/\/eurotin.si\/en\/#website","url":"https:\/\/eurotin.si\/en\/","name":"Eurotin","description":"","publisher":{"@id":"https:\/\/eurotin.si\/en\/#organization"},"potentialAction":[{"@type":"SearchAction","target":{"@type":"EntryPoint","urlTemplate":"https:\/\/eurotin.si\/en\/?s={search_term_string}"},"query-input":{"@type":"PropertyValueSpecification","valueRequired":true,"valueName":"search_term_string"}}],"inLanguage":"it-IT"},{"@type":"Organization","@id":"https:\/\/eurotin.si\/en\/#organization","name":"Eurotin d.o.o.","url":"https:\/\/eurotin.si\/en\/","logo":{"@type":"ImageObject","inLanguage":"it-IT","@id":"https:\/\/eurotin.si\/en\/#\/schema\/logo\/image\/","url":"https:\/\/eurotin.si\/wp-content\/uploads\/2021\/10\/logotip-Eurotin-brez-ozadja.png","contentUrl":"https:\/\/eurotin.si\/wp-content\/uploads\/2021\/10\/logotip-Eurotin-brez-ozadja.png","width":980,"height":231,"caption":"Eurotin d.o.o."},"image":{"@id":"https:\/\/eurotin.si\/en\/#\/schema\/logo\/image\/"}}]}},"_links":{"self":[{"href":"https:\/\/eurotin.si\/it\/wp-json\/wp\/v2\/product\/40640"}],"collection":[{"href":"https:\/\/eurotin.si\/it\/wp-json\/wp\/v2\/product"}],"about":[{"href":"https:\/\/eurotin.si\/it\/wp-json\/wp\/v2\/types\/product"}],"wp:featuredmedia":[{"embeddable":true,"href":"https:\/\/eurotin.si\/it\/wp-json\/wp\/v2\/media\/40855"}],"wp:attachment":[{"href":"https:\/\/eurotin.si\/it\/wp-json\/wp\/v2\/media?parent=40640"}],"wp:term":[{"taxonomy":"product_cat","embeddable":true,"href":"https:\/\/eurotin.si\/it\/wp-json\/wp\/v2\/product_cat?post=40640"},{"taxonomy":"product_tag","embeddable":true,"href":"https:\/\/eurotin.si\/it\/wp-json\/wp\/v2\/product_tag?post=40640"}],"curies":[{"name":"wp","href":"https:\/\/api.w.org\/{rel}","templated":true}]}}