{"id":40896,"date":"2021-07-06T14:34:26","date_gmt":"2021-07-06T12:34:26","guid":{"rendered":"https:\/\/www.eurotin.si\/ponudba\/senza%20categoria\/barra-luminosa-fanale-abbagliante-544x33mm-90w-10-48v\/"},"modified":"2022-04-22T12:50:18","modified_gmt":"2022-04-22T10:50:18","slug":"barra-luminosa-fanale-abbagliante-led-544x33mm-90w-10-48v-r112-ref-375","status":"publish","type":"product","link":"https:\/\/eurotin.si\/it\/ponudba\/fanaleria\/fanali-abbaglianti-e-fendinebbia\/barra-luminosa-fanale-abbagliante-led-544x33mm-90w-10-48v-r112-ref-375\/","title":{"rendered":"Barra luminosa\/fanale abbagliante LED 544x33mm 90W 10-48V R112 Ref.37,5"},"content":{"rendered":"<p>Barra luminosa\/fanale abbagliante LED con dimensioni 544x33x79mm funziona a tensione elettrica 10-48V con una potenza di 90W. Ha diciotto Osram LED da 5W con un\u2019intensit\u00e0 luminosa totale di 6753 lumen. Fanale abbagliante ha lente rifrangente per migliore formazione del fascio.<\/p>\n<p>Il design a parabola riflettente (Inglese.: reflector-facing LED design \u2013 RF-LED) \u00e8 un riflettore avanzato progettato al computer con pi\u00f9 superfici che concentrano e focalizzano in modo pi\u00f9 preciso il raggio di luce nei LED orientati alla parabola. Un tale design, che con un fascio di luce orientato con precisione e una maggiore potenza luminosa per watt (W) rispetto al design dei LED rivolti in avanti, offre una maggiore visibilit\u00e0 in tutte le condizioni atmosferiche.<\/p>\n<p>\u2013 dimensioni: 544x33x79mm<br \/>\n\u2013 potenza: 90W (18x 5W Osram LED)<br \/>\n\u2013 tensione di alimentazione: 10-48V<br \/>\n\u2013 lumen (effettiva): 6753Lm<br \/>\n\u2013 fascio: fanale abbagliante (Ref. 37.5)<br \/>\n\u2013 grado di protezione IP: IP67, IP69K<br \/>\n\u2013 omologazione: ECE R112, R10, CISPR25 Class 3<br \/>\n\u2013 connessione: connettore Deutsch<\/p>\n","protected":false},"excerpt":{"rendered":"<p>Barra luminosa\/fanale abbagliante LED con dimensioni 544x33x79mm funziona a tensione elettrica 10-48V con una potenza di 90W. Ha diciotto Osram LED da 5W con un\u2019intensit\u00e0 luminosa totale di 6753 lumen. Fanale abbagliante ha lente rifrangente per migliore formazione del fascio. Il design a parabola riflettente (Inglese.: reflector-facing LED design \u2013 RF-LED) \u00e8 un riflettore avanzato [&hellip;]<\/p>\n","protected":false},"featured_media":40888,"template":"","meta":{"_acf_changed":false},"product_cat":[494,570,527],"product_tag":[],"class_list":{"0":"post-40896","1":"product","2":"type-product","3":"status-publish","4":"has-post-thumbnail","6":"product_cat-fanaleria","7":"product_cat-barre-luminose-it","8":"product_cat-fanali-abbaglianti-e-fendinebbia","9":"skupina-camion_e_autocarri","10":"skupina-veicoli_di_emergenza","11":"skupina-aggiornamenti_e_veicoli_speciali","13":"first","14":"instock","15":"taxable","16":"shipping-taxable","17":"purchasable","18":"product-type-simple"},"acf":[],"yoast_head":"<!-- This site is optimized with the Yoast SEO plugin v23.5 - https:\/\/yoast.com\/wordpress\/plugins\/seo\/ -->\n<title>Barra luminosa\/fanale abbagliante LED 544x33mm 90W 10-48V R112 Ref.37,5 - Eurotin<\/title>\n<meta name=\"robots\" content=\"index, follow, max-snippet:-1, max-image-preview:large, max-video-preview:-1\" \/>\n<link rel=\"canonical\" href=\"https:\/\/eurotin.si\/it\/ponudba\/fanaleria\/fanali-abbaglianti-e-fendinebbia\/barra-luminosa-fanale-abbagliante-led-544x33mm-90w-10-48v-r112-ref-375\/\" \/>\n<meta property=\"og:locale\" content=\"it_IT\" \/>\n<meta property=\"og:type\" content=\"article\" \/>\n<meta property=\"og:title\" content=\"Barra luminosa\/fanale abbagliante LED 544x33mm 90W 10-48V R112 Ref.37,5 - Eurotin\" \/>\n<meta property=\"og:description\" content=\"Barra luminosa\/fanale abbagliante LED con dimensioni 544x33x79mm funziona a tensione elettrica 10-48V con una potenza di 90W. Ha diciotto Osram LED da 5W con un\u2019intensit\u00e0 luminosa totale di 6753 lumen. Fanale abbagliante ha lente rifrangente per migliore formazione del fascio. Il design a parabola riflettente (Inglese.: reflector-facing LED design \u2013 RF-LED) \u00e8 un riflettore avanzato [&hellip;]\" \/>\n<meta property=\"og:url\" content=\"https:\/\/eurotin.si\/it\/ponudba\/fanaleria\/fanali-abbaglianti-e-fendinebbia\/barra-luminosa-fanale-abbagliante-led-544x33mm-90w-10-48v-r112-ref-375\/\" \/>\n<meta property=\"og:site_name\" content=\"Eurotin\" \/>\n<meta property=\"article:modified_time\" content=\"2022-04-22T10:50:18+00:00\" \/>\n<meta property=\"og:image\" content=\"https:\/\/eurotin.si\/wp-content\/uploads\/2021\/07\/EDL581590-slika.jpg\" \/>\n\t<meta property=\"og:image:width\" content=\"1020\" \/>\n\t<meta property=\"og:image:height\" content=\"800\" \/>\n\t<meta property=\"og:image:type\" content=\"image\/jpeg\" \/>\n<meta name=\"twitter:card\" content=\"summary_large_image\" \/>\n<meta name=\"twitter:label1\" content=\"Tempo di lettura stimato\" \/>\n\t<meta name=\"twitter:data1\" content=\"1 minuto\" \/>\n<script type=\"application\/ld+json\" class=\"yoast-schema-graph\">{\"@context\":\"https:\/\/schema.org\",\"@graph\":[{\"@type\":\"WebPage\",\"@id\":\"https:\/\/eurotin.si\/it\/ponudba\/fanaleria\/fanali-abbaglianti-e-fendinebbia\/barra-luminosa-fanale-abbagliante-led-544x33mm-90w-10-48v-r112-ref-375\/\",\"url\":\"https:\/\/eurotin.si\/it\/ponudba\/fanaleria\/fanali-abbaglianti-e-fendinebbia\/barra-luminosa-fanale-abbagliante-led-544x33mm-90w-10-48v-r112-ref-375\/\",\"name\":\"Barra luminosa\/fanale abbagliante LED 544x33mm 90W 10-48V R112 Ref.37,5 - Eurotin\",\"isPartOf\":{\"@id\":\"https:\/\/eurotin.si\/en\/#website\"},\"primaryImageOfPage\":{\"@id\":\"https:\/\/eurotin.si\/it\/ponudba\/fanaleria\/fanali-abbaglianti-e-fendinebbia\/barra-luminosa-fanale-abbagliante-led-544x33mm-90w-10-48v-r112-ref-375\/#primaryimage\"},\"image\":{\"@id\":\"https:\/\/eurotin.si\/it\/ponudba\/fanaleria\/fanali-abbaglianti-e-fendinebbia\/barra-luminosa-fanale-abbagliante-led-544x33mm-90w-10-48v-r112-ref-375\/#primaryimage\"},\"thumbnailUrl\":\"https:\/\/eurotin.si\/wp-content\/uploads\/2021\/07\/EDL581590-slika.jpg\",\"datePublished\":\"2021-07-06T12:34:26+00:00\",\"dateModified\":\"2022-04-22T10:50:18+00:00\",\"breadcrumb\":{\"@id\":\"https:\/\/eurotin.si\/it\/ponudba\/fanaleria\/fanali-abbaglianti-e-fendinebbia\/barra-luminosa-fanale-abbagliante-led-544x33mm-90w-10-48v-r112-ref-375\/#breadcrumb\"},\"inLanguage\":\"it-IT\",\"potentialAction\":[{\"@type\":\"ReadAction\",\"target\":[\"https:\/\/eurotin.si\/it\/ponudba\/fanaleria\/fanali-abbaglianti-e-fendinebbia\/barra-luminosa-fanale-abbagliante-led-544x33mm-90w-10-48v-r112-ref-375\/\"]}]},{\"@type\":\"ImageObject\",\"inLanguage\":\"it-IT\",\"@id\":\"https:\/\/eurotin.si\/it\/ponudba\/fanaleria\/fanali-abbaglianti-e-fendinebbia\/barra-luminosa-fanale-abbagliante-led-544x33mm-90w-10-48v-r112-ref-375\/#primaryimage\",\"url\":\"https:\/\/eurotin.si\/wp-content\/uploads\/2021\/07\/EDL581590-slika.jpg\",\"contentUrl\":\"https:\/\/eurotin.si\/wp-content\/uploads\/2021\/07\/EDL581590-slika.jpg\",\"width\":1020,\"height\":800},{\"@type\":\"BreadcrumbList\",\"@id\":\"https:\/\/eurotin.si\/it\/ponudba\/fanaleria\/fanali-abbaglianti-e-fendinebbia\/barra-luminosa-fanale-abbagliante-led-544x33mm-90w-10-48v-r112-ref-375\/#breadcrumb\",\"itemListElement\":[{\"@type\":\"ListItem\",\"position\":1,\"name\":\"Home\",\"item\":\"https:\/\/eurotin.si\/it\/\"},{\"@type\":\"ListItem\",\"position\":2,\"name\":\"Trgovina\",\"item\":\"https:\/\/eurotin.si\/it\/trgovina\/\"},{\"@type\":\"ListItem\",\"position\":3,\"name\":\"Barra luminosa\/fanale abbagliante LED 544x33mm 90W 10-48V R112 Ref.37,5\"}]},{\"@type\":\"WebSite\",\"@id\":\"https:\/\/eurotin.si\/en\/#website\",\"url\":\"https:\/\/eurotin.si\/en\/\",\"name\":\"Eurotin\",\"description\":\"\",\"publisher\":{\"@id\":\"https:\/\/eurotin.si\/en\/#organization\"},\"potentialAction\":[{\"@type\":\"SearchAction\",\"target\":{\"@type\":\"EntryPoint\",\"urlTemplate\":\"https:\/\/eurotin.si\/en\/?s={search_term_string}\"},\"query-input\":{\"@type\":\"PropertyValueSpecification\",\"valueRequired\":true,\"valueName\":\"search_term_string\"}}],\"inLanguage\":\"it-IT\"},{\"@type\":\"Organization\",\"@id\":\"https:\/\/eurotin.si\/en\/#organization\",\"name\":\"Eurotin d.o.o.\",\"url\":\"https:\/\/eurotin.si\/en\/\",\"logo\":{\"@type\":\"ImageObject\",\"inLanguage\":\"it-IT\",\"@id\":\"https:\/\/eurotin.si\/en\/#\/schema\/logo\/image\/\",\"url\":\"https:\/\/eurotin.si\/wp-content\/uploads\/2021\/10\/logotip-Eurotin-brez-ozadja.png\",\"contentUrl\":\"https:\/\/eurotin.si\/wp-content\/uploads\/2021\/10\/logotip-Eurotin-brez-ozadja.png\",\"width\":980,\"height\":231,\"caption\":\"Eurotin d.o.o.\"},\"image\":{\"@id\":\"https:\/\/eurotin.si\/en\/#\/schema\/logo\/image\/\"}}]}<\/script>\n<!-- \/ Yoast SEO plugin. -->","yoast_head_json":{"title":"Barra luminosa\/fanale abbagliante LED 544x33mm 90W 10-48V R112 Ref.37,5 - Eurotin","robots":{"index":"index","follow":"follow","max-snippet":"max-snippet:-1","max-image-preview":"max-image-preview:large","max-video-preview":"max-video-preview:-1"},"canonical":"https:\/\/eurotin.si\/it\/ponudba\/fanaleria\/fanali-abbaglianti-e-fendinebbia\/barra-luminosa-fanale-abbagliante-led-544x33mm-90w-10-48v-r112-ref-375\/","og_locale":"it_IT","og_type":"article","og_title":"Barra luminosa\/fanale abbagliante LED 544x33mm 90W 10-48V R112 Ref.37,5 - Eurotin","og_description":"Barra luminosa\/fanale abbagliante LED con dimensioni 544x33x79mm funziona a tensione elettrica 10-48V con una potenza di 90W. Ha diciotto Osram LED da 5W con un\u2019intensit\u00e0 luminosa totale di 6753 lumen. Fanale abbagliante ha lente rifrangente per migliore formazione del fascio. Il design a parabola riflettente (Inglese.: reflector-facing LED design \u2013 RF-LED) \u00e8 un riflettore avanzato [&hellip;]","og_url":"https:\/\/eurotin.si\/it\/ponudba\/fanaleria\/fanali-abbaglianti-e-fendinebbia\/barra-luminosa-fanale-abbagliante-led-544x33mm-90w-10-48v-r112-ref-375\/","og_site_name":"Eurotin","article_modified_time":"2022-04-22T10:50:18+00:00","og_image":[{"width":1020,"height":800,"url":"https:\/\/eurotin.si\/wp-content\/uploads\/2021\/07\/EDL581590-slika.jpg","type":"image\/jpeg"}],"twitter_card":"summary_large_image","twitter_misc":{"Tempo di lettura stimato":"1 minuto"},"schema":{"@context":"https:\/\/schema.org","@graph":[{"@type":"WebPage","@id":"https:\/\/eurotin.si\/it\/ponudba\/fanaleria\/fanali-abbaglianti-e-fendinebbia\/barra-luminosa-fanale-abbagliante-led-544x33mm-90w-10-48v-r112-ref-375\/","url":"https:\/\/eurotin.si\/it\/ponudba\/fanaleria\/fanali-abbaglianti-e-fendinebbia\/barra-luminosa-fanale-abbagliante-led-544x33mm-90w-10-48v-r112-ref-375\/","name":"Barra luminosa\/fanale abbagliante LED 544x33mm 90W 10-48V R112 Ref.37,5 - Eurotin","isPartOf":{"@id":"https:\/\/eurotin.si\/en\/#website"},"primaryImageOfPage":{"@id":"https:\/\/eurotin.si\/it\/ponudba\/fanaleria\/fanali-abbaglianti-e-fendinebbia\/barra-luminosa-fanale-abbagliante-led-544x33mm-90w-10-48v-r112-ref-375\/#primaryimage"},"image":{"@id":"https:\/\/eurotin.si\/it\/ponudba\/fanaleria\/fanali-abbaglianti-e-fendinebbia\/barra-luminosa-fanale-abbagliante-led-544x33mm-90w-10-48v-r112-ref-375\/#primaryimage"},"thumbnailUrl":"https:\/\/eurotin.si\/wp-content\/uploads\/2021\/07\/EDL581590-slika.jpg","datePublished":"2021-07-06T12:34:26+00:00","dateModified":"2022-04-22T10:50:18+00:00","breadcrumb":{"@id":"https:\/\/eurotin.si\/it\/ponudba\/fanaleria\/fanali-abbaglianti-e-fendinebbia\/barra-luminosa-fanale-abbagliante-led-544x33mm-90w-10-48v-r112-ref-375\/#breadcrumb"},"inLanguage":"it-IT","potentialAction":[{"@type":"ReadAction","target":["https:\/\/eurotin.si\/it\/ponudba\/fanaleria\/fanali-abbaglianti-e-fendinebbia\/barra-luminosa-fanale-abbagliante-led-544x33mm-90w-10-48v-r112-ref-375\/"]}]},{"@type":"ImageObject","inLanguage":"it-IT","@id":"https:\/\/eurotin.si\/it\/ponudba\/fanaleria\/fanali-abbaglianti-e-fendinebbia\/barra-luminosa-fanale-abbagliante-led-544x33mm-90w-10-48v-r112-ref-375\/#primaryimage","url":"https:\/\/eurotin.si\/wp-content\/uploads\/2021\/07\/EDL581590-slika.jpg","contentUrl":"https:\/\/eurotin.si\/wp-content\/uploads\/2021\/07\/EDL581590-slika.jpg","width":1020,"height":800},{"@type":"BreadcrumbList","@id":"https:\/\/eurotin.si\/it\/ponudba\/fanaleria\/fanali-abbaglianti-e-fendinebbia\/barra-luminosa-fanale-abbagliante-led-544x33mm-90w-10-48v-r112-ref-375\/#breadcrumb","itemListElement":[{"@type":"ListItem","position":1,"name":"Home","item":"https:\/\/eurotin.si\/it\/"},{"@type":"ListItem","position":2,"name":"Trgovina","item":"https:\/\/eurotin.si\/it\/trgovina\/"},{"@type":"ListItem","position":3,"name":"Barra luminosa\/fanale abbagliante LED 544x33mm 90W 10-48V R112 Ref.37,5"}]},{"@type":"WebSite","@id":"https:\/\/eurotin.si\/en\/#website","url":"https:\/\/eurotin.si\/en\/","name":"Eurotin","description":"","publisher":{"@id":"https:\/\/eurotin.si\/en\/#organization"},"potentialAction":[{"@type":"SearchAction","target":{"@type":"EntryPoint","urlTemplate":"https:\/\/eurotin.si\/en\/?s={search_term_string}"},"query-input":{"@type":"PropertyValueSpecification","valueRequired":true,"valueName":"search_term_string"}}],"inLanguage":"it-IT"},{"@type":"Organization","@id":"https:\/\/eurotin.si\/en\/#organization","name":"Eurotin d.o.o.","url":"https:\/\/eurotin.si\/en\/","logo":{"@type":"ImageObject","inLanguage":"it-IT","@id":"https:\/\/eurotin.si\/en\/#\/schema\/logo\/image\/","url":"https:\/\/eurotin.si\/wp-content\/uploads\/2021\/10\/logotip-Eurotin-brez-ozadja.png","contentUrl":"https:\/\/eurotin.si\/wp-content\/uploads\/2021\/10\/logotip-Eurotin-brez-ozadja.png","width":980,"height":231,"caption":"Eurotin d.o.o."},"image":{"@id":"https:\/\/eurotin.si\/en\/#\/schema\/logo\/image\/"}}]}},"_links":{"self":[{"href":"https:\/\/eurotin.si\/it\/wp-json\/wp\/v2\/product\/40896"}],"collection":[{"href":"https:\/\/eurotin.si\/it\/wp-json\/wp\/v2\/product"}],"about":[{"href":"https:\/\/eurotin.si\/it\/wp-json\/wp\/v2\/types\/product"}],"wp:featuredmedia":[{"embeddable":true,"href":"https:\/\/eurotin.si\/it\/wp-json\/wp\/v2\/media\/40888"}],"wp:attachment":[{"href":"https:\/\/eurotin.si\/it\/wp-json\/wp\/v2\/media?parent=40896"}],"wp:term":[{"taxonomy":"product_cat","embeddable":true,"href":"https:\/\/eurotin.si\/it\/wp-json\/wp\/v2\/product_cat?post=40896"},{"taxonomy":"product_tag","embeddable":true,"href":"https:\/\/eurotin.si\/it\/wp-json\/wp\/v2\/product_tag?post=40896"}],"curies":[{"name":"wp","href":"https:\/\/api.w.org\/{rel}","templated":true}]}}