{"id":43832,"date":"2023-04-20T10:12:07","date_gmt":"2023-04-20T08:12:07","guid":{"rendered":"https:\/\/www.eurotin.si\/ponudba\/senza%20categoria\/fanale-abbagliante-led-o220x42mm-80w-10-32v-r10-r149-ref-20\/"},"modified":"2025-02-14T15:23:13","modified_gmt":"2025-02-14T14:23:13","slug":"fanale-abbagliante-led-o220x42mm-80w-10-32v-r10-r149-ref-20","status":"publish","type":"product","link":"https:\/\/eurotin.si\/it\/ponudba\/fanaleria\/fanali-abbaglianti-e-fendinebbia\/fanale-abbagliante-led-o220x42mm-80w-10-32v-r10-r149-ref-20\/","title":{"rendered":"Fanale abbagliante LED \u00f8220x80mm 120W 10-32V R10, R149 Ref.20"},"content":{"rendered":"<p>Fanale abbagliante LED con posizione anteriore serie <strong>eXite<\/strong> ha dimensioni \u00f8220x80mm. Funziona a tensione elettrica 10-32V con una potenza nominale fino a 120W e una luminosit\u00e0 effettiva fino a 5700 Lumen. Fanale abbagliante \u00e8 omologato ECE con potenza nominale di 24 W, mentre in &#8220;Boost mode&#8221; funziona alla potenza massima di 120 W. Anche la funzione di posizione \u00e8 omologata ECE e offre un aspetto attraente &#8211; pu\u00f2 scegliere tra una luce di posizione bianca e arancia.<\/p>\n<div style=\"width: 960px;\" class=\"wp-video\"><!--[if lt IE 9]><script>document.createElement('video');<\/script><![endif]-->\n<video class=\"wp-video-shortcode\" id=\"video-43832-1\" width=\"960\" height=\"540\" preload=\"metadata\" controls=\"controls\"><source type=\"video\/mp4\" src=\"https:\/\/eurotin.si\/wp-content\/uploads\/2023\/04\/EDL58X3880-1.mp4?_=1\" \/><a href=\"https:\/\/eurotin.si\/wp-content\/uploads\/2023\/04\/EDL58X3880-1.mp4\">https:\/\/eurotin.si\/wp-content\/uploads\/2023\/04\/EDL58X3880-1.mp4<\/a><\/video><\/div>\n<p>\u2013 dimensioni: \u00f8220x80mm<br \/>\n\u2013 funzioni: fanale abbagliante, luce di posizione anteriore (bianca\/arancia)<br \/>\n\u2013 potenza: 24W in modo ECE e 120W in &#8220;Boost mode&#8221;<br \/>\n\u2013 tensione: 10-32V<br \/>\n\u2013 lumen: effettivi fino a 5700Lm \/ 1Lux@575m<br \/>\n\u2013 trave: fanale abbagliante (Ref. 20)<br \/>\n\u2013 grado di protezione IP: IP67, IP69K<br \/>\n\u2013 omologazione: ECE R148, R149 \/ ECE R10<br \/>\n\u2013 montaggio: staffa<br \/>\n\u2013 connessione: connettore Deutsch<\/p>\n<p>Schema elettrico:<br \/>\n\u2013 nero: polo negativo &#8220;-&#8221;<br \/>\n\u2013 rosso: polo positivo &#8220;+&#8221; per &#8220;Boost mode&#8221;<br \/>\n\u2013 blu: polo positivo &#8220;+&#8221; per &#8220;ECE mode&#8221;<br \/>\n\u2013 bianco: posizione bianca<br \/>\n\u2013 giallo: posizione arancia<\/p>\n","protected":false},"excerpt":{"rendered":"<p>Fanale abbagliante LED con posizione anteriore serie eXite ha dimensioni \u00f8220x80mm. Funziona a tensione elettrica 10-32V con una potenza nominale fino a 120W e una luminosit\u00e0 effettiva fino a 5700 Lumen. Fanale abbagliante \u00e8 omologato ECE con potenza nominale di 24 W, mentre in &#8220;Boost mode&#8221; funziona alla potenza massima di 120 W. Anche la [&hellip;]<\/p>\n","protected":false},"featured_media":43820,"template":"","meta":{"_acf_changed":false},"product_cat":[494,527],"product_tag":[],"class_list":{"0":"post-43832","1":"product","2":"type-product","3":"status-publish","4":"has-post-thumbnail","6":"product_cat-fanaleria","7":"product_cat-fanali-abbaglianti-e-fendinebbia","8":"skupina-camion_e_autocarri","9":"skupina-veicoli_di_emergenza","10":"skupina-aggiornamenti_e_veicoli_speciali","12":"first","13":"instock","14":"taxable","15":"shipping-taxable","16":"purchasable","17":"product-type-simple"},"acf":[],"yoast_head":"<!-- This site is optimized with the Yoast SEO plugin v23.5 - https:\/\/yoast.com\/wordpress\/plugins\/seo\/ -->\n<title>Fanale abbagliante LED \u00f8220x80mm 120W 10-32V R10, R149 Ref.20 - Eurotin<\/title>\n<meta name=\"robots\" content=\"index, follow, max-snippet:-1, max-image-preview:large, max-video-preview:-1\" \/>\n<link rel=\"canonical\" href=\"https:\/\/eurotin.si\/it\/ponudba\/fanaleria\/fanali-abbaglianti-e-fendinebbia\/fanale-abbagliante-led-o220x42mm-80w-10-32v-r10-r149-ref-20\/\" \/>\n<meta property=\"og:locale\" content=\"it_IT\" \/>\n<meta property=\"og:type\" content=\"article\" \/>\n<meta property=\"og:title\" content=\"Fanale abbagliante LED \u00f8220x80mm 120W 10-32V R10, R149 Ref.20 - Eurotin\" \/>\n<meta property=\"og:description\" content=\"Fanale abbagliante LED con posizione anteriore serie eXite ha dimensioni \u00f8220x80mm. Funziona a tensione elettrica 10-32V con una potenza nominale fino a 120W e una luminosit\u00e0 effettiva fino a 5700 Lumen. Fanale abbagliante \u00e8 omologato ECE con potenza nominale di 24 W, mentre in &#8220;Boost mode&#8221; funziona alla potenza massima di 120 W. Anche la [&hellip;]\" \/>\n<meta property=\"og:url\" content=\"https:\/\/eurotin.si\/it\/ponudba\/fanaleria\/fanali-abbaglianti-e-fendinebbia\/fanale-abbagliante-led-o220x42mm-80w-10-32v-r10-r149-ref-20\/\" \/>\n<meta property=\"og:site_name\" content=\"Eurotin\" \/>\n<meta property=\"article:modified_time\" content=\"2025-02-14T14:23:13+00:00\" \/>\n<meta property=\"og:image\" content=\"https:\/\/eurotin.si\/wp-content\/uploads\/2023\/04\/EDL58X3880-slika-2.jpg\" \/>\n\t<meta property=\"og:image:width\" content=\"1020\" \/>\n\t<meta property=\"og:image:height\" content=\"800\" \/>\n\t<meta property=\"og:image:type\" content=\"image\/jpeg\" \/>\n<meta name=\"twitter:card\" content=\"summary_large_image\" \/>\n<meta name=\"twitter:label1\" content=\"Tempo di lettura stimato\" \/>\n\t<meta name=\"twitter:data1\" content=\"1 minuto\" \/>\n<script type=\"application\/ld+json\" class=\"yoast-schema-graph\">{\"@context\":\"https:\/\/schema.org\",\"@graph\":[{\"@type\":\"WebPage\",\"@id\":\"https:\/\/eurotin.si\/it\/ponudba\/fanaleria\/fanali-abbaglianti-e-fendinebbia\/fanale-abbagliante-led-o220x42mm-80w-10-32v-r10-r149-ref-20\/\",\"url\":\"https:\/\/eurotin.si\/it\/ponudba\/fanaleria\/fanali-abbaglianti-e-fendinebbia\/fanale-abbagliante-led-o220x42mm-80w-10-32v-r10-r149-ref-20\/\",\"name\":\"Fanale abbagliante LED \u00f8220x80mm 120W 10-32V R10, R149 Ref.20 - Eurotin\",\"isPartOf\":{\"@id\":\"https:\/\/eurotin.si\/en\/#website\"},\"primaryImageOfPage\":{\"@id\":\"https:\/\/eurotin.si\/it\/ponudba\/fanaleria\/fanali-abbaglianti-e-fendinebbia\/fanale-abbagliante-led-o220x42mm-80w-10-32v-r10-r149-ref-20\/#primaryimage\"},\"image\":{\"@id\":\"https:\/\/eurotin.si\/it\/ponudba\/fanaleria\/fanali-abbaglianti-e-fendinebbia\/fanale-abbagliante-led-o220x42mm-80w-10-32v-r10-r149-ref-20\/#primaryimage\"},\"thumbnailUrl\":\"https:\/\/eurotin.si\/wp-content\/uploads\/2023\/04\/EDL58X3880-slika-2.jpg\",\"datePublished\":\"2023-04-20T08:12:07+00:00\",\"dateModified\":\"2025-02-14T14:23:13+00:00\",\"breadcrumb\":{\"@id\":\"https:\/\/eurotin.si\/it\/ponudba\/fanaleria\/fanali-abbaglianti-e-fendinebbia\/fanale-abbagliante-led-o220x42mm-80w-10-32v-r10-r149-ref-20\/#breadcrumb\"},\"inLanguage\":\"it-IT\",\"potentialAction\":[{\"@type\":\"ReadAction\",\"target\":[\"https:\/\/eurotin.si\/it\/ponudba\/fanaleria\/fanali-abbaglianti-e-fendinebbia\/fanale-abbagliante-led-o220x42mm-80w-10-32v-r10-r149-ref-20\/\"]}]},{\"@type\":\"ImageObject\",\"inLanguage\":\"it-IT\",\"@id\":\"https:\/\/eurotin.si\/it\/ponudba\/fanaleria\/fanali-abbaglianti-e-fendinebbia\/fanale-abbagliante-led-o220x42mm-80w-10-32v-r10-r149-ref-20\/#primaryimage\",\"url\":\"https:\/\/eurotin.si\/wp-content\/uploads\/2023\/04\/EDL58X3880-slika-2.jpg\",\"contentUrl\":\"https:\/\/eurotin.si\/wp-content\/uploads\/2023\/04\/EDL58X3880-slika-2.jpg\",\"width\":1020,\"height\":800},{\"@type\":\"BreadcrumbList\",\"@id\":\"https:\/\/eurotin.si\/it\/ponudba\/fanaleria\/fanali-abbaglianti-e-fendinebbia\/fanale-abbagliante-led-o220x42mm-80w-10-32v-r10-r149-ref-20\/#breadcrumb\",\"itemListElement\":[{\"@type\":\"ListItem\",\"position\":1,\"name\":\"Home\",\"item\":\"https:\/\/eurotin.si\/it\/\"},{\"@type\":\"ListItem\",\"position\":2,\"name\":\"Trgovina\",\"item\":\"https:\/\/eurotin.si\/it\/trgovina\/\"},{\"@type\":\"ListItem\",\"position\":3,\"name\":\"Fanale abbagliante LED \u00f8220x80mm 120W 10-32V R10, R149 Ref.20\"}]},{\"@type\":\"WebSite\",\"@id\":\"https:\/\/eurotin.si\/en\/#website\",\"url\":\"https:\/\/eurotin.si\/en\/\",\"name\":\"Eurotin\",\"description\":\"\",\"publisher\":{\"@id\":\"https:\/\/eurotin.si\/en\/#organization\"},\"potentialAction\":[{\"@type\":\"SearchAction\",\"target\":{\"@type\":\"EntryPoint\",\"urlTemplate\":\"https:\/\/eurotin.si\/en\/?s={search_term_string}\"},\"query-input\":{\"@type\":\"PropertyValueSpecification\",\"valueRequired\":true,\"valueName\":\"search_term_string\"}}],\"inLanguage\":\"it-IT\"},{\"@type\":\"Organization\",\"@id\":\"https:\/\/eurotin.si\/en\/#organization\",\"name\":\"Eurotin d.o.o.\",\"url\":\"https:\/\/eurotin.si\/en\/\",\"logo\":{\"@type\":\"ImageObject\",\"inLanguage\":\"it-IT\",\"@id\":\"https:\/\/eurotin.si\/en\/#\/schema\/logo\/image\/\",\"url\":\"https:\/\/eurotin.si\/wp-content\/uploads\/2021\/10\/logotip-Eurotin-brez-ozadja.png\",\"contentUrl\":\"https:\/\/eurotin.si\/wp-content\/uploads\/2021\/10\/logotip-Eurotin-brez-ozadja.png\",\"width\":980,\"height\":231,\"caption\":\"Eurotin d.o.o.\"},\"image\":{\"@id\":\"https:\/\/eurotin.si\/en\/#\/schema\/logo\/image\/\"}}]}<\/script>\n<!-- \/ Yoast SEO plugin. -->","yoast_head_json":{"title":"Fanale abbagliante LED \u00f8220x80mm 120W 10-32V R10, R149 Ref.20 - Eurotin","robots":{"index":"index","follow":"follow","max-snippet":"max-snippet:-1","max-image-preview":"max-image-preview:large","max-video-preview":"max-video-preview:-1"},"canonical":"https:\/\/eurotin.si\/it\/ponudba\/fanaleria\/fanali-abbaglianti-e-fendinebbia\/fanale-abbagliante-led-o220x42mm-80w-10-32v-r10-r149-ref-20\/","og_locale":"it_IT","og_type":"article","og_title":"Fanale abbagliante LED \u00f8220x80mm 120W 10-32V R10, R149 Ref.20 - Eurotin","og_description":"Fanale abbagliante LED con posizione anteriore serie eXite ha dimensioni \u00f8220x80mm. Funziona a tensione elettrica 10-32V con una potenza nominale fino a 120W e una luminosit\u00e0 effettiva fino a 5700 Lumen. Fanale abbagliante \u00e8 omologato ECE con potenza nominale di 24 W, mentre in &#8220;Boost mode&#8221; funziona alla potenza massima di 120 W. Anche la [&hellip;]","og_url":"https:\/\/eurotin.si\/it\/ponudba\/fanaleria\/fanali-abbaglianti-e-fendinebbia\/fanale-abbagliante-led-o220x42mm-80w-10-32v-r10-r149-ref-20\/","og_site_name":"Eurotin","article_modified_time":"2025-02-14T14:23:13+00:00","og_image":[{"width":1020,"height":800,"url":"https:\/\/eurotin.si\/wp-content\/uploads\/2023\/04\/EDL58X3880-slika-2.jpg","type":"image\/jpeg"}],"twitter_card":"summary_large_image","twitter_misc":{"Tempo di lettura stimato":"1 minuto"},"schema":{"@context":"https:\/\/schema.org","@graph":[{"@type":"WebPage","@id":"https:\/\/eurotin.si\/it\/ponudba\/fanaleria\/fanali-abbaglianti-e-fendinebbia\/fanale-abbagliante-led-o220x42mm-80w-10-32v-r10-r149-ref-20\/","url":"https:\/\/eurotin.si\/it\/ponudba\/fanaleria\/fanali-abbaglianti-e-fendinebbia\/fanale-abbagliante-led-o220x42mm-80w-10-32v-r10-r149-ref-20\/","name":"Fanale abbagliante LED \u00f8220x80mm 120W 10-32V R10, R149 Ref.20 - Eurotin","isPartOf":{"@id":"https:\/\/eurotin.si\/en\/#website"},"primaryImageOfPage":{"@id":"https:\/\/eurotin.si\/it\/ponudba\/fanaleria\/fanali-abbaglianti-e-fendinebbia\/fanale-abbagliante-led-o220x42mm-80w-10-32v-r10-r149-ref-20\/#primaryimage"},"image":{"@id":"https:\/\/eurotin.si\/it\/ponudba\/fanaleria\/fanali-abbaglianti-e-fendinebbia\/fanale-abbagliante-led-o220x42mm-80w-10-32v-r10-r149-ref-20\/#primaryimage"},"thumbnailUrl":"https:\/\/eurotin.si\/wp-content\/uploads\/2023\/04\/EDL58X3880-slika-2.jpg","datePublished":"2023-04-20T08:12:07+00:00","dateModified":"2025-02-14T14:23:13+00:00","breadcrumb":{"@id":"https:\/\/eurotin.si\/it\/ponudba\/fanaleria\/fanali-abbaglianti-e-fendinebbia\/fanale-abbagliante-led-o220x42mm-80w-10-32v-r10-r149-ref-20\/#breadcrumb"},"inLanguage":"it-IT","potentialAction":[{"@type":"ReadAction","target":["https:\/\/eurotin.si\/it\/ponudba\/fanaleria\/fanali-abbaglianti-e-fendinebbia\/fanale-abbagliante-led-o220x42mm-80w-10-32v-r10-r149-ref-20\/"]}]},{"@type":"ImageObject","inLanguage":"it-IT","@id":"https:\/\/eurotin.si\/it\/ponudba\/fanaleria\/fanali-abbaglianti-e-fendinebbia\/fanale-abbagliante-led-o220x42mm-80w-10-32v-r10-r149-ref-20\/#primaryimage","url":"https:\/\/eurotin.si\/wp-content\/uploads\/2023\/04\/EDL58X3880-slika-2.jpg","contentUrl":"https:\/\/eurotin.si\/wp-content\/uploads\/2023\/04\/EDL58X3880-slika-2.jpg","width":1020,"height":800},{"@type":"BreadcrumbList","@id":"https:\/\/eurotin.si\/it\/ponudba\/fanaleria\/fanali-abbaglianti-e-fendinebbia\/fanale-abbagliante-led-o220x42mm-80w-10-32v-r10-r149-ref-20\/#breadcrumb","itemListElement":[{"@type":"ListItem","position":1,"name":"Home","item":"https:\/\/eurotin.si\/it\/"},{"@type":"ListItem","position":2,"name":"Trgovina","item":"https:\/\/eurotin.si\/it\/trgovina\/"},{"@type":"ListItem","position":3,"name":"Fanale abbagliante LED \u00f8220x80mm 120W 10-32V R10, R149 Ref.20"}]},{"@type":"WebSite","@id":"https:\/\/eurotin.si\/en\/#website","url":"https:\/\/eurotin.si\/en\/","name":"Eurotin","description":"","publisher":{"@id":"https:\/\/eurotin.si\/en\/#organization"},"potentialAction":[{"@type":"SearchAction","target":{"@type":"EntryPoint","urlTemplate":"https:\/\/eurotin.si\/en\/?s={search_term_string}"},"query-input":{"@type":"PropertyValueSpecification","valueRequired":true,"valueName":"search_term_string"}}],"inLanguage":"it-IT"},{"@type":"Organization","@id":"https:\/\/eurotin.si\/en\/#organization","name":"Eurotin d.o.o.","url":"https:\/\/eurotin.si\/en\/","logo":{"@type":"ImageObject","inLanguage":"it-IT","@id":"https:\/\/eurotin.si\/en\/#\/schema\/logo\/image\/","url":"https:\/\/eurotin.si\/wp-content\/uploads\/2021\/10\/logotip-Eurotin-brez-ozadja.png","contentUrl":"https:\/\/eurotin.si\/wp-content\/uploads\/2021\/10\/logotip-Eurotin-brez-ozadja.png","width":980,"height":231,"caption":"Eurotin d.o.o."},"image":{"@id":"https:\/\/eurotin.si\/en\/#\/schema\/logo\/image\/"}}]}},"_links":{"self":[{"href":"https:\/\/eurotin.si\/it\/wp-json\/wp\/v2\/product\/43832"}],"collection":[{"href":"https:\/\/eurotin.si\/it\/wp-json\/wp\/v2\/product"}],"about":[{"href":"https:\/\/eurotin.si\/it\/wp-json\/wp\/v2\/types\/product"}],"wp:featuredmedia":[{"embeddable":true,"href":"https:\/\/eurotin.si\/it\/wp-json\/wp\/v2\/media\/43820"}],"wp:attachment":[{"href":"https:\/\/eurotin.si\/it\/wp-json\/wp\/v2\/media?parent=43832"}],"wp:term":[{"taxonomy":"product_cat","embeddable":true,"href":"https:\/\/eurotin.si\/it\/wp-json\/wp\/v2\/product_cat?post=43832"},{"taxonomy":"product_tag","embeddable":true,"href":"https:\/\/eurotin.si\/it\/wp-json\/wp\/v2\/product_tag?post=43832"}],"curies":[{"name":"wp","href":"https:\/\/api.w.org\/{rel}","templated":true}]}}