{"id":44705,"date":"2024-01-08T15:03:26","date_gmt":"2024-01-08T14:03:26","guid":{"rendered":"https:\/\/www.eurotin.si\/ponudba\/senza%20categoria\/faro-lavoro-led-165x127x106mm-100w-9-32v-deutsch\/"},"modified":"2024-01-08T15:18:32","modified_gmt":"2024-01-08T14:18:32","slug":"faro-lavoro-led-165x127x106mm-100w-9-32v-deutsch","status":"publish","type":"product","link":"https:\/\/eurotin.si\/it\/ponudba\/fanaleria\/fari-lavoro\/faro-lavoro-led-165x127x106mm-100w-9-32v-deutsch\/","title":{"rendered":"Faro lavoro LED 165x127x106mm 100W 9-32V Deutsch"},"content":{"rendered":"<p>Faro lavoro LED ha dimensioni 165x127x106mm e funziona a tensione elettrica 9-32V con una potenza di 100W. Ha venti LED da 5W con un\u2019intensit\u00e0 luminosa totale di 7737 lumen e fascio senza abbagliamento.<\/p>\n<p>Fari lavoro senza abbagliamento &#8220;Anti-glare&#8221; formano un fascio di luce, che \u00e8 pi\u00f9 ampio del solito fascio spot ma arriva comunque molto pi\u00f9 lontano del fascio diffuso. Inoltre, il suo fascio luminoso ha un taglio orizzontale netto che dirige la luce sul terreno davanti al veicolo invece che nel campo visivo degli operatori dei veicoli che provengono dalla direzione opposta.<\/p>\n<p>\u2013 Dimensioni: 165x127x106mm<br \/>\n\u2013 Potenza: 100W (20x 5W LED)<br \/>\n\u2013 Tensione di alimentazione: 9-32V<br \/>\n\u2013 Lumen: 7737Lm<br \/>\n\u2013 Fascio: fascio senza abbagliamento (ingl. Anti-glare)<br \/>\n\u2013 Grado di protezione IP: IP67<br \/>\n\u2013 Omologazione: EMC, ECE R10<br \/>\n\u2013 Connessione: connettore Deutsch<\/p>\n","protected":false},"excerpt":{"rendered":"<p>Faro lavoro LED ha dimensioni 165x127x106mm e funziona a tensione elettrica 9-32V con una potenza di 100W. Ha venti LED da 5W con un\u2019intensit\u00e0 luminosa totale di 7737 lumen e fascio senza abbagliamento. Fari lavoro senza abbagliamento &#8220;Anti-glare&#8221; formano un fascio di luce, che \u00e8 pi\u00f9 ampio del solito fascio spot ma arriva comunque molto [&hellip;]<\/p>\n","protected":false},"featured_media":44696,"template":"","meta":{"_acf_changed":false},"product_cat":[494,499],"product_tag":[],"class_list":{"0":"post-44705","1":"product","2":"type-product","3":"status-publish","4":"has-post-thumbnail","6":"product_cat-fanaleria","7":"product_cat-fari-lavoro","8":"skupina-camion_e_autocarri","9":"skupina-veicoli_agricoli","10":"skupina-aggiornamenti_e_veicoli_speciali","12":"first","13":"instock","14":"taxable","15":"shipping-taxable","16":"purchasable","17":"product-type-simple"},"acf":[],"yoast_head":"<!-- This site is optimized with the Yoast SEO plugin v23.5 - https:\/\/yoast.com\/wordpress\/plugins\/seo\/ -->\n<title>Faro lavoro LED 165x127x106mm 100W 9-32V Deutsch - Eurotin<\/title>\n<meta name=\"robots\" content=\"index, follow, max-snippet:-1, max-image-preview:large, max-video-preview:-1\" \/>\n<link rel=\"canonical\" href=\"https:\/\/eurotin.si\/it\/ponudba\/fanaleria\/fari-lavoro\/faro-lavoro-led-165x127x106mm-100w-9-32v-deutsch\/\" \/>\n<meta property=\"og:locale\" content=\"it_IT\" \/>\n<meta property=\"og:type\" content=\"article\" \/>\n<meta property=\"og:title\" content=\"Faro lavoro LED 165x127x106mm 100W 9-32V Deutsch - Eurotin\" \/>\n<meta property=\"og:description\" content=\"Faro lavoro LED ha dimensioni 165x127x106mm e funziona a tensione elettrica 9-32V con una potenza di 100W. Ha venti LED da 5W con un\u2019intensit\u00e0 luminosa totale di 7737 lumen e fascio senza abbagliamento. Fari lavoro senza abbagliamento &#8220;Anti-glare&#8221; formano un fascio di luce, che \u00e8 pi\u00f9 ampio del solito fascio spot ma arriva comunque molto [&hellip;]\" \/>\n<meta property=\"og:url\" content=\"https:\/\/eurotin.si\/it\/ponudba\/fanaleria\/fari-lavoro\/faro-lavoro-led-165x127x106mm-100w-9-32v-deutsch\/\" \/>\n<meta property=\"og:site_name\" content=\"Eurotin\" \/>\n<meta property=\"article:modified_time\" content=\"2024-01-08T14:18:32+00:00\" \/>\n<meta property=\"og:image\" content=\"https:\/\/eurotin.si\/wp-content\/uploads\/2024\/01\/EWL6131AG-slika-1.jpg\" \/>\n\t<meta property=\"og:image:width\" content=\"1020\" \/>\n\t<meta property=\"og:image:height\" content=\"800\" \/>\n\t<meta property=\"og:image:type\" content=\"image\/jpeg\" \/>\n<meta name=\"twitter:card\" content=\"summary_large_image\" \/>\n<meta name=\"twitter:label1\" content=\"Tempo di lettura stimato\" \/>\n\t<meta name=\"twitter:data1\" content=\"1 minuto\" \/>\n<script type=\"application\/ld+json\" class=\"yoast-schema-graph\">{\"@context\":\"https:\/\/schema.org\",\"@graph\":[{\"@type\":\"WebPage\",\"@id\":\"https:\/\/eurotin.si\/it\/ponudba\/fanaleria\/fari-lavoro\/faro-lavoro-led-165x127x106mm-100w-9-32v-deutsch\/\",\"url\":\"https:\/\/eurotin.si\/it\/ponudba\/fanaleria\/fari-lavoro\/faro-lavoro-led-165x127x106mm-100w-9-32v-deutsch\/\",\"name\":\"Faro lavoro LED 165x127x106mm 100W 9-32V Deutsch - Eurotin\",\"isPartOf\":{\"@id\":\"https:\/\/eurotin.si\/en\/#website\"},\"primaryImageOfPage\":{\"@id\":\"https:\/\/eurotin.si\/it\/ponudba\/fanaleria\/fari-lavoro\/faro-lavoro-led-165x127x106mm-100w-9-32v-deutsch\/#primaryimage\"},\"image\":{\"@id\":\"https:\/\/eurotin.si\/it\/ponudba\/fanaleria\/fari-lavoro\/faro-lavoro-led-165x127x106mm-100w-9-32v-deutsch\/#primaryimage\"},\"thumbnailUrl\":\"https:\/\/eurotin.si\/wp-content\/uploads\/2024\/01\/EWL6131AG-slika-1.jpg\",\"datePublished\":\"2024-01-08T14:03:26+00:00\",\"dateModified\":\"2024-01-08T14:18:32+00:00\",\"breadcrumb\":{\"@id\":\"https:\/\/eurotin.si\/it\/ponudba\/fanaleria\/fari-lavoro\/faro-lavoro-led-165x127x106mm-100w-9-32v-deutsch\/#breadcrumb\"},\"inLanguage\":\"it-IT\",\"potentialAction\":[{\"@type\":\"ReadAction\",\"target\":[\"https:\/\/eurotin.si\/it\/ponudba\/fanaleria\/fari-lavoro\/faro-lavoro-led-165x127x106mm-100w-9-32v-deutsch\/\"]}]},{\"@type\":\"ImageObject\",\"inLanguage\":\"it-IT\",\"@id\":\"https:\/\/eurotin.si\/it\/ponudba\/fanaleria\/fari-lavoro\/faro-lavoro-led-165x127x106mm-100w-9-32v-deutsch\/#primaryimage\",\"url\":\"https:\/\/eurotin.si\/wp-content\/uploads\/2024\/01\/EWL6131AG-slika-1.jpg\",\"contentUrl\":\"https:\/\/eurotin.si\/wp-content\/uploads\/2024\/01\/EWL6131AG-slika-1.jpg\",\"width\":1020,\"height\":800},{\"@type\":\"BreadcrumbList\",\"@id\":\"https:\/\/eurotin.si\/it\/ponudba\/fanaleria\/fari-lavoro\/faro-lavoro-led-165x127x106mm-100w-9-32v-deutsch\/#breadcrumb\",\"itemListElement\":[{\"@type\":\"ListItem\",\"position\":1,\"name\":\"Home\",\"item\":\"https:\/\/eurotin.si\/it\/\"},{\"@type\":\"ListItem\",\"position\":2,\"name\":\"Trgovina\",\"item\":\"https:\/\/eurotin.si\/it\/trgovina\/\"},{\"@type\":\"ListItem\",\"position\":3,\"name\":\"Faro lavoro LED 165x127x106mm 100W 9-32V Deutsch\"}]},{\"@type\":\"WebSite\",\"@id\":\"https:\/\/eurotin.si\/en\/#website\",\"url\":\"https:\/\/eurotin.si\/en\/\",\"name\":\"Eurotin\",\"description\":\"\",\"publisher\":{\"@id\":\"https:\/\/eurotin.si\/en\/#organization\"},\"potentialAction\":[{\"@type\":\"SearchAction\",\"target\":{\"@type\":\"EntryPoint\",\"urlTemplate\":\"https:\/\/eurotin.si\/en\/?s={search_term_string}\"},\"query-input\":{\"@type\":\"PropertyValueSpecification\",\"valueRequired\":true,\"valueName\":\"search_term_string\"}}],\"inLanguage\":\"it-IT\"},{\"@type\":\"Organization\",\"@id\":\"https:\/\/eurotin.si\/en\/#organization\",\"name\":\"Eurotin d.o.o.\",\"url\":\"https:\/\/eurotin.si\/en\/\",\"logo\":{\"@type\":\"ImageObject\",\"inLanguage\":\"it-IT\",\"@id\":\"https:\/\/eurotin.si\/en\/#\/schema\/logo\/image\/\",\"url\":\"https:\/\/eurotin.si\/wp-content\/uploads\/2021\/10\/logotip-Eurotin-brez-ozadja.png\",\"contentUrl\":\"https:\/\/eurotin.si\/wp-content\/uploads\/2021\/10\/logotip-Eurotin-brez-ozadja.png\",\"width\":980,\"height\":231,\"caption\":\"Eurotin d.o.o.\"},\"image\":{\"@id\":\"https:\/\/eurotin.si\/en\/#\/schema\/logo\/image\/\"}}]}<\/script>\n<!-- \/ Yoast SEO plugin. -->","yoast_head_json":{"title":"Faro lavoro LED 165x127x106mm 100W 9-32V Deutsch - Eurotin","robots":{"index":"index","follow":"follow","max-snippet":"max-snippet:-1","max-image-preview":"max-image-preview:large","max-video-preview":"max-video-preview:-1"},"canonical":"https:\/\/eurotin.si\/it\/ponudba\/fanaleria\/fari-lavoro\/faro-lavoro-led-165x127x106mm-100w-9-32v-deutsch\/","og_locale":"it_IT","og_type":"article","og_title":"Faro lavoro LED 165x127x106mm 100W 9-32V Deutsch - Eurotin","og_description":"Faro lavoro LED ha dimensioni 165x127x106mm e funziona a tensione elettrica 9-32V con una potenza di 100W. Ha venti LED da 5W con un\u2019intensit\u00e0 luminosa totale di 7737 lumen e fascio senza abbagliamento. Fari lavoro senza abbagliamento &#8220;Anti-glare&#8221; formano un fascio di luce, che \u00e8 pi\u00f9 ampio del solito fascio spot ma arriva comunque molto [&hellip;]","og_url":"https:\/\/eurotin.si\/it\/ponudba\/fanaleria\/fari-lavoro\/faro-lavoro-led-165x127x106mm-100w-9-32v-deutsch\/","og_site_name":"Eurotin","article_modified_time":"2024-01-08T14:18:32+00:00","og_image":[{"width":1020,"height":800,"url":"https:\/\/eurotin.si\/wp-content\/uploads\/2024\/01\/EWL6131AG-slika-1.jpg","type":"image\/jpeg"}],"twitter_card":"summary_large_image","twitter_misc":{"Tempo di lettura stimato":"1 minuto"},"schema":{"@context":"https:\/\/schema.org","@graph":[{"@type":"WebPage","@id":"https:\/\/eurotin.si\/it\/ponudba\/fanaleria\/fari-lavoro\/faro-lavoro-led-165x127x106mm-100w-9-32v-deutsch\/","url":"https:\/\/eurotin.si\/it\/ponudba\/fanaleria\/fari-lavoro\/faro-lavoro-led-165x127x106mm-100w-9-32v-deutsch\/","name":"Faro lavoro LED 165x127x106mm 100W 9-32V Deutsch - Eurotin","isPartOf":{"@id":"https:\/\/eurotin.si\/en\/#website"},"primaryImageOfPage":{"@id":"https:\/\/eurotin.si\/it\/ponudba\/fanaleria\/fari-lavoro\/faro-lavoro-led-165x127x106mm-100w-9-32v-deutsch\/#primaryimage"},"image":{"@id":"https:\/\/eurotin.si\/it\/ponudba\/fanaleria\/fari-lavoro\/faro-lavoro-led-165x127x106mm-100w-9-32v-deutsch\/#primaryimage"},"thumbnailUrl":"https:\/\/eurotin.si\/wp-content\/uploads\/2024\/01\/EWL6131AG-slika-1.jpg","datePublished":"2024-01-08T14:03:26+00:00","dateModified":"2024-01-08T14:18:32+00:00","breadcrumb":{"@id":"https:\/\/eurotin.si\/it\/ponudba\/fanaleria\/fari-lavoro\/faro-lavoro-led-165x127x106mm-100w-9-32v-deutsch\/#breadcrumb"},"inLanguage":"it-IT","potentialAction":[{"@type":"ReadAction","target":["https:\/\/eurotin.si\/it\/ponudba\/fanaleria\/fari-lavoro\/faro-lavoro-led-165x127x106mm-100w-9-32v-deutsch\/"]}]},{"@type":"ImageObject","inLanguage":"it-IT","@id":"https:\/\/eurotin.si\/it\/ponudba\/fanaleria\/fari-lavoro\/faro-lavoro-led-165x127x106mm-100w-9-32v-deutsch\/#primaryimage","url":"https:\/\/eurotin.si\/wp-content\/uploads\/2024\/01\/EWL6131AG-slika-1.jpg","contentUrl":"https:\/\/eurotin.si\/wp-content\/uploads\/2024\/01\/EWL6131AG-slika-1.jpg","width":1020,"height":800},{"@type":"BreadcrumbList","@id":"https:\/\/eurotin.si\/it\/ponudba\/fanaleria\/fari-lavoro\/faro-lavoro-led-165x127x106mm-100w-9-32v-deutsch\/#breadcrumb","itemListElement":[{"@type":"ListItem","position":1,"name":"Home","item":"https:\/\/eurotin.si\/it\/"},{"@type":"ListItem","position":2,"name":"Trgovina","item":"https:\/\/eurotin.si\/it\/trgovina\/"},{"@type":"ListItem","position":3,"name":"Faro lavoro LED 165x127x106mm 100W 9-32V Deutsch"}]},{"@type":"WebSite","@id":"https:\/\/eurotin.si\/en\/#website","url":"https:\/\/eurotin.si\/en\/","name":"Eurotin","description":"","publisher":{"@id":"https:\/\/eurotin.si\/en\/#organization"},"potentialAction":[{"@type":"SearchAction","target":{"@type":"EntryPoint","urlTemplate":"https:\/\/eurotin.si\/en\/?s={search_term_string}"},"query-input":{"@type":"PropertyValueSpecification","valueRequired":true,"valueName":"search_term_string"}}],"inLanguage":"it-IT"},{"@type":"Organization","@id":"https:\/\/eurotin.si\/en\/#organization","name":"Eurotin d.o.o.","url":"https:\/\/eurotin.si\/en\/","logo":{"@type":"ImageObject","inLanguage":"it-IT","@id":"https:\/\/eurotin.si\/en\/#\/schema\/logo\/image\/","url":"https:\/\/eurotin.si\/wp-content\/uploads\/2021\/10\/logotip-Eurotin-brez-ozadja.png","contentUrl":"https:\/\/eurotin.si\/wp-content\/uploads\/2021\/10\/logotip-Eurotin-brez-ozadja.png","width":980,"height":231,"caption":"Eurotin d.o.o."},"image":{"@id":"https:\/\/eurotin.si\/en\/#\/schema\/logo\/image\/"}}]}},"_links":{"self":[{"href":"https:\/\/eurotin.si\/it\/wp-json\/wp\/v2\/product\/44705"}],"collection":[{"href":"https:\/\/eurotin.si\/it\/wp-json\/wp\/v2\/product"}],"about":[{"href":"https:\/\/eurotin.si\/it\/wp-json\/wp\/v2\/types\/product"}],"wp:featuredmedia":[{"embeddable":true,"href":"https:\/\/eurotin.si\/it\/wp-json\/wp\/v2\/media\/44696"}],"wp:attachment":[{"href":"https:\/\/eurotin.si\/it\/wp-json\/wp\/v2\/media?parent=44705"}],"wp:term":[{"taxonomy":"product_cat","embeddable":true,"href":"https:\/\/eurotin.si\/it\/wp-json\/wp\/v2\/product_cat?post=44705"},{"taxonomy":"product_tag","embeddable":true,"href":"https:\/\/eurotin.si\/it\/wp-json\/wp\/v2\/product_tag?post=44705"}],"curies":[{"name":"wp","href":"https:\/\/api.w.org\/{rel}","templated":true}]}}