{"id":45449,"date":"2024-03-29T13:21:11","date_gmt":"2024-03-29T12:21:11","guid":{"rendered":"https:\/\/eurotin.si\/ponudba\/senza%20categoria\/barra-luminosa-fanale-abbagliante-led-376x37mm-80w-10-32v-r10-r149-ref-25\/"},"modified":"2025-09-10T14:52:28","modified_gmt":"2025-09-10T12:52:28","slug":"barra-luminosa-fanale-abbagliante-led-376x37mm-80w-10-32v-r10-r149-ref-25","status":"publish","type":"product","link":"https:\/\/eurotin.si\/it\/ponudba\/fanaleria\/fanali-abbaglianti-e-fendinebbia\/barra-luminosa-fanale-abbagliante-led-376x37mm-80w-10-32v-r10-r149-ref-25\/","title":{"rendered":"Barra luminosa\/fanale abbagliante LED 376x37mm 80W 10-32V R10, R149 Ref.25"},"content":{"rendered":"<p>Barra luminosa\/fanale abbagliante LED con dimensioni 376x37x60mm e funziona a tensione elettrica 10-32V con una potenza di 80W. Ha otto Osram LED da 10W con un\u2019intensit\u00e0 luminosa totale di 4930 lumen. La barra luminosa ha design senza cornice e parabola riflettente per migliore formazione del fascio.<\/p>\n<p>Il design a parabola riflettente (Inglese.: reflector-facing LED design \u2013 RF-LED) \u00e8 un riflettore avanzato progettato al computer con pi\u00f9 superfici che concentrano e focalizzano in modo pi\u00f9 preciso il raggio di luce nei LED orientati alla parabola. Un tale design, che con un fascio di luce orientato con precisione e una maggiore potenza luminosa per watt (W) rispetto al design dei LED rivolti in avanti, offre una maggiore visibilit\u00e0 in tutte le condizioni atmosferiche.<\/p>\n<p>\u2013 dimensioni: 376x37x60mm<br \/>\n\u2013 potenza: 80W (8x 10W LED)<br \/>\n\u2013 tensione di alimentazione: 10-32V<br \/>\n\u2013 lumen (effettiva): 4930Lm \/ 1Lux@475m<br \/>\n\u2013 fascio: fanale abbagliante (Ref. 25)<br \/>\n\u2013 grado di protezione IP: IP67, IP69K<br \/>\n\u2013 omologazione: ECE R149, ECE R10<br \/>\n\u2013 installazione: due tipi di staffe per tre diverse modalit\u00e0 di montaggio<br \/>\n\u2013 connessione: cavo con connettore Deutsch<\/p>\n","protected":false},"excerpt":{"rendered":"<p>Barra luminosa\/fanale abbagliante LED con dimensioni 376x37x60mm e funziona a tensione elettrica 10-32V con una potenza di 80W. Ha otto Osram LED da 10W con un\u2019intensit\u00e0 luminosa totale di 4930 lumen. La barra luminosa ha design senza cornice e parabola riflettente per migliore formazione del fascio. Il design a parabola riflettente (Inglese.: reflector-facing LED design [&hellip;]<\/p>\n","protected":false},"featured_media":45126,"template":"","meta":{"_acf_changed":false},"product_cat":[494,570,527],"product_tag":[],"class_list":{"0":"post-45449","1":"product","2":"type-product","3":"status-publish","4":"has-post-thumbnail","6":"product_cat-fanaleria","7":"product_cat-barre-luminose-it","8":"product_cat-fanali-abbaglianti-e-fendinebbia","9":"skupina-camion_e_autocarri","10":"skupina-veicoli_di_emergenza","11":"skupina-aggiornamenti_e_veicoli_speciali","13":"first","14":"instock","15":"taxable","16":"shipping-taxable","17":"purchasable","18":"product-type-simple"},"acf":[],"yoast_head":"<!-- This site is optimized with the Yoast SEO plugin v23.5 - https:\/\/yoast.com\/wordpress\/plugins\/seo\/ -->\n<title>Barra luminosa\/fanale abbagliante LED 376x37mm 80W 10-32V R10, R149 Ref.25 - Eurotin<\/title>\n<meta name=\"robots\" content=\"index, follow, max-snippet:-1, max-image-preview:large, max-video-preview:-1\" \/>\n<link rel=\"canonical\" href=\"https:\/\/eurotin.si\/it\/ponudba\/fanaleria\/fanali-abbaglianti-e-fendinebbia\/barra-luminosa-fanale-abbagliante-led-376x37mm-80w-10-32v-r10-r149-ref-25\/\" \/>\n<meta property=\"og:locale\" content=\"it_IT\" \/>\n<meta property=\"og:type\" content=\"article\" \/>\n<meta property=\"og:title\" content=\"Barra luminosa\/fanale abbagliante LED 376x37mm 80W 10-32V R10, R149 Ref.25 - Eurotin\" \/>\n<meta property=\"og:description\" content=\"Barra luminosa\/fanale abbagliante LED con dimensioni 376x37x60mm e funziona a tensione elettrica 10-32V con una potenza di 80W. Ha otto Osram LED da 10W con un\u2019intensit\u00e0 luminosa totale di 4930 lumen. La barra luminosa ha design senza cornice e parabola riflettente per migliore formazione del fascio. Il design a parabola riflettente (Inglese.: reflector-facing LED design [&hellip;]\" \/>\n<meta property=\"og:url\" content=\"https:\/\/eurotin.si\/it\/ponudba\/fanaleria\/fanali-abbaglianti-e-fendinebbia\/barra-luminosa-fanale-abbagliante-led-376x37mm-80w-10-32v-r10-r149-ref-25\/\" \/>\n<meta property=\"og:site_name\" content=\"Eurotin\" \/>\n<meta property=\"article:modified_time\" content=\"2025-09-10T12:52:28+00:00\" \/>\n<meta property=\"og:image\" content=\"https:\/\/eurotin.si\/wp-content\/uploads\/2024\/03\/EWL586180-slika-1.jpg\" \/>\n\t<meta property=\"og:image:width\" content=\"1020\" \/>\n\t<meta property=\"og:image:height\" content=\"800\" \/>\n\t<meta property=\"og:image:type\" content=\"image\/jpeg\" \/>\n<meta name=\"twitter:card\" content=\"summary_large_image\" \/>\n<meta name=\"twitter:label1\" content=\"Tempo di lettura stimato\" \/>\n\t<meta name=\"twitter:data1\" content=\"2 minuti\" \/>\n<script type=\"application\/ld+json\" class=\"yoast-schema-graph\">{\"@context\":\"https:\/\/schema.org\",\"@graph\":[{\"@type\":\"WebPage\",\"@id\":\"https:\/\/eurotin.si\/it\/ponudba\/fanaleria\/fanali-abbaglianti-e-fendinebbia\/barra-luminosa-fanale-abbagliante-led-376x37mm-80w-10-32v-r10-r149-ref-25\/\",\"url\":\"https:\/\/eurotin.si\/it\/ponudba\/fanaleria\/fanali-abbaglianti-e-fendinebbia\/barra-luminosa-fanale-abbagliante-led-376x37mm-80w-10-32v-r10-r149-ref-25\/\",\"name\":\"Barra luminosa\/fanale abbagliante LED 376x37mm 80W 10-32V R10, R149 Ref.25 - Eurotin\",\"isPartOf\":{\"@id\":\"https:\/\/eurotin.si\/en\/#website\"},\"primaryImageOfPage\":{\"@id\":\"https:\/\/eurotin.si\/it\/ponudba\/fanaleria\/fanali-abbaglianti-e-fendinebbia\/barra-luminosa-fanale-abbagliante-led-376x37mm-80w-10-32v-r10-r149-ref-25\/#primaryimage\"},\"image\":{\"@id\":\"https:\/\/eurotin.si\/it\/ponudba\/fanaleria\/fanali-abbaglianti-e-fendinebbia\/barra-luminosa-fanale-abbagliante-led-376x37mm-80w-10-32v-r10-r149-ref-25\/#primaryimage\"},\"thumbnailUrl\":\"https:\/\/eurotin.si\/wp-content\/uploads\/2024\/03\/EWL586180-slika-1.jpg\",\"datePublished\":\"2024-03-29T12:21:11+00:00\",\"dateModified\":\"2025-09-10T12:52:28+00:00\",\"breadcrumb\":{\"@id\":\"https:\/\/eurotin.si\/it\/ponudba\/fanaleria\/fanali-abbaglianti-e-fendinebbia\/barra-luminosa-fanale-abbagliante-led-376x37mm-80w-10-32v-r10-r149-ref-25\/#breadcrumb\"},\"inLanguage\":\"it-IT\",\"potentialAction\":[{\"@type\":\"ReadAction\",\"target\":[\"https:\/\/eurotin.si\/it\/ponudba\/fanaleria\/fanali-abbaglianti-e-fendinebbia\/barra-luminosa-fanale-abbagliante-led-376x37mm-80w-10-32v-r10-r149-ref-25\/\"]}]},{\"@type\":\"ImageObject\",\"inLanguage\":\"it-IT\",\"@id\":\"https:\/\/eurotin.si\/it\/ponudba\/fanaleria\/fanali-abbaglianti-e-fendinebbia\/barra-luminosa-fanale-abbagliante-led-376x37mm-80w-10-32v-r10-r149-ref-25\/#primaryimage\",\"url\":\"https:\/\/eurotin.si\/wp-content\/uploads\/2024\/03\/EWL586180-slika-1.jpg\",\"contentUrl\":\"https:\/\/eurotin.si\/wp-content\/uploads\/2024\/03\/EWL586180-slika-1.jpg\",\"width\":1020,\"height\":800},{\"@type\":\"BreadcrumbList\",\"@id\":\"https:\/\/eurotin.si\/it\/ponudba\/fanaleria\/fanali-abbaglianti-e-fendinebbia\/barra-luminosa-fanale-abbagliante-led-376x37mm-80w-10-32v-r10-r149-ref-25\/#breadcrumb\",\"itemListElement\":[{\"@type\":\"ListItem\",\"position\":1,\"name\":\"Home\",\"item\":\"https:\/\/eurotin.si\/it\/\"},{\"@type\":\"ListItem\",\"position\":2,\"name\":\"Trgovina\",\"item\":\"https:\/\/eurotin.si\/it\/trgovina\/\"},{\"@type\":\"ListItem\",\"position\":3,\"name\":\"Barra luminosa\/fanale abbagliante LED 376x37mm 80W 10-32V R10, R149 Ref.25\"}]},{\"@type\":\"WebSite\",\"@id\":\"https:\/\/eurotin.si\/en\/#website\",\"url\":\"https:\/\/eurotin.si\/en\/\",\"name\":\"Eurotin\",\"description\":\"\",\"publisher\":{\"@id\":\"https:\/\/eurotin.si\/en\/#organization\"},\"potentialAction\":[{\"@type\":\"SearchAction\",\"target\":{\"@type\":\"EntryPoint\",\"urlTemplate\":\"https:\/\/eurotin.si\/en\/?s={search_term_string}\"},\"query-input\":{\"@type\":\"PropertyValueSpecification\",\"valueRequired\":true,\"valueName\":\"search_term_string\"}}],\"inLanguage\":\"it-IT\"},{\"@type\":\"Organization\",\"@id\":\"https:\/\/eurotin.si\/en\/#organization\",\"name\":\"Eurotin d.o.o.\",\"url\":\"https:\/\/eurotin.si\/en\/\",\"logo\":{\"@type\":\"ImageObject\",\"inLanguage\":\"it-IT\",\"@id\":\"https:\/\/eurotin.si\/en\/#\/schema\/logo\/image\/\",\"url\":\"https:\/\/eurotin.si\/wp-content\/uploads\/2021\/10\/logotip-Eurotin-brez-ozadja.png\",\"contentUrl\":\"https:\/\/eurotin.si\/wp-content\/uploads\/2021\/10\/logotip-Eurotin-brez-ozadja.png\",\"width\":980,\"height\":231,\"caption\":\"Eurotin d.o.o.\"},\"image\":{\"@id\":\"https:\/\/eurotin.si\/en\/#\/schema\/logo\/image\/\"}}]}<\/script>\n<!-- \/ Yoast SEO plugin. -->","yoast_head_json":{"title":"Barra luminosa\/fanale abbagliante LED 376x37mm 80W 10-32V R10, R149 Ref.25 - Eurotin","robots":{"index":"index","follow":"follow","max-snippet":"max-snippet:-1","max-image-preview":"max-image-preview:large","max-video-preview":"max-video-preview:-1"},"canonical":"https:\/\/eurotin.si\/it\/ponudba\/fanaleria\/fanali-abbaglianti-e-fendinebbia\/barra-luminosa-fanale-abbagliante-led-376x37mm-80w-10-32v-r10-r149-ref-25\/","og_locale":"it_IT","og_type":"article","og_title":"Barra luminosa\/fanale abbagliante LED 376x37mm 80W 10-32V R10, R149 Ref.25 - Eurotin","og_description":"Barra luminosa\/fanale abbagliante LED con dimensioni 376x37x60mm e funziona a tensione elettrica 10-32V con una potenza di 80W. Ha otto Osram LED da 10W con un\u2019intensit\u00e0 luminosa totale di 4930 lumen. La barra luminosa ha design senza cornice e parabola riflettente per migliore formazione del fascio. Il design a parabola riflettente (Inglese.: reflector-facing LED design [&hellip;]","og_url":"https:\/\/eurotin.si\/it\/ponudba\/fanaleria\/fanali-abbaglianti-e-fendinebbia\/barra-luminosa-fanale-abbagliante-led-376x37mm-80w-10-32v-r10-r149-ref-25\/","og_site_name":"Eurotin","article_modified_time":"2025-09-10T12:52:28+00:00","og_image":[{"width":1020,"height":800,"url":"https:\/\/eurotin.si\/wp-content\/uploads\/2024\/03\/EWL586180-slika-1.jpg","type":"image\/jpeg"}],"twitter_card":"summary_large_image","twitter_misc":{"Tempo di lettura stimato":"2 minuti"},"schema":{"@context":"https:\/\/schema.org","@graph":[{"@type":"WebPage","@id":"https:\/\/eurotin.si\/it\/ponudba\/fanaleria\/fanali-abbaglianti-e-fendinebbia\/barra-luminosa-fanale-abbagliante-led-376x37mm-80w-10-32v-r10-r149-ref-25\/","url":"https:\/\/eurotin.si\/it\/ponudba\/fanaleria\/fanali-abbaglianti-e-fendinebbia\/barra-luminosa-fanale-abbagliante-led-376x37mm-80w-10-32v-r10-r149-ref-25\/","name":"Barra luminosa\/fanale abbagliante LED 376x37mm 80W 10-32V R10, R149 Ref.25 - Eurotin","isPartOf":{"@id":"https:\/\/eurotin.si\/en\/#website"},"primaryImageOfPage":{"@id":"https:\/\/eurotin.si\/it\/ponudba\/fanaleria\/fanali-abbaglianti-e-fendinebbia\/barra-luminosa-fanale-abbagliante-led-376x37mm-80w-10-32v-r10-r149-ref-25\/#primaryimage"},"image":{"@id":"https:\/\/eurotin.si\/it\/ponudba\/fanaleria\/fanali-abbaglianti-e-fendinebbia\/barra-luminosa-fanale-abbagliante-led-376x37mm-80w-10-32v-r10-r149-ref-25\/#primaryimage"},"thumbnailUrl":"https:\/\/eurotin.si\/wp-content\/uploads\/2024\/03\/EWL586180-slika-1.jpg","datePublished":"2024-03-29T12:21:11+00:00","dateModified":"2025-09-10T12:52:28+00:00","breadcrumb":{"@id":"https:\/\/eurotin.si\/it\/ponudba\/fanaleria\/fanali-abbaglianti-e-fendinebbia\/barra-luminosa-fanale-abbagliante-led-376x37mm-80w-10-32v-r10-r149-ref-25\/#breadcrumb"},"inLanguage":"it-IT","potentialAction":[{"@type":"ReadAction","target":["https:\/\/eurotin.si\/it\/ponudba\/fanaleria\/fanali-abbaglianti-e-fendinebbia\/barra-luminosa-fanale-abbagliante-led-376x37mm-80w-10-32v-r10-r149-ref-25\/"]}]},{"@type":"ImageObject","inLanguage":"it-IT","@id":"https:\/\/eurotin.si\/it\/ponudba\/fanaleria\/fanali-abbaglianti-e-fendinebbia\/barra-luminosa-fanale-abbagliante-led-376x37mm-80w-10-32v-r10-r149-ref-25\/#primaryimage","url":"https:\/\/eurotin.si\/wp-content\/uploads\/2024\/03\/EWL586180-slika-1.jpg","contentUrl":"https:\/\/eurotin.si\/wp-content\/uploads\/2024\/03\/EWL586180-slika-1.jpg","width":1020,"height":800},{"@type":"BreadcrumbList","@id":"https:\/\/eurotin.si\/it\/ponudba\/fanaleria\/fanali-abbaglianti-e-fendinebbia\/barra-luminosa-fanale-abbagliante-led-376x37mm-80w-10-32v-r10-r149-ref-25\/#breadcrumb","itemListElement":[{"@type":"ListItem","position":1,"name":"Home","item":"https:\/\/eurotin.si\/it\/"},{"@type":"ListItem","position":2,"name":"Trgovina","item":"https:\/\/eurotin.si\/it\/trgovina\/"},{"@type":"ListItem","position":3,"name":"Barra luminosa\/fanale abbagliante LED 376x37mm 80W 10-32V R10, R149 Ref.25"}]},{"@type":"WebSite","@id":"https:\/\/eurotin.si\/en\/#website","url":"https:\/\/eurotin.si\/en\/","name":"Eurotin","description":"","publisher":{"@id":"https:\/\/eurotin.si\/en\/#organization"},"potentialAction":[{"@type":"SearchAction","target":{"@type":"EntryPoint","urlTemplate":"https:\/\/eurotin.si\/en\/?s={search_term_string}"},"query-input":{"@type":"PropertyValueSpecification","valueRequired":true,"valueName":"search_term_string"}}],"inLanguage":"it-IT"},{"@type":"Organization","@id":"https:\/\/eurotin.si\/en\/#organization","name":"Eurotin d.o.o.","url":"https:\/\/eurotin.si\/en\/","logo":{"@type":"ImageObject","inLanguage":"it-IT","@id":"https:\/\/eurotin.si\/en\/#\/schema\/logo\/image\/","url":"https:\/\/eurotin.si\/wp-content\/uploads\/2021\/10\/logotip-Eurotin-brez-ozadja.png","contentUrl":"https:\/\/eurotin.si\/wp-content\/uploads\/2021\/10\/logotip-Eurotin-brez-ozadja.png","width":980,"height":231,"caption":"Eurotin d.o.o."},"image":{"@id":"https:\/\/eurotin.si\/en\/#\/schema\/logo\/image\/"}}]}},"_links":{"self":[{"href":"https:\/\/eurotin.si\/it\/wp-json\/wp\/v2\/product\/45449"}],"collection":[{"href":"https:\/\/eurotin.si\/it\/wp-json\/wp\/v2\/product"}],"about":[{"href":"https:\/\/eurotin.si\/it\/wp-json\/wp\/v2\/types\/product"}],"wp:featuredmedia":[{"embeddable":true,"href":"https:\/\/eurotin.si\/it\/wp-json\/wp\/v2\/media\/45126"}],"wp:attachment":[{"href":"https:\/\/eurotin.si\/it\/wp-json\/wp\/v2\/media?parent=45449"}],"wp:term":[{"taxonomy":"product_cat","embeddable":true,"href":"https:\/\/eurotin.si\/it\/wp-json\/wp\/v2\/product_cat?post=45449"},{"taxonomy":"product_tag","embeddable":true,"href":"https:\/\/eurotin.si\/it\/wp-json\/wp\/v2\/product_tag?post=45449"}],"curies":[{"name":"wp","href":"https:\/\/api.w.org\/{rel}","templated":true}]}}