{"id":45734,"date":"2024-10-01T10:55:08","date_gmt":"2024-10-01T08:55:08","guid":{"rendered":"https:\/\/eurotin.si\/ponudba\/senza%20categoria\/barra-luminosa-led-arancia-e-blu-bianca-10-30v-1560x180x30mm\/"},"modified":"2024-10-01T11:29:41","modified_gmt":"2024-10-01T09:29:41","slug":"barra-luminosa-led-arancia-e-blu-bianca-10-30v-1560x180x30mm","status":"publish","type":"product","link":"https:\/\/eurotin.si\/it\/ponudba\/segnalatori-di-emergenza\/barre-luminose\/barra-luminosa-led-arancia-e-blu-bianca-10-30v-1560x180x30mm\/","title":{"rendered":"Barra luminosa LED arancia e blu + bianca 10-30V 1560x180x30mm"},"content":{"rendered":"<p>Barra luminosa con LED arancia e blu, funziona a tensione elettrica 10 a 30V. \u00c8 lunga 1560mm e ha un profilo molto sottile, di soli 30mm. \u00c8 la prima sul mercato che combina sia LED di segnalazione arancia che blu e anche LED bianchi per l&#8217;illuminazione laterale &#8220;Alley light function&#8221; e l&#8217;illuminazione anteriore e posteriore &#8220;Take down function&#8221;. Su richiesta pu\u00f2 essere ordinata in diverse lunghezze e anche con solo LED di segnalazione arancia o blu.<\/p>\n<p>Barra luminosa \u00e8 omologata ECE R65 Classe 2 ed EMC R10. \u00c8 disponibile come kit con viti, rondelle e staffe. \u00c8 collegata tramite un cavo lungo 3m e tutte le funzioni sono semplicemente controllate da un controller cablato con il suo cavo da 2,5m.<\/p>\n<p>\u2013 Tensione di alimentazione: 10-30V<br \/>\n\u2013 Funzioni: barra luminosa arancia e blu (10 modalit\u00e0) + luce bianca (l&#8217;illuminazione laterale e l&#8217;illuminazione anteriore e posteriore)<br \/>\n\u2013 Potenza: 100W<br \/>\n\u2013 Dimensioni: lunghezza 1560mm, larghezza 180mm, altezza 30mm (con base piana: 75mm)<br \/>\n\u2013 Colore lente: trasparente<br \/>\n\u2013 Grado di protezione IP: IP69K<br \/>\n\u2013 Garanzia: 5 anni<br \/>\n\u2013 Omologazione e compatibilt\u00e0 elettromagnetica: ECE R65 Class 2, EMC R10<br \/>\n\u2013 Installazione: staffa (set incluso di: viti, rondelle, staffe)<br \/>\n\u2013 Connessione: Cavo da 3m + cavo da 2,5m per controller cablato<\/p>\n","protected":false},"excerpt":{"rendered":"<p>Barra luminosa con LED arancia e blu, funziona a tensione elettrica 10 a 30V. \u00c8 lunga 1560mm e ha un profilo molto sottile, di soli 30mm. \u00c8 la prima sul mercato che combina sia LED di segnalazione arancia che blu e anche LED bianchi per l&#8217;illuminazione laterale &#8220;Alley light function&#8221; e l&#8217;illuminazione anteriore e posteriore [&hellip;]<\/p>\n","protected":false},"featured_media":45727,"template":"","meta":{"_acf_changed":false},"product_cat":[509,512],"product_tag":[],"class_list":{"0":"post-45734","1":"product","2":"type-product","3":"status-publish","4":"has-post-thumbnail","6":"product_cat-segnalatori-di-emergenza","7":"product_cat-barre-luminose","8":"skupina-veicoli_di_emergenza","9":"skupina-aggiornamenti_e_veicoli_speciali","11":"first","12":"instock","13":"taxable","14":"shipping-taxable","15":"purchasable","16":"product-type-simple"},"acf":[],"yoast_head":"<!-- This site is optimized with the Yoast SEO plugin v23.5 - https:\/\/yoast.com\/wordpress\/plugins\/seo\/ -->\n<title>Barra luminosa LED arancia e blu + bianca 10-30V 1560x180x30mm - Eurotin<\/title>\n<meta name=\"robots\" content=\"index, follow, max-snippet:-1, max-image-preview:large, max-video-preview:-1\" \/>\n<link rel=\"canonical\" href=\"https:\/\/eurotin.si\/it\/ponudba\/segnalatori-di-emergenza\/barre-luminose\/barra-luminosa-led-arancia-e-blu-bianca-10-30v-1560x180x30mm\/\" \/>\n<meta property=\"og:locale\" content=\"it_IT\" \/>\n<meta property=\"og:type\" content=\"article\" \/>\n<meta property=\"og:title\" content=\"Barra luminosa LED arancia e blu + bianca 10-30V 1560x180x30mm - Eurotin\" \/>\n<meta property=\"og:description\" content=\"Barra luminosa con LED arancia e blu, funziona a tensione elettrica 10 a 30V. \u00c8 lunga 1560mm e ha un profilo molto sottile, di soli 30mm. \u00c8 la prima sul mercato che combina sia LED di segnalazione arancia che blu e anche LED bianchi per l&#8217;illuminazione laterale &#8220;Alley light function&#8221; e l&#8217;illuminazione anteriore e posteriore [&hellip;]\" \/>\n<meta property=\"og:url\" content=\"https:\/\/eurotin.si\/it\/ponudba\/segnalatori-di-emergenza\/barre-luminose\/barra-luminosa-led-arancia-e-blu-bianca-10-30v-1560x180x30mm\/\" \/>\n<meta property=\"og:site_name\" content=\"Eurotin\" \/>\n<meta property=\"article:modified_time\" content=\"2024-10-01T09:29:41+00:00\" \/>\n<meta property=\"og:image\" content=\"https:\/\/eurotin.si\/wp-content\/uploads\/2024\/10\/ELB703-OBW-slika.jpg\" \/>\n\t<meta property=\"og:image:width\" content=\"1020\" \/>\n\t<meta property=\"og:image:height\" content=\"800\" \/>\n\t<meta property=\"og:image:type\" content=\"image\/jpeg\" \/>\n<meta name=\"twitter:card\" content=\"summary_large_image\" \/>\n<meta name=\"twitter:label1\" content=\"Tempo di lettura stimato\" \/>\n\t<meta name=\"twitter:data1\" content=\"2 minuti\" \/>\n<script type=\"application\/ld+json\" class=\"yoast-schema-graph\">{\"@context\":\"https:\/\/schema.org\",\"@graph\":[{\"@type\":\"WebPage\",\"@id\":\"https:\/\/eurotin.si\/it\/ponudba\/segnalatori-di-emergenza\/barre-luminose\/barra-luminosa-led-arancia-e-blu-bianca-10-30v-1560x180x30mm\/\",\"url\":\"https:\/\/eurotin.si\/it\/ponudba\/segnalatori-di-emergenza\/barre-luminose\/barra-luminosa-led-arancia-e-blu-bianca-10-30v-1560x180x30mm\/\",\"name\":\"Barra luminosa LED arancia e blu + bianca 10-30V 1560x180x30mm - Eurotin\",\"isPartOf\":{\"@id\":\"https:\/\/eurotin.si\/en\/#website\"},\"primaryImageOfPage\":{\"@id\":\"https:\/\/eurotin.si\/it\/ponudba\/segnalatori-di-emergenza\/barre-luminose\/barra-luminosa-led-arancia-e-blu-bianca-10-30v-1560x180x30mm\/#primaryimage\"},\"image\":{\"@id\":\"https:\/\/eurotin.si\/it\/ponudba\/segnalatori-di-emergenza\/barre-luminose\/barra-luminosa-led-arancia-e-blu-bianca-10-30v-1560x180x30mm\/#primaryimage\"},\"thumbnailUrl\":\"https:\/\/eurotin.si\/wp-content\/uploads\/2024\/10\/ELB703-OBW-slika.jpg\",\"datePublished\":\"2024-10-01T08:55:08+00:00\",\"dateModified\":\"2024-10-01T09:29:41+00:00\",\"breadcrumb\":{\"@id\":\"https:\/\/eurotin.si\/it\/ponudba\/segnalatori-di-emergenza\/barre-luminose\/barra-luminosa-led-arancia-e-blu-bianca-10-30v-1560x180x30mm\/#breadcrumb\"},\"inLanguage\":\"it-IT\",\"potentialAction\":[{\"@type\":\"ReadAction\",\"target\":[\"https:\/\/eurotin.si\/it\/ponudba\/segnalatori-di-emergenza\/barre-luminose\/barra-luminosa-led-arancia-e-blu-bianca-10-30v-1560x180x30mm\/\"]}]},{\"@type\":\"ImageObject\",\"inLanguage\":\"it-IT\",\"@id\":\"https:\/\/eurotin.si\/it\/ponudba\/segnalatori-di-emergenza\/barre-luminose\/barra-luminosa-led-arancia-e-blu-bianca-10-30v-1560x180x30mm\/#primaryimage\",\"url\":\"https:\/\/eurotin.si\/wp-content\/uploads\/2024\/10\/ELB703-OBW-slika.jpg\",\"contentUrl\":\"https:\/\/eurotin.si\/wp-content\/uploads\/2024\/10\/ELB703-OBW-slika.jpg\",\"width\":1020,\"height\":800},{\"@type\":\"BreadcrumbList\",\"@id\":\"https:\/\/eurotin.si\/it\/ponudba\/segnalatori-di-emergenza\/barre-luminose\/barra-luminosa-led-arancia-e-blu-bianca-10-30v-1560x180x30mm\/#breadcrumb\",\"itemListElement\":[{\"@type\":\"ListItem\",\"position\":1,\"name\":\"Home\",\"item\":\"https:\/\/eurotin.si\/it\/\"},{\"@type\":\"ListItem\",\"position\":2,\"name\":\"Trgovina\",\"item\":\"https:\/\/eurotin.si\/it\/trgovina\/\"},{\"@type\":\"ListItem\",\"position\":3,\"name\":\"Barra luminosa LED arancia e blu + bianca 10-30V 1560x180x30mm\"}]},{\"@type\":\"WebSite\",\"@id\":\"https:\/\/eurotin.si\/en\/#website\",\"url\":\"https:\/\/eurotin.si\/en\/\",\"name\":\"Eurotin\",\"description\":\"\",\"publisher\":{\"@id\":\"https:\/\/eurotin.si\/en\/#organization\"},\"potentialAction\":[{\"@type\":\"SearchAction\",\"target\":{\"@type\":\"EntryPoint\",\"urlTemplate\":\"https:\/\/eurotin.si\/en\/?s={search_term_string}\"},\"query-input\":{\"@type\":\"PropertyValueSpecification\",\"valueRequired\":true,\"valueName\":\"search_term_string\"}}],\"inLanguage\":\"it-IT\"},{\"@type\":\"Organization\",\"@id\":\"https:\/\/eurotin.si\/en\/#organization\",\"name\":\"Eurotin d.o.o.\",\"url\":\"https:\/\/eurotin.si\/en\/\",\"logo\":{\"@type\":\"ImageObject\",\"inLanguage\":\"it-IT\",\"@id\":\"https:\/\/eurotin.si\/en\/#\/schema\/logo\/image\/\",\"url\":\"https:\/\/eurotin.si\/wp-content\/uploads\/2021\/10\/logotip-Eurotin-brez-ozadja.png\",\"contentUrl\":\"https:\/\/eurotin.si\/wp-content\/uploads\/2021\/10\/logotip-Eurotin-brez-ozadja.png\",\"width\":980,\"height\":231,\"caption\":\"Eurotin d.o.o.\"},\"image\":{\"@id\":\"https:\/\/eurotin.si\/en\/#\/schema\/logo\/image\/\"}}]}<\/script>\n<!-- \/ Yoast SEO plugin. -->","yoast_head_json":{"title":"Barra luminosa LED arancia e blu + bianca 10-30V 1560x180x30mm - Eurotin","robots":{"index":"index","follow":"follow","max-snippet":"max-snippet:-1","max-image-preview":"max-image-preview:large","max-video-preview":"max-video-preview:-1"},"canonical":"https:\/\/eurotin.si\/it\/ponudba\/segnalatori-di-emergenza\/barre-luminose\/barra-luminosa-led-arancia-e-blu-bianca-10-30v-1560x180x30mm\/","og_locale":"it_IT","og_type":"article","og_title":"Barra luminosa LED arancia e blu + bianca 10-30V 1560x180x30mm - Eurotin","og_description":"Barra luminosa con LED arancia e blu, funziona a tensione elettrica 10 a 30V. \u00c8 lunga 1560mm e ha un profilo molto sottile, di soli 30mm. \u00c8 la prima sul mercato che combina sia LED di segnalazione arancia che blu e anche LED bianchi per l&#8217;illuminazione laterale &#8220;Alley light function&#8221; e l&#8217;illuminazione anteriore e posteriore [&hellip;]","og_url":"https:\/\/eurotin.si\/it\/ponudba\/segnalatori-di-emergenza\/barre-luminose\/barra-luminosa-led-arancia-e-blu-bianca-10-30v-1560x180x30mm\/","og_site_name":"Eurotin","article_modified_time":"2024-10-01T09:29:41+00:00","og_image":[{"width":1020,"height":800,"url":"https:\/\/eurotin.si\/wp-content\/uploads\/2024\/10\/ELB703-OBW-slika.jpg","type":"image\/jpeg"}],"twitter_card":"summary_large_image","twitter_misc":{"Tempo di lettura stimato":"2 minuti"},"schema":{"@context":"https:\/\/schema.org","@graph":[{"@type":"WebPage","@id":"https:\/\/eurotin.si\/it\/ponudba\/segnalatori-di-emergenza\/barre-luminose\/barra-luminosa-led-arancia-e-blu-bianca-10-30v-1560x180x30mm\/","url":"https:\/\/eurotin.si\/it\/ponudba\/segnalatori-di-emergenza\/barre-luminose\/barra-luminosa-led-arancia-e-blu-bianca-10-30v-1560x180x30mm\/","name":"Barra luminosa LED arancia e blu + bianca 10-30V 1560x180x30mm - Eurotin","isPartOf":{"@id":"https:\/\/eurotin.si\/en\/#website"},"primaryImageOfPage":{"@id":"https:\/\/eurotin.si\/it\/ponudba\/segnalatori-di-emergenza\/barre-luminose\/barra-luminosa-led-arancia-e-blu-bianca-10-30v-1560x180x30mm\/#primaryimage"},"image":{"@id":"https:\/\/eurotin.si\/it\/ponudba\/segnalatori-di-emergenza\/barre-luminose\/barra-luminosa-led-arancia-e-blu-bianca-10-30v-1560x180x30mm\/#primaryimage"},"thumbnailUrl":"https:\/\/eurotin.si\/wp-content\/uploads\/2024\/10\/ELB703-OBW-slika.jpg","datePublished":"2024-10-01T08:55:08+00:00","dateModified":"2024-10-01T09:29:41+00:00","breadcrumb":{"@id":"https:\/\/eurotin.si\/it\/ponudba\/segnalatori-di-emergenza\/barre-luminose\/barra-luminosa-led-arancia-e-blu-bianca-10-30v-1560x180x30mm\/#breadcrumb"},"inLanguage":"it-IT","potentialAction":[{"@type":"ReadAction","target":["https:\/\/eurotin.si\/it\/ponudba\/segnalatori-di-emergenza\/barre-luminose\/barra-luminosa-led-arancia-e-blu-bianca-10-30v-1560x180x30mm\/"]}]},{"@type":"ImageObject","inLanguage":"it-IT","@id":"https:\/\/eurotin.si\/it\/ponudba\/segnalatori-di-emergenza\/barre-luminose\/barra-luminosa-led-arancia-e-blu-bianca-10-30v-1560x180x30mm\/#primaryimage","url":"https:\/\/eurotin.si\/wp-content\/uploads\/2024\/10\/ELB703-OBW-slika.jpg","contentUrl":"https:\/\/eurotin.si\/wp-content\/uploads\/2024\/10\/ELB703-OBW-slika.jpg","width":1020,"height":800},{"@type":"BreadcrumbList","@id":"https:\/\/eurotin.si\/it\/ponudba\/segnalatori-di-emergenza\/barre-luminose\/barra-luminosa-led-arancia-e-blu-bianca-10-30v-1560x180x30mm\/#breadcrumb","itemListElement":[{"@type":"ListItem","position":1,"name":"Home","item":"https:\/\/eurotin.si\/it\/"},{"@type":"ListItem","position":2,"name":"Trgovina","item":"https:\/\/eurotin.si\/it\/trgovina\/"},{"@type":"ListItem","position":3,"name":"Barra luminosa LED arancia e blu + bianca 10-30V 1560x180x30mm"}]},{"@type":"WebSite","@id":"https:\/\/eurotin.si\/en\/#website","url":"https:\/\/eurotin.si\/en\/","name":"Eurotin","description":"","publisher":{"@id":"https:\/\/eurotin.si\/en\/#organization"},"potentialAction":[{"@type":"SearchAction","target":{"@type":"EntryPoint","urlTemplate":"https:\/\/eurotin.si\/en\/?s={search_term_string}"},"query-input":{"@type":"PropertyValueSpecification","valueRequired":true,"valueName":"search_term_string"}}],"inLanguage":"it-IT"},{"@type":"Organization","@id":"https:\/\/eurotin.si\/en\/#organization","name":"Eurotin d.o.o.","url":"https:\/\/eurotin.si\/en\/","logo":{"@type":"ImageObject","inLanguage":"it-IT","@id":"https:\/\/eurotin.si\/en\/#\/schema\/logo\/image\/","url":"https:\/\/eurotin.si\/wp-content\/uploads\/2021\/10\/logotip-Eurotin-brez-ozadja.png","contentUrl":"https:\/\/eurotin.si\/wp-content\/uploads\/2021\/10\/logotip-Eurotin-brez-ozadja.png","width":980,"height":231,"caption":"Eurotin d.o.o."},"image":{"@id":"https:\/\/eurotin.si\/en\/#\/schema\/logo\/image\/"}}]}},"_links":{"self":[{"href":"https:\/\/eurotin.si\/it\/wp-json\/wp\/v2\/product\/45734"}],"collection":[{"href":"https:\/\/eurotin.si\/it\/wp-json\/wp\/v2\/product"}],"about":[{"href":"https:\/\/eurotin.si\/it\/wp-json\/wp\/v2\/types\/product"}],"wp:featuredmedia":[{"embeddable":true,"href":"https:\/\/eurotin.si\/it\/wp-json\/wp\/v2\/media\/45727"}],"wp:attachment":[{"href":"https:\/\/eurotin.si\/it\/wp-json\/wp\/v2\/media?parent=45734"}],"wp:term":[{"taxonomy":"product_cat","embeddable":true,"href":"https:\/\/eurotin.si\/it\/wp-json\/wp\/v2\/product_cat?post=45734"},{"taxonomy":"product_tag","embeddable":true,"href":"https:\/\/eurotin.si\/it\/wp-json\/wp\/v2\/product_tag?post=45734"}],"curies":[{"name":"wp","href":"https:\/\/api.w.org\/{rel}","templated":true}]}}