{"id":46234,"date":"2025-04-04T10:24:54","date_gmt":"2025-04-04T08:24:54","guid":{"rendered":"https:\/\/eurotin.si\/ponudba\/senza%20categoria\/faro-lavoro-led-106x99x70mm-60w-10-32v-flood-non-abbagliante\/"},"modified":"2025-09-22T14:11:55","modified_gmt":"2025-09-22T12:11:55","slug":"faro-lavoro-led-106x99x70mm-60w-10-32v-flood-non-abbagliante","status":"publish","type":"product","link":"https:\/\/eurotin.si\/it\/ponudba\/fanaleria\/fari-lavoro\/faro-lavoro-led-106x99x70mm-60w-10-32v-flood-non-abbagliante\/","title":{"rendered":"Faro lavoro LED 106x99x70mm 60W 10-32V Flood &#8220;non abbagliante&#8221;"},"content":{"rendered":"<p>Faro lavoro LED ha dimensioni 106x99x70mm e funziona a tensione elettrica 10-32V con una potenza di 60W. Ha sei CREE LED con un\u2019intensit\u00e0 luminosa effettiva totale di 3500 lumen (A causa del fascio di fascio non abbagliante). Il proiettore \u00e8 dotato di una robusta staffa laterale ed \u00e8 completamente nero.<\/p>\n<p>Fari lavoro senza abbagliamento \u201cAntiglare\u201d formano un fascio di luce, che \u00e8 pi\u00f9 ampio del solito fascio spot ma arriva comunque molto pi\u00f9 lontano del fascio diffuso. Inoltre, il suo fascio luminoso ha un taglio orizzontale netto che dirige la luce sul terreno davanti al veicolo invece che nel campo visivo degli operatori dei veicoli che provengono dalla direzione opposta.<\/p>\n<p>\u2013 dimensioni: 106x99x70mm<br \/>\n\u2013 tensione di alimentazione: 10-32V<br \/>\n\u2013 potenza: 60W (6x CREE LED)<br \/>\n\u2013 assorbimento di corrente: 3,91A @ 13,5V<br \/>\n\u2013 lumen (reale): 3500Lm (fascio non abbagliante)<br \/>\n\u2013 fascio: fascio ultra largo e non abbagliante<br \/>\n\u2013 grado di protezione IP: IP67<br \/>\n\u2013 omologazione: ECE R10<br \/>\n\u2013 connessione: connettore Deutsch<\/p>\n","protected":false},"excerpt":{"rendered":"<p>Faro lavoro LED ha dimensioni 106x99x70mm e funziona a tensione elettrica 10-32V con una potenza di 60W. Ha sei CREE LED con un\u2019intensit\u00e0 luminosa effettiva totale di 3500 lumen (A causa del fascio di fascio non abbagliante). Il proiettore \u00e8 dotato di una robusta staffa laterale ed \u00e8 completamente nero. Fari lavoro senza abbagliamento \u201cAntiglare\u201d [&hellip;]<\/p>\n","protected":false},"featured_media":46356,"template":"","meta":{"_acf_changed":false},"product_cat":[494,499],"product_tag":[],"class_list":{"0":"post-46234","1":"product","2":"type-product","3":"status-publish","4":"has-post-thumbnail","6":"product_cat-fanaleria","7":"product_cat-fari-lavoro","8":"skupina-camion_e_autocarri","9":"skupina-veicoli_agricoli","10":"skupina-veicoli_di_emergenza","11":"skupina-aggiornamenti_e_veicoli_speciali","13":"first","14":"instock","15":"taxable","16":"shipping-taxable","17":"purchasable","18":"product-type-simple"},"acf":[],"yoast_head":"<!-- This site is optimized with the Yoast SEO plugin v23.5 - https:\/\/yoast.com\/wordpress\/plugins\/seo\/ -->\n<title>Faro lavoro LED 106x99x70mm 60W 10-32V Flood &quot;non abbagliante&quot; - Eurotin<\/title>\n<meta name=\"robots\" content=\"index, follow, max-snippet:-1, max-image-preview:large, max-video-preview:-1\" \/>\n<link rel=\"canonical\" href=\"https:\/\/eurotin.si\/it\/ponudba\/fanaleria\/fari-lavoro\/faro-lavoro-led-106x99x70mm-60w-10-32v-flood-non-abbagliante\/\" \/>\n<meta property=\"og:locale\" content=\"it_IT\" \/>\n<meta property=\"og:type\" content=\"article\" \/>\n<meta property=\"og:title\" content=\"Faro lavoro LED 106x99x70mm 60W 10-32V Flood &quot;non abbagliante&quot; - Eurotin\" \/>\n<meta property=\"og:description\" content=\"Faro lavoro LED ha dimensioni 106x99x70mm e funziona a tensione elettrica 10-32V con una potenza di 60W. Ha sei CREE LED con un\u2019intensit\u00e0 luminosa effettiva totale di 3500 lumen (A causa del fascio di fascio non abbagliante). Il proiettore \u00e8 dotato di una robusta staffa laterale ed \u00e8 completamente nero. Fari lavoro senza abbagliamento \u201cAntiglare\u201d [&hellip;]\" \/>\n<meta property=\"og:url\" content=\"https:\/\/eurotin.si\/it\/ponudba\/fanaleria\/fari-lavoro\/faro-lavoro-led-106x99x70mm-60w-10-32v-flood-non-abbagliante\/\" \/>\n<meta property=\"og:site_name\" content=\"Eurotin\" \/>\n<meta property=\"article:modified_time\" content=\"2025-09-22T12:11:55+00:00\" \/>\n<meta property=\"og:image\" content=\"https:\/\/eurotin.si\/wp-content\/uploads\/2025\/04\/EWL585360AG-slika-1.jpg\" \/>\n\t<meta property=\"og:image:width\" content=\"1020\" \/>\n\t<meta property=\"og:image:height\" content=\"800\" \/>\n\t<meta property=\"og:image:type\" content=\"image\/jpeg\" \/>\n<meta name=\"twitter:card\" content=\"summary_large_image\" \/>\n<meta name=\"twitter:label1\" content=\"Tempo di lettura stimato\" \/>\n\t<meta name=\"twitter:data1\" content=\"2 minuti\" \/>\n<script type=\"application\/ld+json\" class=\"yoast-schema-graph\">{\"@context\":\"https:\/\/schema.org\",\"@graph\":[{\"@type\":\"WebPage\",\"@id\":\"https:\/\/eurotin.si\/it\/ponudba\/fanaleria\/fari-lavoro\/faro-lavoro-led-106x99x70mm-60w-10-32v-flood-non-abbagliante\/\",\"url\":\"https:\/\/eurotin.si\/it\/ponudba\/fanaleria\/fari-lavoro\/faro-lavoro-led-106x99x70mm-60w-10-32v-flood-non-abbagliante\/\",\"name\":\"Faro lavoro LED 106x99x70mm 60W 10-32V Flood \\\"non abbagliante\\\" - Eurotin\",\"isPartOf\":{\"@id\":\"https:\/\/eurotin.si\/en\/#website\"},\"primaryImageOfPage\":{\"@id\":\"https:\/\/eurotin.si\/it\/ponudba\/fanaleria\/fari-lavoro\/faro-lavoro-led-106x99x70mm-60w-10-32v-flood-non-abbagliante\/#primaryimage\"},\"image\":{\"@id\":\"https:\/\/eurotin.si\/it\/ponudba\/fanaleria\/fari-lavoro\/faro-lavoro-led-106x99x70mm-60w-10-32v-flood-non-abbagliante\/#primaryimage\"},\"thumbnailUrl\":\"https:\/\/eurotin.si\/wp-content\/uploads\/2025\/04\/EWL585360AG-slika-1.jpg\",\"datePublished\":\"2025-04-04T08:24:54+00:00\",\"dateModified\":\"2025-09-22T12:11:55+00:00\",\"breadcrumb\":{\"@id\":\"https:\/\/eurotin.si\/it\/ponudba\/fanaleria\/fari-lavoro\/faro-lavoro-led-106x99x70mm-60w-10-32v-flood-non-abbagliante\/#breadcrumb\"},\"inLanguage\":\"it-IT\",\"potentialAction\":[{\"@type\":\"ReadAction\",\"target\":[\"https:\/\/eurotin.si\/it\/ponudba\/fanaleria\/fari-lavoro\/faro-lavoro-led-106x99x70mm-60w-10-32v-flood-non-abbagliante\/\"]}]},{\"@type\":\"ImageObject\",\"inLanguage\":\"it-IT\",\"@id\":\"https:\/\/eurotin.si\/it\/ponudba\/fanaleria\/fari-lavoro\/faro-lavoro-led-106x99x70mm-60w-10-32v-flood-non-abbagliante\/#primaryimage\",\"url\":\"https:\/\/eurotin.si\/wp-content\/uploads\/2025\/04\/EWL585360AG-slika-1.jpg\",\"contentUrl\":\"https:\/\/eurotin.si\/wp-content\/uploads\/2025\/04\/EWL585360AG-slika-1.jpg\",\"width\":1020,\"height\":800},{\"@type\":\"BreadcrumbList\",\"@id\":\"https:\/\/eurotin.si\/it\/ponudba\/fanaleria\/fari-lavoro\/faro-lavoro-led-106x99x70mm-60w-10-32v-flood-non-abbagliante\/#breadcrumb\",\"itemListElement\":[{\"@type\":\"ListItem\",\"position\":1,\"name\":\"Home\",\"item\":\"https:\/\/eurotin.si\/it\/\"},{\"@type\":\"ListItem\",\"position\":2,\"name\":\"Trgovina\",\"item\":\"https:\/\/eurotin.si\/it\/trgovina\/\"},{\"@type\":\"ListItem\",\"position\":3,\"name\":\"Faro lavoro LED 106x99x70mm 60W 10-32V Flood &#8220;non abbagliante&#8221;\"}]},{\"@type\":\"WebSite\",\"@id\":\"https:\/\/eurotin.si\/en\/#website\",\"url\":\"https:\/\/eurotin.si\/en\/\",\"name\":\"Eurotin\",\"description\":\"\",\"publisher\":{\"@id\":\"https:\/\/eurotin.si\/en\/#organization\"},\"potentialAction\":[{\"@type\":\"SearchAction\",\"target\":{\"@type\":\"EntryPoint\",\"urlTemplate\":\"https:\/\/eurotin.si\/en\/?s={search_term_string}\"},\"query-input\":{\"@type\":\"PropertyValueSpecification\",\"valueRequired\":true,\"valueName\":\"search_term_string\"}}],\"inLanguage\":\"it-IT\"},{\"@type\":\"Organization\",\"@id\":\"https:\/\/eurotin.si\/en\/#organization\",\"name\":\"Eurotin d.o.o.\",\"url\":\"https:\/\/eurotin.si\/en\/\",\"logo\":{\"@type\":\"ImageObject\",\"inLanguage\":\"it-IT\",\"@id\":\"https:\/\/eurotin.si\/en\/#\/schema\/logo\/image\/\",\"url\":\"https:\/\/eurotin.si\/wp-content\/uploads\/2021\/10\/logotip-Eurotin-brez-ozadja.png\",\"contentUrl\":\"https:\/\/eurotin.si\/wp-content\/uploads\/2021\/10\/logotip-Eurotin-brez-ozadja.png\",\"width\":980,\"height\":231,\"caption\":\"Eurotin d.o.o.\"},\"image\":{\"@id\":\"https:\/\/eurotin.si\/en\/#\/schema\/logo\/image\/\"}}]}<\/script>\n<!-- \/ Yoast SEO plugin. -->","yoast_head_json":{"title":"Faro lavoro LED 106x99x70mm 60W 10-32V Flood \"non abbagliante\" - Eurotin","robots":{"index":"index","follow":"follow","max-snippet":"max-snippet:-1","max-image-preview":"max-image-preview:large","max-video-preview":"max-video-preview:-1"},"canonical":"https:\/\/eurotin.si\/it\/ponudba\/fanaleria\/fari-lavoro\/faro-lavoro-led-106x99x70mm-60w-10-32v-flood-non-abbagliante\/","og_locale":"it_IT","og_type":"article","og_title":"Faro lavoro LED 106x99x70mm 60W 10-32V Flood \"non abbagliante\" - Eurotin","og_description":"Faro lavoro LED ha dimensioni 106x99x70mm e funziona a tensione elettrica 10-32V con una potenza di 60W. Ha sei CREE LED con un\u2019intensit\u00e0 luminosa effettiva totale di 3500 lumen (A causa del fascio di fascio non abbagliante). Il proiettore \u00e8 dotato di una robusta staffa laterale ed \u00e8 completamente nero. Fari lavoro senza abbagliamento \u201cAntiglare\u201d [&hellip;]","og_url":"https:\/\/eurotin.si\/it\/ponudba\/fanaleria\/fari-lavoro\/faro-lavoro-led-106x99x70mm-60w-10-32v-flood-non-abbagliante\/","og_site_name":"Eurotin","article_modified_time":"2025-09-22T12:11:55+00:00","og_image":[{"width":1020,"height":800,"url":"https:\/\/eurotin.si\/wp-content\/uploads\/2025\/04\/EWL585360AG-slika-1.jpg","type":"image\/jpeg"}],"twitter_card":"summary_large_image","twitter_misc":{"Tempo di lettura stimato":"2 minuti"},"schema":{"@context":"https:\/\/schema.org","@graph":[{"@type":"WebPage","@id":"https:\/\/eurotin.si\/it\/ponudba\/fanaleria\/fari-lavoro\/faro-lavoro-led-106x99x70mm-60w-10-32v-flood-non-abbagliante\/","url":"https:\/\/eurotin.si\/it\/ponudba\/fanaleria\/fari-lavoro\/faro-lavoro-led-106x99x70mm-60w-10-32v-flood-non-abbagliante\/","name":"Faro lavoro LED 106x99x70mm 60W 10-32V Flood \"non abbagliante\" - Eurotin","isPartOf":{"@id":"https:\/\/eurotin.si\/en\/#website"},"primaryImageOfPage":{"@id":"https:\/\/eurotin.si\/it\/ponudba\/fanaleria\/fari-lavoro\/faro-lavoro-led-106x99x70mm-60w-10-32v-flood-non-abbagliante\/#primaryimage"},"image":{"@id":"https:\/\/eurotin.si\/it\/ponudba\/fanaleria\/fari-lavoro\/faro-lavoro-led-106x99x70mm-60w-10-32v-flood-non-abbagliante\/#primaryimage"},"thumbnailUrl":"https:\/\/eurotin.si\/wp-content\/uploads\/2025\/04\/EWL585360AG-slika-1.jpg","datePublished":"2025-04-04T08:24:54+00:00","dateModified":"2025-09-22T12:11:55+00:00","breadcrumb":{"@id":"https:\/\/eurotin.si\/it\/ponudba\/fanaleria\/fari-lavoro\/faro-lavoro-led-106x99x70mm-60w-10-32v-flood-non-abbagliante\/#breadcrumb"},"inLanguage":"it-IT","potentialAction":[{"@type":"ReadAction","target":["https:\/\/eurotin.si\/it\/ponudba\/fanaleria\/fari-lavoro\/faro-lavoro-led-106x99x70mm-60w-10-32v-flood-non-abbagliante\/"]}]},{"@type":"ImageObject","inLanguage":"it-IT","@id":"https:\/\/eurotin.si\/it\/ponudba\/fanaleria\/fari-lavoro\/faro-lavoro-led-106x99x70mm-60w-10-32v-flood-non-abbagliante\/#primaryimage","url":"https:\/\/eurotin.si\/wp-content\/uploads\/2025\/04\/EWL585360AG-slika-1.jpg","contentUrl":"https:\/\/eurotin.si\/wp-content\/uploads\/2025\/04\/EWL585360AG-slika-1.jpg","width":1020,"height":800},{"@type":"BreadcrumbList","@id":"https:\/\/eurotin.si\/it\/ponudba\/fanaleria\/fari-lavoro\/faro-lavoro-led-106x99x70mm-60w-10-32v-flood-non-abbagliante\/#breadcrumb","itemListElement":[{"@type":"ListItem","position":1,"name":"Home","item":"https:\/\/eurotin.si\/it\/"},{"@type":"ListItem","position":2,"name":"Trgovina","item":"https:\/\/eurotin.si\/it\/trgovina\/"},{"@type":"ListItem","position":3,"name":"Faro lavoro LED 106x99x70mm 60W 10-32V Flood &#8220;non abbagliante&#8221;"}]},{"@type":"WebSite","@id":"https:\/\/eurotin.si\/en\/#website","url":"https:\/\/eurotin.si\/en\/","name":"Eurotin","description":"","publisher":{"@id":"https:\/\/eurotin.si\/en\/#organization"},"potentialAction":[{"@type":"SearchAction","target":{"@type":"EntryPoint","urlTemplate":"https:\/\/eurotin.si\/en\/?s={search_term_string}"},"query-input":{"@type":"PropertyValueSpecification","valueRequired":true,"valueName":"search_term_string"}}],"inLanguage":"it-IT"},{"@type":"Organization","@id":"https:\/\/eurotin.si\/en\/#organization","name":"Eurotin d.o.o.","url":"https:\/\/eurotin.si\/en\/","logo":{"@type":"ImageObject","inLanguage":"it-IT","@id":"https:\/\/eurotin.si\/en\/#\/schema\/logo\/image\/","url":"https:\/\/eurotin.si\/wp-content\/uploads\/2021\/10\/logotip-Eurotin-brez-ozadja.png","contentUrl":"https:\/\/eurotin.si\/wp-content\/uploads\/2021\/10\/logotip-Eurotin-brez-ozadja.png","width":980,"height":231,"caption":"Eurotin d.o.o."},"image":{"@id":"https:\/\/eurotin.si\/en\/#\/schema\/logo\/image\/"}}]}},"_links":{"self":[{"href":"https:\/\/eurotin.si\/it\/wp-json\/wp\/v2\/product\/46234"}],"collection":[{"href":"https:\/\/eurotin.si\/it\/wp-json\/wp\/v2\/product"}],"about":[{"href":"https:\/\/eurotin.si\/it\/wp-json\/wp\/v2\/types\/product"}],"wp:featuredmedia":[{"embeddable":true,"href":"https:\/\/eurotin.si\/it\/wp-json\/wp\/v2\/media\/46356"}],"wp:attachment":[{"href":"https:\/\/eurotin.si\/it\/wp-json\/wp\/v2\/media?parent=46234"}],"wp:term":[{"taxonomy":"product_cat","embeddable":true,"href":"https:\/\/eurotin.si\/it\/wp-json\/wp\/v2\/product_cat?post=46234"},{"taxonomy":"product_tag","embeddable":true,"href":"https:\/\/eurotin.si\/it\/wp-json\/wp\/v2\/product_tag?post=46234"}],"curies":[{"name":"wp","href":"https:\/\/api.w.org\/{rel}","templated":true}]}}