{"id":46744,"date":"2025-06-17T10:18:20","date_gmt":"2025-06-17T08:18:20","guid":{"rendered":"https:\/\/eurotin.si\/ponudba\/senza%20categoria\/set-brezzicna-kamera-monitor-7-brezzicna-kamera-zeleni-laser-kriz-baterija-8000mah-888wh\/"},"modified":"2025-06-20T13:50:29","modified_gmt":"2025-06-20T11:50:29","slug":"sistema-di-telecamere-hd-senza-fili-monitor-telecamera-con-croce-laser-verde-batteria-8000mah-888wh","status":"publish","type":"product","link":"https:\/\/eurotin.si\/it\/ponudba\/elettricita-veicolo\/alarmi-e-telecamere-retromarcia\/sistema-di-telecamere-hd-senza-fili-monitor-telecamera-con-croce-laser-verde-batteria-8000mah-888wh\/","title":{"rendered":"Sistema di telecamere HD senza fili (monitor, telecamera con croce laser verde, batteria 8000mAh 88,8Wh)"},"content":{"rendered":"<p>Set di telecamere HD wireless con croce laser verde e alimentatore mobile. La telecamera viene posizionata vicino alla forcella del carrello elevatore e collegata alla batteria (inclusa con la capacit\u00e0 8000mAh). La croce laser verde consente un controllo ancora pi\u00f9 preciso del carrello elevatore. La connessione tra la telecamera e il monitor \u00e8 wireless e funziona a 2,4 GHz.<\/p>\n<p>Il set \u00e8 composto da:<\/p>\n<p><strong>Monitor LCD 1024&#215;600 con diagonale di 7\u2033 dello schermo<\/strong><br \/>\n&#8211; tensione elettrica: 8-32V<br \/>\n&#8211; luminanza: 600Cd\/m2<br \/>\n&#8211; numero di telecamere: fino a 2 telecamere<br \/>\n&#8211; gestione: pulsanti e menu a schermo<br \/>\n&#8211; antenna: ricevitore 2.4Ghz, 1 antenna, portata fino a 200m in area aperta<br \/>\n&#8211; registrazione (DVR): scheda SD fino a 512GB<br \/>\n&#8211; temperatura di funzionamento: da -20\u00b0C a +70\u00b0C<br \/>\n&#8211; dimensioni: 216x150x80 mm<\/p>\n<p><strong>Telecamera wireless con laser<\/strong><br \/>\n&#8211; sensore: 1\/3.7 CMOS 1920&#215;1080 a colori<br \/>\n&#8211; antenna: trasmettitore 2,4 Ghz, portata fino a 200m in area aperta<br \/>\n&#8211; angolo di visione: 130\u00ba<br \/>\n&#8211; laser: croce\/linea verde<br \/>\n&#8211; visione notturna: LED IR<br \/>\n&#8211; grado di protezione IP: IP69K<br \/>\n&#8211; alloggiamento: alluminio<br \/>\n&#8211; temperatura di funzionamento: da -20\u00b0C a +60\u00b0C<br \/>\n&#8211; dimensioni: 106x75x70 mm<\/p>\n<p><strong>Batteria<\/strong><br \/>\n&#8211; capacit\u00e0: batteria da 8000 mAh (88,8Wh) per alimentare la telecamera fino a 30 ore<br \/>\n&#8211; grado di protezione IP: IP65<br \/>\n&#8211; dimensioni: 137x120x49 mm<\/p>\n","protected":false},"excerpt":{"rendered":"<p>Set di telecamere HD wireless con croce laser verde e alimentatore mobile. La telecamera viene posizionata vicino alla forcella del carrello elevatore e collegata alla batteria (inclusa con la capacit\u00e0 8000mAh). La croce laser verde consente un controllo ancora pi\u00f9 preciso del carrello elevatore. La connessione tra la telecamera e il monitor \u00e8 wireless e [&hellip;]<\/p>\n","protected":false},"featured_media":46697,"template":"","meta":{"_acf_changed":false},"product_cat":[492,515],"product_tag":[],"class_list":{"0":"post-46744","1":"product","2":"type-product","3":"status-publish","4":"has-post-thumbnail","6":"product_cat-elettricita-veicolo","7":"product_cat-alarmi-e-telecamere-retromarcia","8":"skupina-carrelli_elevatori","10":"first","11":"instock","12":"taxable","13":"shipping-taxable","14":"purchasable","15":"product-type-simple"},"acf":[],"yoast_head":"<!-- This site is optimized with the Yoast SEO plugin v23.5 - https:\/\/yoast.com\/wordpress\/plugins\/seo\/ -->\n<title>Sistema di telecamere HD senza fili (monitor, telecamera con croce laser verde, batteria 8000mAh 88,8Wh) - Eurotin<\/title>\n<meta name=\"robots\" content=\"index, follow, max-snippet:-1, max-image-preview:large, max-video-preview:-1\" \/>\n<link rel=\"canonical\" href=\"https:\/\/eurotin.si\/it\/ponudba\/elettricita-veicolo\/alarmi-e-telecamere-retromarcia\/sistema-di-telecamere-hd-senza-fili-monitor-telecamera-con-croce-laser-verde-batteria-8000mah-888wh\/\" \/>\n<meta property=\"og:locale\" content=\"it_IT\" \/>\n<meta property=\"og:type\" content=\"article\" \/>\n<meta property=\"og:title\" content=\"Sistema di telecamere HD senza fili (monitor, telecamera con croce laser verde, batteria 8000mAh 88,8Wh) - Eurotin\" \/>\n<meta property=\"og:description\" content=\"Set di telecamere HD wireless con croce laser verde e alimentatore mobile. La telecamera viene posizionata vicino alla forcella del carrello elevatore e collegata alla batteria (inclusa con la capacit\u00e0 8000mAh). La croce laser verde consente un controllo ancora pi\u00f9 preciso del carrello elevatore. La connessione tra la telecamera e il monitor \u00e8 wireless e [&hellip;]\" \/>\n<meta property=\"og:url\" content=\"https:\/\/eurotin.si\/it\/ponudba\/elettricita-veicolo\/alarmi-e-telecamere-retromarcia\/sistema-di-telecamere-hd-senza-fili-monitor-telecamera-con-croce-laser-verde-batteria-8000mah-888wh\/\" \/>\n<meta property=\"og:site_name\" content=\"Eurotin\" \/>\n<meta property=\"article:modified_time\" content=\"2025-06-20T11:50:29+00:00\" \/>\n<meta property=\"og:image\" content=\"https:\/\/eurotin.si\/wp-content\/uploads\/2025\/06\/EFS-87152-slika-1.jpg\" \/>\n\t<meta property=\"og:image:width\" content=\"1020\" \/>\n\t<meta property=\"og:image:height\" content=\"800\" \/>\n\t<meta property=\"og:image:type\" content=\"image\/jpeg\" \/>\n<meta name=\"twitter:card\" content=\"summary_large_image\" \/>\n<meta name=\"twitter:label1\" content=\"Tempo di lettura stimato\" \/>\n\t<meta name=\"twitter:data1\" content=\"2 minuti\" \/>\n<script type=\"application\/ld+json\" class=\"yoast-schema-graph\">{\"@context\":\"https:\/\/schema.org\",\"@graph\":[{\"@type\":\"WebPage\",\"@id\":\"https:\/\/eurotin.si\/it\/ponudba\/elettricita-veicolo\/alarmi-e-telecamere-retromarcia\/sistema-di-telecamere-hd-senza-fili-monitor-telecamera-con-croce-laser-verde-batteria-8000mah-888wh\/\",\"url\":\"https:\/\/eurotin.si\/it\/ponudba\/elettricita-veicolo\/alarmi-e-telecamere-retromarcia\/sistema-di-telecamere-hd-senza-fili-monitor-telecamera-con-croce-laser-verde-batteria-8000mah-888wh\/\",\"name\":\"Sistema di telecamere HD senza fili (monitor, telecamera con croce laser verde, batteria 8000mAh 88,8Wh) - Eurotin\",\"isPartOf\":{\"@id\":\"https:\/\/eurotin.si\/en\/#website\"},\"primaryImageOfPage\":{\"@id\":\"https:\/\/eurotin.si\/it\/ponudba\/elettricita-veicolo\/alarmi-e-telecamere-retromarcia\/sistema-di-telecamere-hd-senza-fili-monitor-telecamera-con-croce-laser-verde-batteria-8000mah-888wh\/#primaryimage\"},\"image\":{\"@id\":\"https:\/\/eurotin.si\/it\/ponudba\/elettricita-veicolo\/alarmi-e-telecamere-retromarcia\/sistema-di-telecamere-hd-senza-fili-monitor-telecamera-con-croce-laser-verde-batteria-8000mah-888wh\/#primaryimage\"},\"thumbnailUrl\":\"https:\/\/eurotin.si\/wp-content\/uploads\/2025\/06\/EFS-87152-slika-1.jpg\",\"datePublished\":\"2025-06-17T08:18:20+00:00\",\"dateModified\":\"2025-06-20T11:50:29+00:00\",\"breadcrumb\":{\"@id\":\"https:\/\/eurotin.si\/it\/ponudba\/elettricita-veicolo\/alarmi-e-telecamere-retromarcia\/sistema-di-telecamere-hd-senza-fili-monitor-telecamera-con-croce-laser-verde-batteria-8000mah-888wh\/#breadcrumb\"},\"inLanguage\":\"it-IT\",\"potentialAction\":[{\"@type\":\"ReadAction\",\"target\":[\"https:\/\/eurotin.si\/it\/ponudba\/elettricita-veicolo\/alarmi-e-telecamere-retromarcia\/sistema-di-telecamere-hd-senza-fili-monitor-telecamera-con-croce-laser-verde-batteria-8000mah-888wh\/\"]}]},{\"@type\":\"ImageObject\",\"inLanguage\":\"it-IT\",\"@id\":\"https:\/\/eurotin.si\/it\/ponudba\/elettricita-veicolo\/alarmi-e-telecamere-retromarcia\/sistema-di-telecamere-hd-senza-fili-monitor-telecamera-con-croce-laser-verde-batteria-8000mah-888wh\/#primaryimage\",\"url\":\"https:\/\/eurotin.si\/wp-content\/uploads\/2025\/06\/EFS-87152-slika-1.jpg\",\"contentUrl\":\"https:\/\/eurotin.si\/wp-content\/uploads\/2025\/06\/EFS-87152-slika-1.jpg\",\"width\":1020,\"height\":800},{\"@type\":\"BreadcrumbList\",\"@id\":\"https:\/\/eurotin.si\/it\/ponudba\/elettricita-veicolo\/alarmi-e-telecamere-retromarcia\/sistema-di-telecamere-hd-senza-fili-monitor-telecamera-con-croce-laser-verde-batteria-8000mah-888wh\/#breadcrumb\",\"itemListElement\":[{\"@type\":\"ListItem\",\"position\":1,\"name\":\"Home\",\"item\":\"https:\/\/eurotin.si\/it\/\"},{\"@type\":\"ListItem\",\"position\":2,\"name\":\"Trgovina\",\"item\":\"https:\/\/eurotin.si\/it\/trgovina\/\"},{\"@type\":\"ListItem\",\"position\":3,\"name\":\"Sistema di telecamere HD senza fili (monitor, telecamera con croce laser verde, batteria 8000mAh 88,8Wh)\"}]},{\"@type\":\"WebSite\",\"@id\":\"https:\/\/eurotin.si\/en\/#website\",\"url\":\"https:\/\/eurotin.si\/en\/\",\"name\":\"Eurotin\",\"description\":\"\",\"publisher\":{\"@id\":\"https:\/\/eurotin.si\/en\/#organization\"},\"potentialAction\":[{\"@type\":\"SearchAction\",\"target\":{\"@type\":\"EntryPoint\",\"urlTemplate\":\"https:\/\/eurotin.si\/en\/?s={search_term_string}\"},\"query-input\":{\"@type\":\"PropertyValueSpecification\",\"valueRequired\":true,\"valueName\":\"search_term_string\"}}],\"inLanguage\":\"it-IT\"},{\"@type\":\"Organization\",\"@id\":\"https:\/\/eurotin.si\/en\/#organization\",\"name\":\"Eurotin d.o.o.\",\"url\":\"https:\/\/eurotin.si\/en\/\",\"logo\":{\"@type\":\"ImageObject\",\"inLanguage\":\"it-IT\",\"@id\":\"https:\/\/eurotin.si\/en\/#\/schema\/logo\/image\/\",\"url\":\"https:\/\/eurotin.si\/wp-content\/uploads\/2021\/10\/logotip-Eurotin-brez-ozadja.png\",\"contentUrl\":\"https:\/\/eurotin.si\/wp-content\/uploads\/2021\/10\/logotip-Eurotin-brez-ozadja.png\",\"width\":980,\"height\":231,\"caption\":\"Eurotin d.o.o.\"},\"image\":{\"@id\":\"https:\/\/eurotin.si\/en\/#\/schema\/logo\/image\/\"}}]}<\/script>\n<!-- \/ Yoast SEO plugin. -->","yoast_head_json":{"title":"Sistema di telecamere HD senza fili (monitor, telecamera con croce laser verde, batteria 8000mAh 88,8Wh) - Eurotin","robots":{"index":"index","follow":"follow","max-snippet":"max-snippet:-1","max-image-preview":"max-image-preview:large","max-video-preview":"max-video-preview:-1"},"canonical":"https:\/\/eurotin.si\/it\/ponudba\/elettricita-veicolo\/alarmi-e-telecamere-retromarcia\/sistema-di-telecamere-hd-senza-fili-monitor-telecamera-con-croce-laser-verde-batteria-8000mah-888wh\/","og_locale":"it_IT","og_type":"article","og_title":"Sistema di telecamere HD senza fili (monitor, telecamera con croce laser verde, batteria 8000mAh 88,8Wh) - Eurotin","og_description":"Set di telecamere HD wireless con croce laser verde e alimentatore mobile. La telecamera viene posizionata vicino alla forcella del carrello elevatore e collegata alla batteria (inclusa con la capacit\u00e0 8000mAh). La croce laser verde consente un controllo ancora pi\u00f9 preciso del carrello elevatore. La connessione tra la telecamera e il monitor \u00e8 wireless e [&hellip;]","og_url":"https:\/\/eurotin.si\/it\/ponudba\/elettricita-veicolo\/alarmi-e-telecamere-retromarcia\/sistema-di-telecamere-hd-senza-fili-monitor-telecamera-con-croce-laser-verde-batteria-8000mah-888wh\/","og_site_name":"Eurotin","article_modified_time":"2025-06-20T11:50:29+00:00","og_image":[{"width":1020,"height":800,"url":"https:\/\/eurotin.si\/wp-content\/uploads\/2025\/06\/EFS-87152-slika-1.jpg","type":"image\/jpeg"}],"twitter_card":"summary_large_image","twitter_misc":{"Tempo di lettura stimato":"2 minuti"},"schema":{"@context":"https:\/\/schema.org","@graph":[{"@type":"WebPage","@id":"https:\/\/eurotin.si\/it\/ponudba\/elettricita-veicolo\/alarmi-e-telecamere-retromarcia\/sistema-di-telecamere-hd-senza-fili-monitor-telecamera-con-croce-laser-verde-batteria-8000mah-888wh\/","url":"https:\/\/eurotin.si\/it\/ponudba\/elettricita-veicolo\/alarmi-e-telecamere-retromarcia\/sistema-di-telecamere-hd-senza-fili-monitor-telecamera-con-croce-laser-verde-batteria-8000mah-888wh\/","name":"Sistema di telecamere HD senza fili (monitor, telecamera con croce laser verde, batteria 8000mAh 88,8Wh) - Eurotin","isPartOf":{"@id":"https:\/\/eurotin.si\/en\/#website"},"primaryImageOfPage":{"@id":"https:\/\/eurotin.si\/it\/ponudba\/elettricita-veicolo\/alarmi-e-telecamere-retromarcia\/sistema-di-telecamere-hd-senza-fili-monitor-telecamera-con-croce-laser-verde-batteria-8000mah-888wh\/#primaryimage"},"image":{"@id":"https:\/\/eurotin.si\/it\/ponudba\/elettricita-veicolo\/alarmi-e-telecamere-retromarcia\/sistema-di-telecamere-hd-senza-fili-monitor-telecamera-con-croce-laser-verde-batteria-8000mah-888wh\/#primaryimage"},"thumbnailUrl":"https:\/\/eurotin.si\/wp-content\/uploads\/2025\/06\/EFS-87152-slika-1.jpg","datePublished":"2025-06-17T08:18:20+00:00","dateModified":"2025-06-20T11:50:29+00:00","breadcrumb":{"@id":"https:\/\/eurotin.si\/it\/ponudba\/elettricita-veicolo\/alarmi-e-telecamere-retromarcia\/sistema-di-telecamere-hd-senza-fili-monitor-telecamera-con-croce-laser-verde-batteria-8000mah-888wh\/#breadcrumb"},"inLanguage":"it-IT","potentialAction":[{"@type":"ReadAction","target":["https:\/\/eurotin.si\/it\/ponudba\/elettricita-veicolo\/alarmi-e-telecamere-retromarcia\/sistema-di-telecamere-hd-senza-fili-monitor-telecamera-con-croce-laser-verde-batteria-8000mah-888wh\/"]}]},{"@type":"ImageObject","inLanguage":"it-IT","@id":"https:\/\/eurotin.si\/it\/ponudba\/elettricita-veicolo\/alarmi-e-telecamere-retromarcia\/sistema-di-telecamere-hd-senza-fili-monitor-telecamera-con-croce-laser-verde-batteria-8000mah-888wh\/#primaryimage","url":"https:\/\/eurotin.si\/wp-content\/uploads\/2025\/06\/EFS-87152-slika-1.jpg","contentUrl":"https:\/\/eurotin.si\/wp-content\/uploads\/2025\/06\/EFS-87152-slika-1.jpg","width":1020,"height":800},{"@type":"BreadcrumbList","@id":"https:\/\/eurotin.si\/it\/ponudba\/elettricita-veicolo\/alarmi-e-telecamere-retromarcia\/sistema-di-telecamere-hd-senza-fili-monitor-telecamera-con-croce-laser-verde-batteria-8000mah-888wh\/#breadcrumb","itemListElement":[{"@type":"ListItem","position":1,"name":"Home","item":"https:\/\/eurotin.si\/it\/"},{"@type":"ListItem","position":2,"name":"Trgovina","item":"https:\/\/eurotin.si\/it\/trgovina\/"},{"@type":"ListItem","position":3,"name":"Sistema di telecamere HD senza fili (monitor, telecamera con croce laser verde, batteria 8000mAh 88,8Wh)"}]},{"@type":"WebSite","@id":"https:\/\/eurotin.si\/en\/#website","url":"https:\/\/eurotin.si\/en\/","name":"Eurotin","description":"","publisher":{"@id":"https:\/\/eurotin.si\/en\/#organization"},"potentialAction":[{"@type":"SearchAction","target":{"@type":"EntryPoint","urlTemplate":"https:\/\/eurotin.si\/en\/?s={search_term_string}"},"query-input":{"@type":"PropertyValueSpecification","valueRequired":true,"valueName":"search_term_string"}}],"inLanguage":"it-IT"},{"@type":"Organization","@id":"https:\/\/eurotin.si\/en\/#organization","name":"Eurotin d.o.o.","url":"https:\/\/eurotin.si\/en\/","logo":{"@type":"ImageObject","inLanguage":"it-IT","@id":"https:\/\/eurotin.si\/en\/#\/schema\/logo\/image\/","url":"https:\/\/eurotin.si\/wp-content\/uploads\/2021\/10\/logotip-Eurotin-brez-ozadja.png","contentUrl":"https:\/\/eurotin.si\/wp-content\/uploads\/2021\/10\/logotip-Eurotin-brez-ozadja.png","width":980,"height":231,"caption":"Eurotin d.o.o."},"image":{"@id":"https:\/\/eurotin.si\/en\/#\/schema\/logo\/image\/"}}]}},"_links":{"self":[{"href":"https:\/\/eurotin.si\/it\/wp-json\/wp\/v2\/product\/46744"}],"collection":[{"href":"https:\/\/eurotin.si\/it\/wp-json\/wp\/v2\/product"}],"about":[{"href":"https:\/\/eurotin.si\/it\/wp-json\/wp\/v2\/types\/product"}],"wp:featuredmedia":[{"embeddable":true,"href":"https:\/\/eurotin.si\/it\/wp-json\/wp\/v2\/media\/46697"}],"wp:attachment":[{"href":"https:\/\/eurotin.si\/it\/wp-json\/wp\/v2\/media?parent=46744"}],"wp:term":[{"taxonomy":"product_cat","embeddable":true,"href":"https:\/\/eurotin.si\/it\/wp-json\/wp\/v2\/product_cat?post=46744"},{"taxonomy":"product_tag","embeddable":true,"href":"https:\/\/eurotin.si\/it\/wp-json\/wp\/v2\/product_tag?post=46744"}],"curies":[{"name":"wp","href":"https:\/\/api.w.org\/{rel}","templated":true}]}}